{"id":10117,"date":"2018-01-08T13:00:52","date_gmt":"2018-01-08T12:00:52","guid":{"rendered":"https:\/\/www.triforce-legend.com\/v6\/?page_id=10117"},"modified":"2019-09-28T15:33:56","modified_gmt":"2019-09-28T13:33:56","slug":"urban-zelda","status":"publish","type":"page","link":"https:\/\/www.triforce-legend.com\/v6\/fans\/fan-fictions\/fan-fictions-de-thetivador\/urban-zelda\/","title":{"rendered":"Urban Zelda"},"content":{"rendered":"<div class=\"fic-page\">\n<h2 class=\"fic-author\">Par TheTivador<\/h2>\n<p>&nbsp;<br \/>\n<a name=\"Chap1\"><\/a><\/p>\n<h2 class=\"fic-title\">CHAPITRE 1<br \/>\nTHE HYLIAN OUTFIT<\/h2>\n<p>Dans l&#8217;un des quartiers les plus chauds de Toal, vivait un un jeune gar\u00e7on de dix-huit ans environs. Sa seule famille \u00e9tait son oncle, le baron du cartel le plus puissant du royaume d&#8217;Hyrule. Ce gar\u00e7on se pr\u00e9nommait Link. Il \u00e9tait assez petit, pas tr\u00e8s muscl\u00e9, le regard sombre et les cheveux blonds. Les gens qui savaient qui il \u00e9tait pr\u00e9f\u00e9rait l&#8217;\u00e9viter pour ne pas s&#8217;attirer des probl\u00e8mes. Ses amis \u00e9taient principalement les gens de son quartier, sa dealeuse, et un autre personnage dont nous reparlerons plus tard (eh oui, pour le suspens voyons !). Le jour o\u00f9 commence notre r\u00e9cit justement, Link devait aller se resservir en &#8220;fournitures&#8221; aupr\u00e8s de sa meilleure amie et sexfriend qui \u00e9tait \u00e9galement sa dealeuse.<br \/>\nIl \u00e9tait 10h du matin, et Link, comme \u00e0 son habitude, avait terriblement la flemme de remuer son joli petit fessier de son grand lit douillet. Ce fut alors sa petite f\u00e9e, Taya, qui lui servit de r\u00e9veil-matin en cette douce m\u00e2tin\u00e9e :<\/p>\n<p>&#8220;Wesh Link tu fous quoi l\u00e0 putain ! R\u00e9veille-toi, il est 10h et faut qu&#8217;t&#8217;ailles faire les courses !<\/p>\n<p>&#8211; Putain fermes ta gueule Taya tu fais chier<\/p>\n<p>&#8211; Eh tu m&#8217;parles mieux qu&#8217;\u00e7a toi ! J&#8217;tra\u00eenes avec toi uniquement pour la came, rappelles toi<\/p>\n<p>&#8211; Ok, ok c&#8217;est bon j&#8217;me bouges&#8230;&#8221;<\/p>\n<p>C&#8217;est ainsi que Link se mit en route pour aller rejoindre Kasuto, qui \u00e9tait donc \u00e0 la fois sa meilleure amie, sa sexfriend, et sa dealeuse. Mais vous vous dites s\u00fbrement, il dealait quoi au juste ?<\/p>\n<p>Al-Coco, l&#8217;oncle de Link, \u00e9taitle baron du cartel le plus puissant d&#8217;Hyrule : The Hylian Outfit, qui faisait du trafique de poudre d&#8217;Hinox s\u00e9ch\u00e9e.<\/p>\n<p>Comme \u00e0 son habitude, Kasuto trainait dans une petite grotte cach\u00e9e qu&#8217;elle avait d\u00e9couvert plus jeune avec Link. Depuis c&#8217;\u00e9tait devenu leur repaire secret. Cette petite grotte \u00e9tait accessible via un petit chemin de terre partant de derri\u00e8re la maison de Link. Les deux amis en avait fait un lieu plut\u00f4t chaleureux avec tout ce qu&#8217;il fallait pour y faire un petit s\u00e9jour. Table, lit deux places, un bureau, et une armoire pour y stocker la poudre. Il y avait \u00e9galement un petit endroit am\u00e9nag\u00e9 pour pouvoir s\u00e9cher ce qui deviendra la poudre d&#8217;Hinox s\u00e9ch\u00e9e.<\/p>\n<p>&#8220;Hey, Kasuto comment \u00e7a va ? demanda Link en entrant dans la grotte.<\/p>\n<p>&#8211; \u00c7a va bien et toi ? Tu es encore en retard ! lui fit-elle remarquer.<\/p>\n<p>&#8211; Roh, tu vas pas t&#8217;y mettre toi aussi, Taya m&#8217;a d\u00e9j\u00e0 engueul\u00e9<\/p>\n<p>&#8211; Cheh, bien fait<\/p>\n<p>&#8211; Bref, t&#8217;as la came ? questionna Link pour changer de sujet.<\/p>\n<p>&#8211; Bien s\u00fbr, pendant qu&#8217;tu dors moi je taff, r\u00e9pliqua Kasuto<\/p>\n<p>&#8211; Nikel, file la moi, j&#8217;irai la revendre et puis j&#8217;reviendrai te passer ta part<\/p>\n<p>&#8211; D&#8217;acc, mais j&#8217;veux un payement d&#8217;avance, l\u00e2cha son acolyte en lui jetant un regard de braise<\/p>\n<p>&#8211; Comment \u00e7a ? r\u00e9pondit alors Link qui visiblement ne capta pas les sous-entendu de sa sexfriend&#8221;<\/p>\n<p>Kasuto, bien d\u00e9cid\u00e9e \u00e0 ne pas l\u00e2cher prise, lui saisit alors la main et l&#8217;emmena vers le lit en lui r\u00e9it\u00e9rant sa r\u00e9clamation de mani\u00e8re plus explicite. Evidemment, dit d&#8217;une telle mani\u00e8re, Link comprit enfin et ne se fit pas prier.<\/p>\n<p>Une fois leur affaire termin\u00e9e, Link prit alors la poudre et repartit chez lui pour aller v\u00e9rifier ses commandes afin de mener \u00e0 bien \u00e0 son petit business.<br \/>\n&nbsp;<br \/>\n<a name=\"Chap2\"><\/a><\/p>\n<h2 class=\"fic-title\">CHAPITRE 2<br \/>\nLA COMMANDE<\/h2>\n<p>Une fois arriv\u00e9 chez lui, Link regarda sa liste de commande pour commencer sa livraison. Parmi les clients habituels, on retrouvait des gens comme Mido, Hergo, Tingle etc&#8230; Mais il y avait \u00e9galement un nom inhabituel dans cette liste : &#8220;Soldat d&#8217;Hyrule &#8211; Owerd Suro. Livraison au Ch\u00e2teau d&#8217;Hyrule&#8221;.<\/p>\n<p>&#8220;\u00c9trange, mais pourquoi pas, se dit Link, s\u00fbrement un pauvre soldat en surmenage. Mais pas question que j&#8217;y aille seul, \u00e7a fait une trotte jusqu&#8217;au Ch\u00e2teau depuis Toal ! Je demanderai \u00e0 Ganondorf et Kasuto de m&#8217;accompagner.&#8221;<\/p>\n<p>Ganondorf \u00e9tait un bon ami de Link. Il vivait dans le m\u00eame quartier que lui et ils tra\u00eenaient ensemble depuis tout petit avec Kasuto. C&#8217;\u00e9tait un peu le trio ins\u00e9parable, toujours en train de faire des coups fourr\u00e9s ensemble. Rien de plus naturel donc pour Link que de vouloir partir faire cette commande avec ses deux amis.<\/p>\n<p>Mais avant cela il avait deux trois choses \u00e0 faire. Tout d&#8217;abord mener les commandes de la journ\u00e9e \u00e0 bien, puis aller faire son rapport \u00e0 son oncle, et enfin aller chercher Ganondorf et Kasuto pour livrer son dernier client pour la fin de semaine au maximum. Il avait donc trois jours.<br \/>\nIl demanderai \u00e0 Mido, Hergo et Tingle de les remplacer pendant son absence, ils leur devait bien \u00e7a pour toute la came qu&#8217;il leur avait fil\u00e9.<\/p>\n<p>C&#8217;est donc ce qu&#8217;il fit. Bien \u00e9videmment, les trois comparses, qui \u00e9tait eux aussi membres du cartel, accept\u00e8rent de remplacer nos trois acolytes. Mido remplacerai Kasuto, Hergo prendrait la place de Ganondorf, et Tingle celle de Link.<\/p>\n<p>Link alla ensuite comme pr\u00e9vu chez son oncle :<\/p>\n<p>&#8220;Salut Al ! s&#8217;exclama Link<\/p>\n<p>&#8211; Salut, qu&#8217;est-ce tu m&#8217;veux ? T&#8217;as un soucis avec un client ? Il veux pas payer ?<\/p>\n<p>&#8211; Non, non, je viens juste te pr\u00e9venir que je vais devoir livrer un client au Ch\u00e2teau d&#8217;Hyrule. Un certain soldat du nom de Owerd Suro. Je partirai avec Ganondorf et Kasuto. Mido, Hergo et Tingle nous remplacerons.<\/p>\n<p>&#8211; Attend, pas si vite gamin, l&#8217;arr\u00eata Al<\/p>\n<p>&#8211; Un soucis ? s&#8217;\u00e9tonna son neveu.<\/p>\n<p>&#8211; Le voyage jusqu&#8217;au Ch\u00e2teau risque d&#8217;\u00eatre dangereux. Tu vois le coffre l\u00e0-bas ? Ouvre-le et prend son contenu avec toi, lui fit-il en d\u00e9signant un joli coffre au fond de la pi\u00e8ce. C&#8217;\u00e9tait un tr\u00e8s beau coffret avec des armatures en or. Depuis qu&#8217;il \u00e9tait petit, Link l&#8217;avait toujours vu \u00e0 cette place et il avait toujours eu interdiction formelle d&#8217;y toucher.<\/p>\n<p>&#8211; V-Vraiment, je peux ? s&#8217;assura le jeune homme.<\/p>\n<p>&#8211; T&#8217;es bouch\u00e9 ou quoi ? Puisque j&#8217;te dis de l&#8217;ouvrir ! s&#8217;\u00e9cria le vieillard<\/p>\n<p>&#8211; J&#8217;me le demande souvent moi-m\u00eame&#8230; rench\u00e9rit Taya&#8221;<\/p>\n<p>Tout le monde sursauta au son de sa voix : &#8220;Bah quoi, vous m&#8217;aviez oubli\u00e9e o\u00f9 \u00e7a se passe comment ? J&#8217;vous signale que je suis toujours avec ce cr\u00e9tin. J&#8217;suis sa f\u00e9e apr\u00e8s tout&#8230; tss&#8221;<\/p>\n<p>Link se dirigea alors vers ce fameux coffre. Que pouvait-il bien contenir ? Ne pouvant plus retenir son attente, il essaya de l&#8217;ouvrir. Et&#8230; Merde&#8230; le vieux avait oubli\u00e9 de lui filer la clef !<\/p>\n<p>Une fois cette derni\u00e8re obtenue, il ouvra enfin ce sublime coffret. Il contenait une superbe \u00e9p\u00e9e, du moins aux yeux de Link. Sa lame \u00e9tait assez fine, son manche en bois sculpt\u00e9 et sa garde en esp\u00e8ce de faux-or plaqu\u00e9. On pouvait voir sur le manche les initiale du cartel d&#8217;Al Coco : T.H.O, pour The Hylian Outfit.<\/p>\n<p>&#8220;Woah, c&#8217;est vraiment pour moi ?<\/p>\n<p>&#8211; Bien s\u00fbr que c&#8217;est pour toi, \u00e7a fait un quart d&#8217;heure que j&#8217;te l&#8217;dis, t&#8217;as vraiment un soucis ! r\u00e9pliqua Al. Bon par contre, tu me la rendra une fois revenu. C&#8217;est pour que tu puisses te d\u00e9fendre sur le chemin jusqu&#8217;au Ch\u00e2teau. Pas de connerie avec hein, attention !<\/p>\n<p>&#8211; Promis le vieux ! s&#8217;exclama Link.<\/p>\n<p>&#8211; Je s&#8217;rai toi je lui ferai pas confiance Al, s&#8217;inqui\u00e9ta Taya.<\/p>\n<p>&#8211; Mais si, t&#8217;en fais pas, de toute fa\u00e7on s&#8217;il l&#8217;ab\u00eeme il me la repayera le double ! r\u00e9pondit le baron.&#8221;<\/p>\n<p>C&#8217;est ainsi que Link partit chercher ses deux comparses, arm\u00e9 de son \u00e9p\u00e9e qu&#8217;il nommera &#8220;Vorpazur&#8221; qu&#8217;il partit chercher ses acolytes.<\/p>\n<p>Tout d&#8217;abord, il alla trouver Ganondorf. Il n&#8217;\u00e9tait pas tr\u00e8s difficile \u00e0 d\u00e9busquer, il tra\u00eenait toujours aux alentours de la For\u00eat des Bois Perdus avec son ami Skull Kid. Un petit \u00eatre \u00e9trange qui semblait fait de bois et qui passait son temps \u00e0 jouer de la musique dans une sorte de corne faite en \u00e9corce d&#8217;arbre de la for\u00eat. Comme pr\u00e9vu, Link trouva son ami \u00e0 l&#8217;or\u00e9e du bois en compagnie de Skull :<\/p>\n<p>&#8221; Ah&#8230; Je te trouve enfin bro ! s&#8217;\u00e9cria Link en apercevant son ami<\/p>\n<p>&#8211; Wesh cousin ! Bien ou bien ? questionna Ganondorf<\/p>\n<p>&#8211; Tranquille et toi ?<\/p>\n<p>&#8211; \u00c7a va nikel mec, qu&#8217;est-ce qui t&#8217;am\u00e8ne ? demanda-t-il<\/p>\n<p>&#8211; J&#8217;vais devoir livrer une commande au Ch\u00e2teau d&#8217;Hyrule alors j&#8217;aurai besoin que tu m&#8217;accompagne mec. J&#8217;ram\u00e8nerai aussi Kasuto. Tu me suis ?<\/p>\n<p>&#8211; Tu peux toujours compter sur moi fr\u00e8re. T&#8217;as de la came sur toi pour le voyage au moins ?<\/p>\n<p>&#8211; Tu m&#8217;prend pour qui, bien s\u00fbr que j&#8217;en ai ! Tu me suis pour aller chercher Kasuto ? demanda Link \u00e0 son ami.<\/p>\n<p>&#8211; Ouais si tu veux, j&#8217;finis d&#8217;me def avec Skull et j&#8217;arrive. T&#8217;en veux ?<\/p>\n<p>&#8211; Allez, \u00e7a fait pas d&#8217;mal, accepta Link dans un \u00e9clat de rire.&#8221;<\/p>\n<p>Apr\u00e8s avoir sniff\u00e9 une bonne dose de poudre d&#8217;Hinox s\u00e9ch\u00e9, Link repartit en compagnie de Ganondorf et de Skull Kid qui visiblement s&#8217;\u00e9tait incrust\u00e9 sans rien dire \u00e0 personne (il n&#8217;\u00e9tait pas du genre tr\u00e8s bavard, mais n\u00e9anmoins tr\u00e8s pot-de-colle).<\/p>\n<p>Il ne restait plus qu&#8217;\u00e0 r\u00e9cup\u00e9rer Kasuto, et le groupe d&#8217;amis serait au complet pour partir en voyage jusqu&#8217;au Ch\u00e2teau d&#8217;Hyrule !<\/p>\n<p>Pendant le chemin jusqu&#8217;au repaire o\u00f9 vivait Kasuto, Link et Ganondorf pass\u00e8rent leur temps \u00e0 se rem\u00e9morer des vieux souvenirs. Presque comme deux jeunes gens normaux et absolument pas toxicos. Skull Kid quant \u00e0 lui semblait vraiment d\u00e9cid\u00e9 \u00e0 ne plus leur l\u00e2cher la grappe. Il lui arrivait m\u00eame de jouer de temps en temps de sa trompe pour attirer leur attention. Ganondorf ne se faisait alors pas prier pour lui mettre un bon coup de poing dans sa figure pour le faire taire. Link, lui, trouvait ce petit gars ma foi tr\u00e8s marrant et assez attachant alors \u00e7a ne le g\u00eanais pas tant que \u00e7a.<\/p>\n<p>Une fois arriv\u00e9 chez Kasuto, Link s&#8217;empressa de lui raconter tout. Kasuto bien s\u00fbr accepta de suite :<\/p>\n<p>&#8220;Sans probl\u00e8me mec, tu m&#8217;connais ! Et puis j&#8217;suis jamais all\u00e9 faire un tour chez les bourgeois ! s&#8217;esclaffa-t-elle&#8221;<\/p>\n<p>Apr\u00e8s s&#8217;\u00eatre \u00e0 nouveau bien d\u00e9fonc\u00e9 la gueule entre amis, le groupe se d\u00e9cida \u00e0 passer la nuit au repaire. Il partirai en route pour le Ch\u00e2teau d&#8217;Hyrule au lever du Soleil.<br \/>\n&nbsp;<br \/>\n<a name=\"Chap3\"><\/a><\/p>\n<h2 class=\"fic-title\">CHAPITRE 3<br \/>\nLES MARCHANDS<\/h2>\n<p>\u00ab Ok, alors planifions notre voyage les gars, d\u00e9clara Link \u00e0 ses acolytes.<\/p>\n<p>\u2013 Tu proposes quoi toi ? , questionna Ganondorf, qui esp\u00e9rais ainsi cacher \u00e0 ses amis son cruel manque d&#8217;orientation. Un regard amus\u00e9 de Link et Kasuto lui fit rapidement comprendre qu&#8217;ils avaient vu clair dans son jeu.<\/p>\n<p>\u2013 Eh bien le seul chemin que je vois, est de partir \u00e0 l&#8217;Est en direction de la For\u00eat Kokiri, traverser le village, puis le Bois Perdu, ce qui nous am\u00e8nerai sur la plaine d&#8217;Hyrule. De l\u00e0 il suffira de tracer tout droit en direction du ch\u00e2teau.<\/p>\n<p>\u2013 Ok&#8230; R\u00e9p\u00e9tons : For\u00eat Kokiri, Village, Bois Perdu, Plaine, Ch\u00e2teau. For\u00eat, Village, Bois, Plaine, Ch\u00e2teau, r\u00e9pondit Ganondorf qui visiblement avait peur d&#8217;oublier l&#8217;itin\u00e9raire<\/p>\n<p>\u2013 Tu t&#8217;es cru dans Dora l&#8217;Exploratrice ou quoi ? \u00bb Lan\u00e7a vivement Taya d&#8217;un air d\u00e9sesp\u00e9r\u00e9<\/p>\n<p>Tout le monde \u00e9clata de rire, \u00e0 l&#8217;exception du jeune Gerudo qui \u00e9tait tr\u00e8s mal \u00e0 l&#8217;aise, et de Skull Kid qui \u00e9tait en train de nettoyer son instrument de musique.<\/p>\n<p>\u00ab Qu&#8217;est-ce que tu fiches, demanda Kasuto \u00e0 l&#8217;intention de Skull<\/p>\n<p>\u2013 Eh bien je me pr\u00e9pare au voyage comme tu peux le voir. Un peu de musique \u00e9gaiera nos soir\u00e9es !<\/p>\n<p>\u2013 D&#8217;accord, si tu le dis&#8230; lui r\u00e9pond\u00eet la jeune femme, incertaine quant aux qualit\u00e9s de musicien de Skull Kid.<\/p>\n<p>\u2013 Bien, si tout le monde est pr\u00eat, je sugg\u00e8re qu&#8217;on commence d\u00e8s \u00e0 pr\u00e9sent notre voyage, nous n&#8217;avons pas de temps \u00e0 perdre ! Lan\u00e7a Link \u00bb<\/p>\n<p>C&#8217;est ainsi que la troupe commen\u00e7a leur long voyage en direction du Ch\u00e2teau d&#8217;Hyrule&#8230;<\/p>\n<p>Il y avait au moins 2 ou 3 jours de marche entre Toal et la For\u00eat Kokiri. Heureusement, vers la fin de la premi\u00e8re journ\u00e9e, nos &#8220;h\u00e9ros&#8221; tomb\u00e8rent sur trois pauvres marchands \u00e0 cheval&#8230;<\/p>\n<p>\u00ab Vous voyez ces bouffons l\u00e0-bas ? Ils ont des chevaux, il nous les faut ! S&#8217;\u00e9cria Kasuto<\/p>\n<p>\u2013 Ok, viens mec, on va se les faire ! Balan\u00e7a Link \u00e0 Ganondorf en ricanant \u00bb<\/p>\n<p>Link s&#8217;\u00e9lan\u00e7a alors \u00e0 toute vitesse en direction d&#8217;un bosquet pas tr\u00e8s loin des marchands, Ganondorf sur ses talons.<\/p>\n<p>\u00ab Il faut les avoir \u00e0 revers sinon il vont s&#8217;enfuir sur leur chevaux, indiqua notre h\u00e9ros vert \u00e0 son ami \u00bb. Celui-ci lui r\u00e9pond\u00eet d&#8217;un hochement de t\u00eate.<\/p>\n<p>Une fois que leur cibles furent descendues de leur monture, Link se glissa discr\u00e8tement derri\u00e8re le premier marchand et lui ass\u00e9na un coup d&#8217;estoc a travers la poitrine. Pendant ce temps, Ganondorf avait d\u00e9capit\u00e9 le second marchand. Ne manquait donc plus que le dernier pauvre homme. Sauf que&#8230; ni l&#8217;un ni l&#8217;autre n&#8217;avait pr\u00e9vu comment s&#8217;en d\u00e9barrasser. Les deux amis se regard\u00e8rent donc l&#8217;air de dire \u00ab oups \u00bb, quand soudain, le marchand tomba \u00e0 terre. Kasuto apparut derri\u00e8re lui. Elle lui avait bris\u00e9 le nuque en douce : \u00ab Que feriez vous sans moi&#8230;, l\u00e2cha-t-elle dans un soupir \u00bb.<\/p>\n<p>C&#8217;est ainsi que nos &#8220;h\u00e9ros&#8221; avaient acqu\u00e9rir leurs montures. Chacun avaient donn\u00e9 un nom \u00e0 sa b\u00eate : Kasuto appela son cheval Petit Tonnerre et Link nomma sa jument Epona. Ganondorf quant \u00e0 lui se disputait encore avec son compagnon de monture : Skull Kid. En effet, se dernier tenait \u00e9norm\u00e9ment \u00e0 l&#8217;appeler \u00ab Skullette \u00bb. Seulement, pour des raisons logiques, le jeune homme n&#8217;y tenait vraiment pas. Il pr\u00e9f\u00e9rait largement l&#8217;appeler \u00ab Marguerite \u00bb. Allez savoir lequel de ces noms est le meilleur&#8230;<\/p>\n<p>Quoi qu&#8217;il en soit, c&#8217;est ainsi que notre quatuor s&#8217;embarqua en direction de la For\u00eat Kokiri.<br \/>\n&nbsp;<br \/>\n<a name=\"Chap4\"><\/a><\/p>\n<h2 class=\"fic-title\">CHAPITRE 4<br \/>\nLA FOR\u00caT KOKIRI<\/h2>\n<p>Apr\u00e8s leurs aventures avec les marchands, nos h\u00e9ros arrivaient enfin \u00e0 la For\u00eat Kokiri. Cet endroit, c&#8217;\u00e9tait ce qui faisait office de barri\u00e8re pour acc\u00e9der au village. Il leur fallait donc la traverser pour arriver l\u00e0-bas. Mais nos h\u00e9ros n&#8217;\u00e9taient clairement pas pr\u00eat pour ce qui allait leur tomber dessus en arrivant dans la For\u00eat : amis arachnophobes, accrochez-vous&#8230;<\/p>\n<p>En effet, alors que nos h\u00e9ros furent arriv\u00e9s \u00e0 l&#8217;or\u00e9e de la for\u00eat \u00e0 dos de leur montures (Petit Tonnerre, Epona et Marguerite) une myriade d&#8217;\u00e9normes Skultulas leur tomb\u00e8rent litt\u00e9ralement dessus ! Ces derni\u00e8res attendaient \u00e9videmment leurs \u00e9ventuelles proies depuis le haut des arbres ! Ni une ni deux, nos h\u00e9ros d\u00e9gain\u00e8rent leur \u00e9p\u00e9es et se jet\u00e8rent dans la soudaine bataille, non sans un petit &#8220;PUTAIN !&#8221; de surprise.<\/p>\n<p>Link, tout d&#8217;abord, \u00e9tait dans une position assez d\u00e9licate : trois \u00e9normes skultulas lui \u00e9taient tomb\u00e9 dessus. Mais notre ami \u00e9tait fort heureusement plut\u00f4t habile \u00e0 l&#8217;\u00e9p\u00e9e. Il r\u00e9ussi \u00e0 se d\u00e9p\u00eatrer en donnant des coups de lames sur les pattes velues qui le serrait au niveau de la taille, des \u00e9paules et des jambes. Puis pour les achever, il leur ficha des coups d&#8217;estocs au niveaux de leurs yeux globuleux. &#8220;Miam, \u00e7a fera de la bonne soupe \u00e7a&#8221;, se disait-il.<\/p>\n<p>Ganondorf quant \u00e0 lui avait un handicap de taille : Skull Kid. Car en effet, ce petit malin ne savait absolument pas se battre, le Gerudo \u00e9tait donc oblig\u00e9 de se battre pour deux. Cela ne se fit pas sans dommage pour nos deux jeunes hommes. Skull Kid fut mordu par une des araign\u00e9es, et Ganondorf se brisa le bras en essayant de sauver son ami. N\u00e9anmoins Ganonforf avait tout de m\u00eame r\u00e9ussi \u00e0 chasser les skultulas.<\/p>\n<p>Pour Kasuto, l&#8217;issue paraissait bien moins joyeuse. En effet, elle avait sur elle pas moins de 4 de ces araign\u00e9es velues ! Impossible pour elle de se battre tant elle avait de skultulas sur elle. Elle r\u00e9ussit tout de m\u00eame a envoyer quelques patates dans les pattes de ces b\u00eates, mais en vain : impossible de se d\u00e9gager.<br \/>\nCe fut gr\u00e2ce \u00e0 Petit Tonnerre qu&#8217;elle r\u00e9ussit \u00e0 s&#8217;en sortir vivante ! Celui-ci pour sauver sa ma\u00eetresse fit ce qui aurait pu ressembler \u00e0 un spectacle de claquette sur le dos des Skultulas. Il envoya valser ses sabots dans tous les sens, ce fut un v\u00e9ritable carnage.<\/p>\n<p>\u00ab Punaise, quel merdier ! lan\u00e7a Link. Tout le monde va bien ?<\/p>\n<p>&#8211; Impeccable ! fit Taya, qui visiblement savait se faire discr\u00e8te. Kasuto \u00e0 l&#8217;air d&#8217;aller bien, mais j&#8217;en dirais pas autant pour &#8216;Dodorf et Skull&#8230;<\/p>\n<p>&#8211; Ne m&#8217;appelle plus jamais comme \u00e7a ! r\u00e9pondit Ganondorf dans un g\u00e9missement de douleur. Je crois que je me suis cass\u00e9 le bras&#8230; !<\/p>\n<p>&#8211; Et moi je me sens tout dr\u00f4le&#8230; J&#8217;ai la t\u00eate qui tourne&#8230; encha\u00eena Skull en rigolant de plus belle.<\/p>\n<p>&#8211; Moi \u00e7a va, mais c&#8217;\u00e9tait pas gagn\u00e9, je peux remercier Petit Tonnerre ! Je pense que tu as \u00e9t\u00e9 mordu Skull ! Le venin de Skultula est connu pour ses effets alcoolisant. Tu vas \u00eatre bourr\u00e9 pendant un petit moment, mais une fois que tu auras d\u00e9cuv\u00e9, tout ira nikel !<\/p>\n<p>&#8211; Et toi Link, tout va bien ? demanda le gerudo.<\/p>\n<p>&#8211; Ouais tranquille, tout roule. Viens l\u00e0, on va te faire un bandage \u00bb.<\/p>\n<p>Link d\u00e9chira alors un morceau de la tunique de Skull Kid (il allait tout de m\u00eame pas ab\u00eemer la sienne !) et fit un bandage \u00e0 son ami. Skull,toujours bourr\u00e9, trouva cela tr\u00e8s dr\u00f4le et continua \u00e0 d\u00e9chirer sa tunique pour essayer d&#8217;en faire un \u00e0 Kasuto, ce qui ne servait absolument \u00e0 rien \u00e9tant donn\u00e9 qu&#8217;elle n&#8217;\u00e9tait pas bless\u00e9e. De toute mani\u00e8re il ne r\u00e9ussissait m\u00eame pas \u00e0 atteindre son amie. D\u00e9\u00e7u et triste, il s&#8217;\u00e9tait finalement laiss\u00e9 tomber sur place et s&#8217;endormit l\u00e0. Ganondorf fut oblig\u00e9 de le porter pour le mettre sur Marguerite afin de continuer le p\u00e9riple.<\/p>\n<p>C&#8217;est ainsi que nos h\u00e9ros-mais-pas-trop-quand-m\u00eame s&#8217;embarqu\u00e8rent pour la suite de la travers\u00e9e de la For\u00eat Kokiri. Une bonne partie de ce voyage se fit sans encombre. Mais ce qu&#8217;ils ne savaient pas, c&#8217;\u00e9tait qu&#8217;ils allaient faire une dr\u00f4le de rencontre au coeur de la f\u00f4ret&#8230;<\/p>\n<p>&nbsp;<\/p>\n<h1 class=\"fic-end\">A suivre\u2026<\/h1>\n<\/div>\n","protected":false},"excerpt":{"rendered":"<p>Par TheTivador &nbsp; CHAPITRE 1 THE HYLIAN OUTFIT Dans l&#8217;un des quartiers les plus chauds de Toal, vivait un un jeune gar\u00e7on de dix-huit ans environs. Sa seule famille \u00e9tait son oncle, le baron du cartel le plus puissant du royaume d&#8217;Hyrule. Ce gar\u00e7on se pr\u00e9nommait Link. Il \u00e9tait assez petit, pas tr\u00e8s muscl\u00e9, le [&hellip;]<\/p>\n","protected":false},"author":1,"featured_media":0,"parent":10118,"menu_order":0,"comment_status":"closed","ping_status":"closed","template":"page-c.php","meta":{"ngg_post_thumbnail":0,"footnotes":""},"categories":[139,43],"tags":[],"class_list":["post-10117","page","type-page","status-publish","hentry","category-fan-fictions","category-fans"],"_links":{"self":[{"href":"https:\/\/www.triforce-legend.com\/v6\/wp-json\/wp\/v2\/pages\/10117","targetHints":{"allow":["GET"]}}],"collection":[{"href":"https:\/\/www.triforce-legend.com\/v6\/wp-json\/wp\/v2\/pages"}],"about":[{"href":"https:\/\/www.triforce-legend.com\/v6\/wp-json\/wp\/v2\/types\/page"}],"author":[{"embeddable":true,"href":"https:\/\/www.triforce-legend.com\/v6\/wp-json\/wp\/v2\/users\/1"}],"replies":[{"embeddable":true,"href":"https:\/\/www.triforce-legend.com\/v6\/wp-json\/wp\/v2\/comments?post=10117"}],"version-history":[{"count":0,"href":"https:\/\/www.triforce-legend.com\/v6\/wp-json\/wp\/v2\/pages\/10117\/revisions"}],"up":[{"embeddable":true,"href":"https:\/\/www.triforce-legend.com\/v6\/wp-json\/wp\/v2\/pages\/10118"}],"wp:attachment":[{"href":"https:\/\/www.triforce-legend.com\/v6\/wp-json\/wp\/v2\/media?parent=10117"}],"wp:term":[{"taxonomy":"category","embeddable":true,"href":"https:\/\/www.triforce-legend.com\/v6\/wp-json\/wp\/v2\/categories?post=10117"},{"taxonomy":"post_tag","embeddable":true,"href":"https:\/\/www.triforce-legend.com\/v6\/wp-json\/wp\/v2\/tags?post=10117"}],"curies":[{"name":"wp","href":"https:\/\/api.w.org\/{rel}","templated":true}]}}