{"id":200,"date":"2018-01-08T13:00:11","date_gmt":"2018-01-08T12:00:11","guid":{"rendered":"https:\/\/www.triforce-legend.com\/blog\/?page_id=200"},"modified":"2019-05-11T12:30:49","modified_gmt":"2019-05-11T10:30:49","slug":"fan-arts","status":"publish","type":"page","link":"https:\/\/www.triforce-legend.com\/v6\/fans\/fan-arts\/","title":{"rendered":"Fan Arts"},"content":{"rendered":"<p><img loading=\"lazy\" decoding=\"async\" class=\"size-medium alignright\" src=\"\/\/www.triforce-legend.com\/tl_v60\/images\/TLV6_FanArts.png\" width=\"285\" height=\"400\"><strong class=\"capital\">Q<\/strong>ui n&#8217;a jamais r\u00eav\u00e9 de voir un jour ses dessins publi\u00e9s sur un site. Eh bien, voici pour vous l&#8217;occasion de faire conna\u00eetre vos talents de dessinateur \u00e0 d&#8217;autres fans de Zelda sur le site de Triforce Legend. Pour cela, c&#8217;est tr\u00e8s simple, <strong><a href=\"mailto:fans@triforce-legend.com?subject=Fan Arts pour Triforce Legend\">envoyez-nous<\/a><\/strong> votre ou vos oeuvre(s) au format suivant : <strong>GIF<\/strong>, <strong>JPG<\/strong> ou <strong>PNG<\/strong>. Votre <strong>pseudo<\/strong> ou <strong>nom<\/strong> est indispensable et bien s\u00fbr, le <strong>nom de votre\/vos oeuvre(s)<\/strong>.<\/p>\n<p>Notez que le maximum de fan arts publi\u00e9s par semaine peut aller de un \u00e0 trois. Cette limite permet de faire durer plus longtemps la publication d&#8217;un artiste sur le site.<\/p>\n<div class=\"tl-fans-arts-list\">ngg_shortcode_0_placeholder<\/div>\n","protected":false},"excerpt":{"rendered":"<p>Qui n&#8217;a jamais r\u00eav\u00e9 de voir un jour ses dessins publi\u00e9s sur un site. Eh bien, voici pour vous l&#8217;occasion de faire conna\u00eetre vos talents de dessinateur \u00e0 d&#8217;autres fans de Zelda sur le site de Triforce Legend. Pour cela, c&#8217;est tr\u00e8s simple, envoyez-nous votre ou vos oeuvre(s) au format suivant : GIF, JPG ou [&hellip;]<\/p>\n","protected":false},"author":1,"featured_media":0,"parent":879,"menu_order":0,"comment_status":"closed","ping_status":"closed","template":"","meta":{"ngg_post_thumbnail":0,"footnotes":""},"categories":[43],"tags":[],"class_list":["post-200","page","type-page","status-publish","hentry","category-fans"],"_links":{"self":[{"href":"https:\/\/www.triforce-legend.com\/v6\/wp-json\/wp\/v2\/pages\/200","targetHints":{"allow":["GET"]}}],"collection":[{"href":"https:\/\/www.triforce-legend.com\/v6\/wp-json\/wp\/v2\/pages"}],"about":[{"href":"https:\/\/www.triforce-legend.com\/v6\/wp-json\/wp\/v2\/types\/page"}],"author":[{"embeddable":true,"href":"https:\/\/www.triforce-legend.com\/v6\/wp-json\/wp\/v2\/users\/1"}],"replies":[{"embeddable":true,"href":"https:\/\/www.triforce-legend.com\/v6\/wp-json\/wp\/v2\/comments?post=200"}],"version-history":[{"count":0,"href":"https:\/\/www.triforce-legend.com\/v6\/wp-json\/wp\/v2\/pages\/200\/revisions"}],"up":[{"embeddable":true,"href":"https:\/\/www.triforce-legend.com\/v6\/wp-json\/wp\/v2\/pages\/879"}],"wp:attachment":[{"href":"https:\/\/www.triforce-legend.com\/v6\/wp-json\/wp\/v2\/media?parent=200"}],"wp:term":[{"taxonomy":"category","embeddable":true,"href":"https:\/\/www.triforce-legend.com\/v6\/wp-json\/wp\/v2\/categories?post=200"},{"taxonomy":"post_tag","embeddable":true,"href":"https:\/\/www.triforce-legend.com\/v6\/wp-json\/wp\/v2\/tags?post=200"}],"curies":[{"name":"wp","href":"https:\/\/api.w.org\/{rel}","templated":true}]}}