{"id":212,"date":"2018-01-08T13:00:26","date_gmt":"2018-01-08T12:00:26","guid":{"rendered":"https:\/\/www.triforce-legend.com\/blog\/?page_id=212"},"modified":"2019-04-08T00:10:55","modified_gmt":"2019-04-07T22:10:55","slug":"fan-bandes-dessinees","status":"publish","type":"page","link":"https:\/\/www.triforce-legend.com\/v6\/fans\/fan-bandes-dessinees\/","title":{"rendered":"Fan Bandes Dessin\u00e9es"},"content":{"rendered":"<p><img loading=\"lazy\" decoding=\"async\" class=\"size-medium alignright\" src=\"\/\/www.triforce-legend.com\/tl_v60\/images\/TLV6_FanBD.png\" width=\"269\" height=\"400\"><strong class=\"capital\">V<\/strong>ous \u00eates fan des bandes dessin\u00e9es et plus particuli\u00e8rement de celles \u00e0 l&#8217;univers Zelda ? C&#8217;est ici que vous trouverez votre bonheur et si vous souhaitez en faire, puis m\u00eame la voir ici, il n&#8217;y a rien de plus simple. Envoyez vos pages \u00e0 cette <strong><a href=\"mailto:fans@triforce-legend.com?subject=Fan Bandes Dessinees pour Triforce Legend\">adresse<\/a><\/strong> dans les formats suivants : <strong>GIF<\/strong>, <strong>JPG<\/strong> ou bien <strong>PNG<\/strong>. Le <strong>pseudo<\/strong> ou <strong>nom<\/strong> est indispensable, ainsi que le nom de votre oeuvre.<\/p>\n<p>Notez que le maximum de bandes dessin\u00e9es publi\u00e9es par semaine est d&#8217;une seule. Cette limite permet de faire durer plus longtemps la publication d\u2019un artiste sur le site.<\/p>\n<div class=\"tl-fans-bds-list\">ngg_shortcode_0_placeholder<\/div>\n","protected":false},"excerpt":{"rendered":"<p>Vous \u00eates fan des bandes dessin\u00e9es et plus particuli\u00e8rement de celles \u00e0 l&#8217;univers Zelda ? C&#8217;est ici que vous trouverez votre bonheur et si vous souhaitez en faire, puis m\u00eame la voir ici, il n&#8217;y a rien de plus simple. Envoyez vos pages \u00e0 cette adresse dans les formats suivants : GIF, JPG ou bien [&hellip;]<\/p>\n","protected":false},"author":1,"featured_media":0,"parent":879,"menu_order":0,"comment_status":"closed","ping_status":"closed","template":"","meta":{"ngg_post_thumbnail":0,"footnotes":""},"categories":[43],"tags":[],"class_list":["post-212","page","type-page","status-publish","hentry","category-fans"],"_links":{"self":[{"href":"https:\/\/www.triforce-legend.com\/v6\/wp-json\/wp\/v2\/pages\/212","targetHints":{"allow":["GET"]}}],"collection":[{"href":"https:\/\/www.triforce-legend.com\/v6\/wp-json\/wp\/v2\/pages"}],"about":[{"href":"https:\/\/www.triforce-legend.com\/v6\/wp-json\/wp\/v2\/types\/page"}],"author":[{"embeddable":true,"href":"https:\/\/www.triforce-legend.com\/v6\/wp-json\/wp\/v2\/users\/1"}],"replies":[{"embeddable":true,"href":"https:\/\/www.triforce-legend.com\/v6\/wp-json\/wp\/v2\/comments?post=212"}],"version-history":[{"count":0,"href":"https:\/\/www.triforce-legend.com\/v6\/wp-json\/wp\/v2\/pages\/212\/revisions"}],"up":[{"embeddable":true,"href":"https:\/\/www.triforce-legend.com\/v6\/wp-json\/wp\/v2\/pages\/879"}],"wp:attachment":[{"href":"https:\/\/www.triforce-legend.com\/v6\/wp-json\/wp\/v2\/media?parent=212"}],"wp:term":[{"taxonomy":"category","embeddable":true,"href":"https:\/\/www.triforce-legend.com\/v6\/wp-json\/wp\/v2\/categories?post=212"},{"taxonomy":"post_tag","embeddable":true,"href":"https:\/\/www.triforce-legend.com\/v6\/wp-json\/wp\/v2\/tags?post=212"}],"curies":[{"name":"wp","href":"https:\/\/api.w.org\/{rel}","templated":true}]}}