{"id":221,"date":"2018-01-08T13:00:42","date_gmt":"2018-01-08T12:00:42","guid":{"rendered":"https:\/\/www.triforce-legend.com\/blog\/?page_id=221"},"modified":"2018-03-11T18:34:34","modified_gmt":"2018-03-11T17:34:34","slug":"betas","status":"publish","type":"page","link":"https:\/\/www.triforce-legend.com\/v6\/hacks\/betas\/","title":{"rendered":"Betas"},"content":{"rendered":"<p><strong class=\"capital\">L<\/strong>a s\u00e9rie Zelda rec\u00e8lent de nombreux secrets, qu&#8217;ils soient visibles ou non des joueurs. Ici, vous allez d\u00e9couvrir des secrets se trouvant dans les profondeurs des donn\u00e9es de chaque jeu et qui ne sont pas destin\u00e9s \u00e0 \u00eatre vus du grand public. Bien qu&#8217;ils sont invisibles sans certaines m\u00e9thodes comme le hack, ces secrets r\u00e9v\u00e8lent souvent le pass\u00e9 d&#8217;un jeu, une partie de son histoire qui m\u00e9rite d&#8217;\u00eatre connue&#8230;<\/p>\n<p>&nbsp;<\/p>\n<div class=\"tl-menu-article\"><div class=\"pt-cv-wrapper\"><div class=\"pt-cv-view pt-cv-grid pt-cv-colsys\" id=\"pt-cv-view-7491ca68w0\"><div data-id=\"pt-cv-page-1\" class=\"pt-cv-page\" data-cvc=\"3\"><div class=\"col-md-4 col-sm-6 col-xs-12 pt-cv-content-item pt-cv-1-col\" ><div class='pt-cv-ifield'><a href=\"https:\/\/www.triforce-legend.com\/v6\/hacks\/betas\/the-legend-of-zelda\/\" class=\"_self pt-cv-href-thumbnail pt-cv-thumb-default\" target=\"_self\" ><img loading=\"lazy\" decoding=\"async\" width=\"292\" height=\"300\" src=\"https:\/\/www.triforce-legend.com\/v6\/wp-content\/uploads\/2018\/03\/TLOZ_Logo-292x300.png\" class=\"pt-cv-thumbnail\" alt=\"\" srcset=\"https:\/\/www.triforce-legend.com\/v6\/wp-content\/uploads\/2018\/03\/TLOZ_Logo-292x300.png 292w, https:\/\/www.triforce-legend.com\/v6\/wp-content\/uploads\/2018\/03\/TLOZ_Logo.png 400w\" sizes=\"auto, (max-width: 292px) 100vw, 292px\" \/><\/a><\/div><\/div>\n<div class=\"col-md-4 col-sm-6 col-xs-12 pt-cv-content-item pt-cv-1-col\" ><div class='pt-cv-ifield'><a href=\"https:\/\/www.triforce-legend.com\/v6\/hacks\/betas\/the-adventure-of-link\/\" class=\"_self pt-cv-href-thumbnail pt-cv-thumb-default\" target=\"_self\" ><img loading=\"lazy\" decoding=\"async\" width=\"292\" height=\"300\" src=\"https:\/\/www.triforce-legend.com\/v6\/wp-content\/uploads\/2018\/03\/TAOL_Logo-292x300.png\" class=\"pt-cv-thumbnail\" alt=\"\" srcset=\"https:\/\/www.triforce-legend.com\/v6\/wp-content\/uploads\/2018\/03\/TAOL_Logo-292x300.png 292w, https:\/\/www.triforce-legend.com\/v6\/wp-content\/uploads\/2018\/03\/TAOL_Logo.png 400w\" sizes=\"auto, (max-width: 292px) 100vw, 292px\" \/><\/a><\/div><\/div>\n<div class=\"col-md-4 col-sm-6 col-xs-12 pt-cv-content-item pt-cv-1-col\" ><div class='pt-cv-ifield'><a href=\"https:\/\/www.triforce-legend.com\/v6\/hacks\/betas\/a-link-to-the-past\/\" class=\"_self pt-cv-href-thumbnail pt-cv-thumb-default\" target=\"_self\" ><img loading=\"lazy\" decoding=\"async\" width=\"292\" height=\"300\" src=\"https:\/\/www.triforce-legend.com\/v6\/wp-content\/uploads\/2018\/03\/ALTTP_Logo-292x300.png\" class=\"pt-cv-thumbnail\" alt=\"\" srcset=\"https:\/\/www.triforce-legend.com\/v6\/wp-content\/uploads\/2018\/03\/ALTTP_Logo-292x300.png 292w, https:\/\/www.triforce-legend.com\/v6\/wp-content\/uploads\/2018\/03\/ALTTP_Logo.png 400w\" sizes=\"auto, (max-width: 292px) 100vw, 292px\" \/><\/a><\/div><\/div>\n<div class=\"col-md-4 col-sm-6 col-xs-12 pt-cv-content-item pt-cv-1-col\" ><div class='pt-cv-ifield'><a href=\"https:\/\/www.triforce-legend.com\/v6\/hacks\/betas\/links-awakening\/\" class=\"_self pt-cv-href-thumbnail pt-cv-thumb-default\" target=\"_self\" ><img loading=\"lazy\" decoding=\"async\" width=\"292\" height=\"300\" src=\"https:\/\/www.triforce-legend.com\/v6\/wp-content\/uploads\/2018\/03\/LA_Logo-292x300.png\" class=\"pt-cv-thumbnail\" alt=\"\" srcset=\"https:\/\/www.triforce-legend.com\/v6\/wp-content\/uploads\/2018\/03\/LA_Logo-292x300.png 292w, https:\/\/www.triforce-legend.com\/v6\/wp-content\/uploads\/2018\/03\/LA_Logo.png 400w\" sizes=\"auto, (max-width: 292px) 100vw, 292px\" \/><\/a><\/div><\/div>\n<div class=\"col-md-4 col-sm-6 col-xs-12 pt-cv-content-item pt-cv-1-col\" ><div class='pt-cv-ifield'><a href=\"https:\/\/www.triforce-legend.com\/v6\/hacks\/betas\/ocarina-of-time\/\" class=\"_self pt-cv-href-thumbnail pt-cv-thumb-default\" target=\"_self\" ><img loading=\"lazy\" decoding=\"async\" width=\"292\" height=\"300\" src=\"https:\/\/www.triforce-legend.com\/v6\/wp-content\/uploads\/2018\/03\/OOT_Logo-292x300.png\" class=\"pt-cv-thumbnail\" alt=\"\" srcset=\"https:\/\/www.triforce-legend.com\/v6\/wp-content\/uploads\/2018\/03\/OOT_Logo-292x300.png 292w, https:\/\/www.triforce-legend.com\/v6\/wp-content\/uploads\/2018\/03\/OOT_Logo.png 400w\" sizes=\"auto, (max-width: 292px) 100vw, 292px\" \/><\/a><\/div><\/div>\n<div class=\"col-md-4 col-sm-6 col-xs-12 pt-cv-content-item pt-cv-1-col\" ><div class='pt-cv-ifield'><a href=\"https:\/\/www.triforce-legend.com\/v6\/hacks\/betas\/majoras-mask\/\" class=\"_self pt-cv-href-thumbnail pt-cv-thumb-default\" target=\"_self\" ><img loading=\"lazy\" decoding=\"async\" width=\"292\" height=\"300\" src=\"https:\/\/www.triforce-legend.com\/v6\/wp-content\/uploads\/2018\/03\/MM_Logo-292x300.png\" class=\"pt-cv-thumbnail\" alt=\"\" srcset=\"https:\/\/www.triforce-legend.com\/v6\/wp-content\/uploads\/2018\/03\/MM_Logo-292x300.png 292w, https:\/\/www.triforce-legend.com\/v6\/wp-content\/uploads\/2018\/03\/MM_Logo.png 400w\" sizes=\"auto, (max-width: 292px) 100vw, 292px\" \/><\/a><\/div><\/div>\n<div class=\"col-md-4 col-sm-6 col-xs-12 pt-cv-content-item pt-cv-1-col\" ><div class='pt-cv-ifield'><a href=\"https:\/\/www.triforce-legend.com\/v6\/hacks\/betas\/oracle-of-ages\/\" class=\"_self pt-cv-href-thumbnail pt-cv-thumb-default\" target=\"_self\" ><img loading=\"lazy\" decoding=\"async\" width=\"292\" height=\"300\" src=\"https:\/\/www.triforce-legend.com\/v6\/wp-content\/uploads\/2018\/03\/OOA_Logo-292x300.png\" class=\"pt-cv-thumbnail\" alt=\"\" srcset=\"https:\/\/www.triforce-legend.com\/v6\/wp-content\/uploads\/2018\/03\/OOA_Logo-292x300.png 292w, https:\/\/www.triforce-legend.com\/v6\/wp-content\/uploads\/2018\/03\/OOA_Logo.png 400w\" sizes=\"auto, (max-width: 292px) 100vw, 292px\" \/><\/a><\/div><\/div>\n<div class=\"col-md-4 col-sm-6 col-xs-12 pt-cv-content-item pt-cv-1-col\" ><div class='pt-cv-ifield'><a href=\"https:\/\/www.triforce-legend.com\/v6\/hacks\/betas\/oracle-of-seasons\/\" class=\"_self pt-cv-href-thumbnail pt-cv-thumb-default\" target=\"_self\" ><img loading=\"lazy\" decoding=\"async\" width=\"292\" height=\"300\" src=\"https:\/\/www.triforce-legend.com\/v6\/wp-content\/uploads\/2018\/03\/OOS_Logo-292x300.png\" class=\"pt-cv-thumbnail\" alt=\"\" srcset=\"https:\/\/www.triforce-legend.com\/v6\/wp-content\/uploads\/2018\/03\/OOS_Logo-292x300.png 292w, https:\/\/www.triforce-legend.com\/v6\/wp-content\/uploads\/2018\/03\/OOS_Logo.png 400w\" sizes=\"auto, (max-width: 292px) 100vw, 292px\" \/><\/a><\/div><\/div>\n<div class=\"col-md-4 col-sm-6 col-xs-12 pt-cv-content-item pt-cv-1-col\" ><div class='pt-cv-ifield'><a href=\"https:\/\/www.triforce-legend.com\/v6\/hacks\/betas\/four-swords\/\" class=\"_self pt-cv-href-thumbnail pt-cv-thumb-default\" target=\"_self\" ><img loading=\"lazy\" decoding=\"async\" width=\"292\" height=\"300\" src=\"https:\/\/www.triforce-legend.com\/v6\/wp-content\/uploads\/2018\/03\/FS_Logo-292x300.png\" class=\"pt-cv-thumbnail\" alt=\"\" srcset=\"https:\/\/www.triforce-legend.com\/v6\/wp-content\/uploads\/2018\/03\/FS_Logo-292x300.png 292w, https:\/\/www.triforce-legend.com\/v6\/wp-content\/uploads\/2018\/03\/FS_Logo.png 400w\" sizes=\"auto, (max-width: 292px) 100vw, 292px\" \/><\/a><\/div><\/div>\n<div class=\"col-md-4 col-sm-6 col-xs-12 pt-cv-content-item pt-cv-1-col\" ><div class='pt-cv-ifield'><a href=\"https:\/\/www.triforce-legend.com\/v6\/hacks\/betas\/the-wind-waker\/\" class=\"_self pt-cv-href-thumbnail pt-cv-thumb-default\" target=\"_self\" ><img loading=\"lazy\" decoding=\"async\" width=\"292\" height=\"300\" src=\"https:\/\/www.triforce-legend.com\/v6\/wp-content\/uploads\/2018\/03\/TWW_Logo-292x300.png\" class=\"pt-cv-thumbnail\" alt=\"\" srcset=\"https:\/\/www.triforce-legend.com\/v6\/wp-content\/uploads\/2018\/03\/TWW_Logo-292x300.png 292w, https:\/\/www.triforce-legend.com\/v6\/wp-content\/uploads\/2018\/03\/TWW_Logo.png 400w\" sizes=\"auto, (max-width: 292px) 100vw, 292px\" \/><\/a><\/div><\/div>\n<div class=\"col-md-4 col-sm-6 col-xs-12 pt-cv-content-item pt-cv-1-col\" ><div class='pt-cv-ifield'><a href=\"https:\/\/www.triforce-legend.com\/v6\/hacks\/betas\/four-swords-adventures\/\" class=\"_self pt-cv-href-thumbnail pt-cv-thumb-default\" target=\"_self\" ><img loading=\"lazy\" decoding=\"async\" width=\"292\" height=\"300\" src=\"https:\/\/www.triforce-legend.com\/v6\/wp-content\/uploads\/2018\/03\/FSA_Logo-292x300.png\" class=\"pt-cv-thumbnail\" alt=\"\" srcset=\"https:\/\/www.triforce-legend.com\/v6\/wp-content\/uploads\/2018\/03\/FSA_Logo-292x300.png 292w, https:\/\/www.triforce-legend.com\/v6\/wp-content\/uploads\/2018\/03\/FSA_Logo.png 400w\" sizes=\"auto, (max-width: 292px) 100vw, 292px\" \/><\/a><\/div><\/div>\n<div class=\"col-md-4 col-sm-6 col-xs-12 pt-cv-content-item pt-cv-1-col\" ><div class='pt-cv-ifield'><a href=\"https:\/\/www.triforce-legend.com\/v6\/hacks\/betas\/the-minish-cap\/\" class=\"_self pt-cv-href-thumbnail pt-cv-thumb-default\" target=\"_self\" ><img loading=\"lazy\" decoding=\"async\" width=\"292\" height=\"300\" src=\"https:\/\/www.triforce-legend.com\/v6\/wp-content\/uploads\/2018\/03\/TMC_Logo-292x300.png\" class=\"pt-cv-thumbnail\" alt=\"\" srcset=\"https:\/\/www.triforce-legend.com\/v6\/wp-content\/uploads\/2018\/03\/TMC_Logo-292x300.png 292w, https:\/\/www.triforce-legend.com\/v6\/wp-content\/uploads\/2018\/03\/TMC_Logo.png 400w\" sizes=\"auto, (max-width: 292px) 100vw, 292px\" \/><\/a><\/div><\/div>\n<div class=\"col-md-4 col-sm-6 col-xs-12 pt-cv-content-item pt-cv-1-col\" ><div class='pt-cv-ifield'><a href=\"https:\/\/www.triforce-legend.com\/v6\/hacks\/betas\/twilight-princess\/\" class=\"_self pt-cv-href-thumbnail pt-cv-thumb-default\" target=\"_self\" ><img loading=\"lazy\" decoding=\"async\" width=\"292\" height=\"300\" src=\"https:\/\/www.triforce-legend.com\/v6\/wp-content\/uploads\/2018\/03\/TP_Logo-292x300.png\" class=\"pt-cv-thumbnail\" alt=\"\" srcset=\"https:\/\/www.triforce-legend.com\/v6\/wp-content\/uploads\/2018\/03\/TP_Logo-292x300.png 292w, https:\/\/www.triforce-legend.com\/v6\/wp-content\/uploads\/2018\/03\/TP_Logo.png 400w\" sizes=\"auto, (max-width: 292px) 100vw, 292px\" \/><\/a><\/div><\/div>\n<div class=\"col-md-4 col-sm-6 col-xs-12 pt-cv-content-item pt-cv-1-col\" ><div class='pt-cv-ifield'><a href=\"https:\/\/www.triforce-legend.com\/v6\/hacks\/betas\/phantom-hourglass\/\" class=\"_self pt-cv-href-thumbnail pt-cv-thumb-default\" target=\"_self\" ><img loading=\"lazy\" decoding=\"async\" width=\"292\" height=\"300\" src=\"https:\/\/www.triforce-legend.com\/v6\/wp-content\/uploads\/2018\/03\/PH_Logo-292x300.png\" class=\"pt-cv-thumbnail\" alt=\"\" srcset=\"https:\/\/www.triforce-legend.com\/v6\/wp-content\/uploads\/2018\/03\/PH_Logo-292x300.png 292w, https:\/\/www.triforce-legend.com\/v6\/wp-content\/uploads\/2018\/03\/PH_Logo.png 400w\" sizes=\"auto, (max-width: 292px) 100vw, 292px\" \/><\/a><\/div><\/div>\n<div class=\"col-md-4 col-sm-6 col-xs-12 pt-cv-content-item pt-cv-1-col\" ><div class='pt-cv-ifield'><a href=\"https:\/\/www.triforce-legend.com\/v6\/hacks\/betas\/spirit-tracks\/\" class=\"_self pt-cv-href-thumbnail pt-cv-thumb-default\" target=\"_self\" ><img loading=\"lazy\" decoding=\"async\" width=\"292\" height=\"300\" src=\"https:\/\/www.triforce-legend.com\/v6\/wp-content\/uploads\/2018\/03\/ST_Logo-292x300.png\" class=\"pt-cv-thumbnail\" alt=\"\" srcset=\"https:\/\/www.triforce-legend.com\/v6\/wp-content\/uploads\/2018\/03\/ST_Logo-292x300.png 292w, https:\/\/www.triforce-legend.com\/v6\/wp-content\/uploads\/2018\/03\/ST_Logo.png 400w\" sizes=\"auto, (max-width: 292px) 100vw, 292px\" \/><\/a><\/div><\/div>\n<div class=\"col-md-4 col-sm-6 col-xs-12 pt-cv-content-item pt-cv-1-col\" ><div class='pt-cv-ifield'><a href=\"https:\/\/www.triforce-legend.com\/v6\/hacks\/betas\/skyward-sword\/\" class=\"_self pt-cv-href-thumbnail pt-cv-thumb-default\" target=\"_self\" ><img loading=\"lazy\" decoding=\"async\" width=\"292\" height=\"300\" src=\"https:\/\/www.triforce-legend.com\/v6\/wp-content\/uploads\/2018\/03\/SS_Logo-292x300.png\" class=\"pt-cv-thumbnail\" alt=\"\" srcset=\"https:\/\/www.triforce-legend.com\/v6\/wp-content\/uploads\/2018\/03\/SS_Logo-292x300.png 292w, https:\/\/www.triforce-legend.com\/v6\/wp-content\/uploads\/2018\/03\/SS_Logo.png 400w\" sizes=\"auto, (max-width: 292px) 100vw, 292px\" \/><\/a><\/div><\/div>\n<div class=\"col-md-4 col-sm-6 col-xs-12 pt-cv-content-item pt-cv-1-col\" ><div class='pt-cv-ifield'><a href=\"https:\/\/www.triforce-legend.com\/v6\/hacks\/betas\/a-link-between-worlds\/\" class=\"_self pt-cv-href-thumbnail pt-cv-thumb-default\" target=\"_self\" ><img loading=\"lazy\" decoding=\"async\" width=\"292\" height=\"300\" src=\"https:\/\/www.triforce-legend.com\/v6\/wp-content\/uploads\/2018\/03\/ALBW_Logo-292x300.png\" class=\"pt-cv-thumbnail\" alt=\"\" srcset=\"https:\/\/www.triforce-legend.com\/v6\/wp-content\/uploads\/2018\/03\/ALBW_Logo-292x300.png 292w, https:\/\/www.triforce-legend.com\/v6\/wp-content\/uploads\/2018\/03\/ALBW_Logo.png 400w\" sizes=\"auto, (max-width: 292px) 100vw, 292px\" \/><\/a><\/div><\/div>\n<div class=\"col-md-4 col-sm-6 col-xs-12 pt-cv-content-item pt-cv-1-col\" ><div class='pt-cv-ifield'><a href=\"https:\/\/www.triforce-legend.com\/v6\/hacks\/betas\/tri-force-heroes\/\" class=\"_self pt-cv-href-thumbnail pt-cv-thumb-default\" target=\"_self\" ><img loading=\"lazy\" decoding=\"async\" width=\"292\" height=\"300\" src=\"https:\/\/www.triforce-legend.com\/v6\/wp-content\/uploads\/2018\/03\/TFH_Logo-292x300.png\" class=\"pt-cv-thumbnail\" alt=\"\" srcset=\"https:\/\/www.triforce-legend.com\/v6\/wp-content\/uploads\/2018\/03\/TFH_Logo-292x300.png 292w, https:\/\/www.triforce-legend.com\/v6\/wp-content\/uploads\/2018\/03\/TFH_Logo.png 400w\" sizes=\"auto, (max-width: 292px) 100vw, 292px\" \/><\/a><\/div><\/div>\n<div class=\"col-md-4 col-sm-6 col-xs-12 pt-cv-content-item pt-cv-1-col\" ><div class='pt-cv-ifield'><a href=\"https:\/\/www.triforce-legend.com\/v6\/hacks\/betas\/breath-of-the-wild\/\" class=\"_self pt-cv-href-thumbnail pt-cv-thumb-default\" target=\"_self\" ><img loading=\"lazy\" decoding=\"async\" width=\"292\" height=\"300\" src=\"https:\/\/www.triforce-legend.com\/v6\/wp-content\/uploads\/2018\/03\/BOTW_Logo-292x300.png\" class=\"pt-cv-thumbnail\" alt=\"\" srcset=\"https:\/\/www.triforce-legend.com\/v6\/wp-content\/uploads\/2018\/03\/BOTW_Logo-292x300.png 292w, https:\/\/www.triforce-legend.com\/v6\/wp-content\/uploads\/2018\/03\/BOTW_Logo.png 400w\" sizes=\"auto, (max-width: 292px) 100vw, 292px\" \/><\/a><\/div><\/div><\/div><\/div><\/div><\/div>\n","protected":false},"excerpt":{"rendered":"<p>La s\u00e9rie Zelda rec\u00e8lent de nombreux secrets, qu&#8217;ils soient visibles ou non des joueurs. Ici, vous allez d\u00e9couvrir des secrets se trouvant dans les profondeurs des donn\u00e9es de chaque jeu et qui ne sont pas destin\u00e9s \u00e0 \u00eatre vus du grand public. Bien qu&#8217;ils sont invisibles sans certaines m\u00e9thodes comme le hack, ces secrets r\u00e9v\u00e8lent [&hellip;]<\/p>\n","protected":false},"author":1,"featured_media":0,"parent":881,"menu_order":0,"comment_status":"closed","ping_status":"closed","template":"","meta":{"ngg_post_thumbnail":0,"footnotes":""},"categories":[],"tags":[],"class_list":["post-221","page","type-page","status-publish","hentry"],"_links":{"self":[{"href":"https:\/\/www.triforce-legend.com\/v6\/wp-json\/wp\/v2\/pages\/221","targetHints":{"allow":["GET"]}}],"collection":[{"href":"https:\/\/www.triforce-legend.com\/v6\/wp-json\/wp\/v2\/pages"}],"about":[{"href":"https:\/\/www.triforce-legend.com\/v6\/wp-json\/wp\/v2\/types\/page"}],"author":[{"embeddable":true,"href":"https:\/\/www.triforce-legend.com\/v6\/wp-json\/wp\/v2\/users\/1"}],"replies":[{"embeddable":true,"href":"https:\/\/www.triforce-legend.com\/v6\/wp-json\/wp\/v2\/comments?post=221"}],"version-history":[{"count":0,"href":"https:\/\/www.triforce-legend.com\/v6\/wp-json\/wp\/v2\/pages\/221\/revisions"}],"up":[{"embeddable":true,"href":"https:\/\/www.triforce-legend.com\/v6\/wp-json\/wp\/v2\/pages\/881"}],"wp:attachment":[{"href":"https:\/\/www.triforce-legend.com\/v6\/wp-json\/wp\/v2\/media?parent=221"}],"wp:term":[{"taxonomy":"category","embeddable":true,"href":"https:\/\/www.triforce-legend.com\/v6\/wp-json\/wp\/v2\/categories?post=221"},{"taxonomy":"post_tag","embeddable":true,"href":"https:\/\/www.triforce-legend.com\/v6\/wp-json\/wp\/v2\/tags?post=221"}],"curies":[{"name":"wp","href":"https:\/\/api.w.org\/{rel}","templated":true}]}}