{"id":230,"date":"2018-01-08T13:00:16","date_gmt":"2018-01-08T12:00:16","guid":{"rendered":"https:\/\/www.triforce-legend.com\/blog\/?page_id=230"},"modified":"2018-03-16T14:52:18","modified_gmt":"2018-03-16T13:52:18","slug":"bandes-dessinees-tl","status":"publish","type":"page","link":"https:\/\/www.triforce-legend.com\/v6\/site\/univers-de-tl\/bandes-dessinees-tl\/","title":{"rendered":"Bandes Dessin\u00e9es"},"content":{"rendered":"<p><strong class=\"capital\">L<\/strong>a vie de groupe sur Triforce Legend est pour le moins agit\u00e9e&#8230; Si vous pensez que l&#8217;\u00e9quipe qui s&#8217;occupe de ce site est s\u00e9rieuse, vous vous trompez totalement ! Avec \u00e0 sa t\u00eate Crottou (Dark Linka\u00ebl) <del>la victime<\/del> euh&#8230; le webmaster de Triforce Legend, les membres de l&#8217;\u00e9quipe prennent de grandes libert\u00e9s, voir un peu trop par moment&#8230; M\u00eame Kasuto la mascotte du site ne sait pas se tenir tranquille dans certaines situations. D\u00e9couvrez leurs vies \u00e0 travers des bandes dessin\u00e9es \u00e0 l&#8217;humour tr\u00e8s made in Triforce Legend !<\/p>\n<p>&nbsp;<\/p>\nngg_shortcode_0_placeholder\n","protected":false},"excerpt":{"rendered":"<p>La vie de groupe sur Triforce Legend est pour le moins agit\u00e9e&#8230; Si vous pensez que l&#8217;\u00e9quipe qui s&#8217;occupe de ce site est s\u00e9rieuse, vous vous trompez totalement ! Avec \u00e0 sa t\u00eate Crottou (Dark Linka\u00ebl) la victime euh&#8230; le webmaster de Triforce Legend, les membres de l&#8217;\u00e9quipe prennent de grandes libert\u00e9s, voir un peu [&hellip;]<\/p>\n","protected":false},"author":1,"featured_media":0,"parent":887,"menu_order":0,"comment_status":"closed","ping_status":"closed","template":"","meta":{"ngg_post_thumbnail":0,"footnotes":""},"categories":[47,91],"tags":[],"class_list":["post-230","page","type-page","status-publish","hentry","category-site","category-univers-de-tl"],"_links":{"self":[{"href":"https:\/\/www.triforce-legend.com\/v6\/wp-json\/wp\/v2\/pages\/230","targetHints":{"allow":["GET"]}}],"collection":[{"href":"https:\/\/www.triforce-legend.com\/v6\/wp-json\/wp\/v2\/pages"}],"about":[{"href":"https:\/\/www.triforce-legend.com\/v6\/wp-json\/wp\/v2\/types\/page"}],"author":[{"embeddable":true,"href":"https:\/\/www.triforce-legend.com\/v6\/wp-json\/wp\/v2\/users\/1"}],"replies":[{"embeddable":true,"href":"https:\/\/www.triforce-legend.com\/v6\/wp-json\/wp\/v2\/comments?post=230"}],"version-history":[{"count":0,"href":"https:\/\/www.triforce-legend.com\/v6\/wp-json\/wp\/v2\/pages\/230\/revisions"}],"up":[{"embeddable":true,"href":"https:\/\/www.triforce-legend.com\/v6\/wp-json\/wp\/v2\/pages\/887"}],"wp:attachment":[{"href":"https:\/\/www.triforce-legend.com\/v6\/wp-json\/wp\/v2\/media?parent=230"}],"wp:term":[{"taxonomy":"category","embeddable":true,"href":"https:\/\/www.triforce-legend.com\/v6\/wp-json\/wp\/v2\/categories?post=230"},{"taxonomy":"post_tag","embeddable":true,"href":"https:\/\/www.triforce-legend.com\/v6\/wp-json\/wp\/v2\/tags?post=230"}],"curies":[{"name":"wp","href":"https:\/\/api.w.org\/{rel}","templated":true}]}}