{"id":5757,"date":"2018-01-08T13:00:36","date_gmt":"2018-01-08T12:00:36","guid":{"rendered":"https:\/\/www.triforce-legend.com\/blog\/?page_id=5757"},"modified":"2019-01-21T13:34:22","modified_gmt":"2019-01-21T12:34:22","slug":"contact","status":"publish","type":"page","link":"https:\/\/www.triforce-legend.com\/v6\/site\/contact\/","title":{"rendered":"Contact"},"content":{"rendered":"<p><strong class=\"capital\">V<\/strong>ous \u00eates sur la page o\u00f9 vous pouvez entrer en contact avec des membres importants de l&#8217;\u00e9quipe de Triforce Legend via un formulaire qu&#8217;il vous faudra compl\u00e9ter.<\/p>\n<p>Votre demande ne doit concerner que l&#8217;un des crit\u00e8res suivant :<\/p>\n<ul>\n<li><strong>Recrutement<\/strong><\/li>\n<li><strong>Proposer un article (100% de vous)<\/strong><\/li>\n<li><strong>Signaler un bug, une erreur, un lien mort ou une image manquante sur le site<\/strong><\/li>\n<li><strong>Avoir trouv\u00e9 une ou plusieurs fautes d&#8217;orthographe<\/strong><\/li>\n<li><strong>Partenariat (Site ou cha\u00eene vid\u00e9o)<\/strong><\/li>\n<\/ul>\n<p>Toutes autres demandes en dehors de ces crit\u00e8res ne seront pas prises en compte, sauf si le sujet est d&#8217;une grande importance. Et si vous insistez, Kasuto la mascotte de Triforce Legend ira vous chercher avec d\u00e9termination pour vous donner des coups avec son b\u00e2ton de combat f\u00e9tiche !<\/p>\n<p>En ce qui concerne le recrutement et le poste que vous souhaitez obtenir, vous devez respectez certains crit\u00e8res que vous trouverez en <a href=\"#recrutement\">bas de cette page<\/a>.<br \/>\n<a id=\"formulaire\"><\/a><\/p>\n<div class=\"tl-contact\">\n<div class=\"wpcf7 no-js\" id=\"wpcf7-f7259-o1\" lang=\"fr-FR\" dir=\"ltr\" data-wpcf7-id=\"7259\">\n<div class=\"screen-reader-response\"><p role=\"status\" aria-live=\"polite\" aria-atomic=\"true\"><\/p> <ul><\/ul><\/div>\n<form action=\"\/v6\/wp-json\/wp\/v2\/pages\/5757#wpcf7-f7259-o1\" method=\"post\" class=\"wpcf7-form init cf7-style cf7-style-7288\" aria-label=\"Formulaire de contact\" novalidate=\"novalidate\" data-status=\"init\">\n<fieldset class=\"hidden-fields-container\"><input type=\"hidden\" name=\"_wpcf7\" value=\"7259\" \/><input type=\"hidden\" name=\"_wpcf7_version\" value=\"6.1.5\" \/><input type=\"hidden\" name=\"_wpcf7_locale\" value=\"fr_FR\" \/><input type=\"hidden\" name=\"_wpcf7_unit_tag\" value=\"wpcf7-f7259-o1\" \/><input type=\"hidden\" name=\"_wpcf7_container_post\" value=\"0\" \/><input type=\"hidden\" name=\"_wpcf7_posted_data_hash\" value=\"\" \/>\n<\/fieldset>\n<p><label> Votre pseudo ou nom<br \/>\n<span class=\"wpcf7-form-control-wrap\" data-name=\"your-name\"><input size=\"40\" maxlength=\"400\" class=\"wpcf7-form-control wpcf7-text wpcf7-validates-as-required\" aria-required=\"true\" aria-invalid=\"false\" value=\"\" type=\"text\" name=\"your-name\" \/><\/span> <\/label>\n<\/p>\n<p><label> Votre adresse de messagerie<br \/>\n<span class=\"wpcf7-form-control-wrap\" data-name=\"your-email\"><input size=\"40\" maxlength=\"400\" class=\"wpcf7-form-control wpcf7-email wpcf7-validates-as-required wpcf7-text wpcf7-validates-as-email\" aria-required=\"true\" aria-invalid=\"false\" value=\"\" type=\"email\" name=\"your-email\" \/><\/span> <\/label>\n<\/p>\n<p><label> Objet<br \/>\n<span class=\"wpcf7-form-control-wrap\" data-name=\"your-subject\"><input size=\"40\" maxlength=\"400\" class=\"wpcf7-form-control wpcf7-text\" aria-invalid=\"false\" value=\"\" type=\"text\" name=\"your-subject\" \/><\/span> <\/label>\n<\/p>\n<p><label> Votre message<br \/>\n<span class=\"wpcf7-form-control-wrap\" data-name=\"your-message\"><textarea cols=\"40\" rows=\"10\" maxlength=\"2000\" class=\"wpcf7-form-control wpcf7-textarea\" aria-invalid=\"false\" name=\"your-message\"><\/textarea><\/span> <\/label>\n<\/p>\n<p><span class=\"wpcf7-form-control-wrap\" data-name=\"quiz-877\"><label><span class=\"wpcf7-quiz-label\">En quelle ann\u00e9e est sorti The Legend of Zelda premier du nom ?<\/span> <input size=\"40\" class=\"wpcf7-form-control wpcf7-quiz\" autocomplete=\"off\" aria-required=\"true\" aria-invalid=\"false\" type=\"text\" name=\"quiz-877\" \/><\/label><input type=\"hidden\" name=\"_wpcf7_quiz_answer_quiz-877\" value=\"b3d16a503207fc9289f6d614c1adbe11\" \/><\/span>\n<\/p>\n<p><input class=\"wpcf7-form-control wpcf7-submit has-spinner\" type=\"submit\" value=\"Envoyer\" \/>\n<\/p><div class=\"wpcf7-response-output\" aria-hidden=\"true\"><\/div>\n<\/form>\n<\/div>\n<\/div>\n<p><img loading=\"lazy\" decoding=\"async\" class=\"link-contact size-medium alignnone\" src=\"\/\/www.triforce-legend.com\/tl_v60\/images\/TLV6_LinkContact.png\" height=\"164\" width=\"120\"><br \/>\n<a id=\"recrutement\"><\/a><\/p>\n<h1><span style=\"color: #008000;\"><em><strong>Rejoindre l&#8217;\u00e9quipe de Triforce Legend<br \/>\n<\/strong><\/em><\/span><\/h1>\n<p><strong class=\"capital\">T<\/strong>riforce Legend est ouvert \u00e0 de l&#8217;aide ext\u00e9rieure pour certains cas, mais la pr\u00e9f\u00e9rence reste d&#8217;accueillir des nouveaux venus au sein de l&#8217;\u00e9quipe afin de garder un rythme r\u00e9gulier dans l&#8217;activit\u00e9 du site, mais aussi de pr\u00e9server l&#8217;ambiance familiale qui r\u00e8gne. Si vous souhaitez int\u00e9grer l&#8217;\u00e9quipe et obtenir un poste qui vous int\u00e9resse, veuillez lire les conditions ci-dessous :<\/p>\n<p>&nbsp;<\/p>\n<h3><span style=\"color: #ff0000;\"><em><strong>R\u00e9dacteur \/ R\u00e9dactrice<br \/>\n<\/strong><\/em><\/span><\/h3>\n<p>C&#8217;est le poste le plus important sur Triforce Legend et aussi celui o\u00f9 le nombre de place est le plus large. Pour ce poste, il suffit d&#8217;\u00e9crire des articles sur des sujets que vous avez envie et ayant \u00e9videmment un lien avec la s\u00e9rie The Legend of Zelda. Contrairement \u00e0 ce qui se faisait sur le site avant la version 6 (2003 \u00e0 2017), il n&#8217;est plus utile de faire des rubriques\/solutions sur chaque Zelda, ce domaine n&#8217;est plus pris en compte sur la nouvelle formule de Triforce Legend. Vous avez donc plus de libert\u00e9 sur votre travail. Pour obtenir ce poste, il y a quelques r\u00e8gles \u00e0 suivre :<\/p>\n<ul>\n<li><strong>La limite d&#8217;age minimum est de 14 ans<\/strong><\/li>\n<li><strong>De bonnes capacit\u00e9s r\u00e9dactionnelles et orthographiques sont requises<\/strong><\/li>\n<li><strong>La connaissance de la saga Zelda est n\u00e9cessaire, mais pas \u00e0 100%<\/strong><\/li>\n<\/ul>\n<p>Si vous avez peur de faire des fautes d&#8217;orthographe, vous pouvez toujours vous faire corriger par l&#8217;un de vos proches. Cela \u00e9vitera aux correcteurs d&#8217;avoir un peu de trop de travail, ce n&#8217;est pas un r\u00f4le tr\u00e8s amusant par moment bien que n\u00e9cessaire pour la qualit\u00e9 du contenu de Triforce Legend.<\/p>\n<p>Petit d\u00e9tail, avant d&#8217;int\u00e9grer r\u00e9ellement l&#8217;\u00e9quipe, vous aurez droit \u00e0 un petit test, histoire de jauger votre niveau.<\/p>\n<p>&nbsp;<\/p>\n<h3><span style=\"color: #ff0000;\"><em><strong>Newseur \/ Newseuse<\/strong><\/em><\/span><\/h3>\n<p>Ce poste est disponible en assez grand nombre, mais demande d&#8217;\u00eatre un minimum pr\u00e9sent pour surveiller l&#8217;actualit\u00e9 de notre saga favorite. Il y a \u00e9galement l&#8217;actualit\u00e9 de Triforce Legend, m\u00eame si la surveillance est beaucoup moins importante \u00e9videmment. Quant aux news &#8220;Fan&#8217;s Day&#8221;, seuls les artistes de l&#8217;\u00e9quipe s&#8217;en chargent. Pour obtenir ce poste, il y a quelques r\u00e8gles \u00e0 suivre :<\/p>\n<ul>\n<li><strong>La limite d&#8217;age minimum est de 14 ans<\/strong><\/li>\n<li><strong>De bonnes capacit\u00e9s r\u00e9dactionnelles et un bon niveau en orthographe sont requis<\/strong><\/li>\n<li><strong>Se tenir au fil de l&#8217;actualit\u00e9 Zelda dans des domaines vari\u00e9s<\/strong><\/li>\n<li><strong>Une bonne connaissance de la saga Zelda est \u00e9videmment un plus non n\u00e9gligeable<\/strong><\/li>\n<\/ul>\n<p>Essayez de faire le moins de fautes d&#8217;orthographe possible, car les news sont une partie tr\u00e8s visible du site et particuli\u00e8rement regard\u00e9 par les visiteurs. Si vous avez des doutes sur votre texte, faites-vous aider par un proche ou par un membre de l&#8217;\u00e9quipe sachant faire la correction.<\/p>\n<p>Petit d\u00e9tail, avant d&#8217;int\u00e9grer r\u00e9ellement l&#8217;\u00e9quipe, vous aurez droit \u00e0 un petit test, histoire de jauger votre niveau.<\/p>\n<p>&nbsp;<\/p>\n<h3><span style=\"color: #ff0000;\"><em><strong>Correcteur \/ Correctrice<\/strong><\/em><\/span><\/h3>\n<p>C&#8217;est quelque chose de tr\u00e8s important sur Triforce Legend, car la correction de fautes d&#8217;orthographe \u00e0 n&#8217;importe quel endroit du site permet de donner un contenu de qualit\u00e9 et tr\u00e8s appr\u00e9ciable pour les visiteurs. Si vous \u00eates \u00e0 l&#8217;aise dans ce r\u00f4le, nous serons \u00e9videmment tr\u00e8s heureux de vous accueillir dans l&#8217;\u00e9quipe.<\/p>\n<ul>\n<li><strong>La limite d&#8217;age minimum est de 16 ans<\/strong><\/li>\n<li><strong>Un tr\u00e8s fort niveau en orthographe est requis<\/strong><\/li>\n<li><strong>Pas d&#8217;obligation d&#8217;\u00eatre un grand fan de la s\u00e9rie Zelda<\/strong><\/li>\n<\/ul>\n<p>Un conseil pour la correction, il arrive souvent que des fautes passent au travers apr\u00e8s une premi\u00e8re tentative. Essayez donc de relire une deuxi\u00e8me fois, voir m\u00eame une troisi\u00e8me pour r\u00e9duire au maximum les risques de pr\u00e9sence de petites fautes d&#8217;orthographe. Vous n&#8217;\u00eates pas oblig\u00e9 de le faire \u00e0 la suite, prenez une pause si vous le souhaitez avant de recommencer la correction. L&#8217;important c&#8217;est un travail propre et pr\u00eat \u00e0 \u00eatre vu par les visiteurs du site.<\/p>\n<p>&nbsp;<\/p>\n<h3><span style=\"color: #ff0000;\"><em><strong>Dessinateur \/ Dessinatrice<\/strong><\/em><\/span><\/h3>\n<p>L&#8217;une des particularit\u00e9s de Triforce Legend depuis de tr\u00e8s nombreuses ann\u00e9es, c&#8217;est le domaine du dessin. Si la partie r\u00e9daction est tr\u00e8s importante pour la qualit\u00e9 et le contenu du site, la partie artistique est tout aussi importante et refl\u00e9tant l&#8217;esprit de Triforce Legend. Pour ce poste qui n&#8217;a pas r\u00e9ellement de limite en nombre de place disponible, il faut savoir dessiner et avoir un esprit cr\u00e9atif pour proposer des bandes dessin\u00e9es, des strips ou bien encore des fan arts destin\u00e9s au site. Pour obtenir ce poste, il y a quelques r\u00e8gles \u00e0 suivre :<\/p>\n<ul>\n<li><strong>Savoir bien dessiner<\/strong><\/li>\n<li><strong>Avoir une bonne maitrise des logiciels, poss\u00e9der une tablette graphique est un plus<\/strong><\/li>\n<li><strong>Si le cas ci-dessus pose probl\u00e8me, il est possible de faire du traditionnel<\/strong><\/li>\n<li><strong>Participer aux Fan&#8217;s Day en proposant des bandes dessin\u00e9es et des strips<\/strong><\/li>\n<\/ul>\n<p>La pr\u00e9f\u00e9rence de Triforce Legend est qu&#8217;un artiste sache utiliser des logiciels pour retoucher ses dessins, mais elle n&#8217;est pas obligatoire du moment que la maitrise en dessin est de tr\u00e8s bonne qualit\u00e9.<\/p>\n<p>Petit d\u00e9tail, contrairement aux autres postes, il n&#8217;y a pas de petit test \u00e0 suivre pour int\u00e9grer l&#8217;\u00e9quipe, sauf si vous n&#8217;avez pas montr\u00e9 votre talent quelque part sur internet.<\/p>\n<p>&nbsp;<\/p>\n<p style=\"text-align: center;\"><strong><a href=\"#formulaire\">Retour au formulaire de contact<\/a><\/strong><\/p>\n","protected":false},"excerpt":{"rendered":"<p>Vous \u00eates sur la page o\u00f9 vous pouvez entrer en contact avec des membres importants de l&#8217;\u00e9quipe de Triforce Legend via un formulaire qu&#8217;il vous faudra compl\u00e9ter. Votre demande ne doit concerner que l&#8217;un des crit\u00e8res suivant : Recrutement Proposer un article (100% de vous) Signaler un bug, une erreur, un lien mort ou une [&hellip;]<\/p>\n","protected":false},"author":1,"featured_media":0,"parent":877,"menu_order":0,"comment_status":"closed","ping_status":"closed","template":"","meta":{"ngg_post_thumbnail":0,"footnotes":""},"categories":[],"tags":[],"class_list":["post-5757","page","type-page","status-publish","hentry"],"_links":{"self":[{"href":"https:\/\/www.triforce-legend.com\/v6\/wp-json\/wp\/v2\/pages\/5757","targetHints":{"allow":["GET"]}}],"collection":[{"href":"https:\/\/www.triforce-legend.com\/v6\/wp-json\/wp\/v2\/pages"}],"about":[{"href":"https:\/\/www.triforce-legend.com\/v6\/wp-json\/wp\/v2\/types\/page"}],"author":[{"embeddable":true,"href":"https:\/\/www.triforce-legend.com\/v6\/wp-json\/wp\/v2\/users\/1"}],"replies":[{"embeddable":true,"href":"https:\/\/www.triforce-legend.com\/v6\/wp-json\/wp\/v2\/comments?post=5757"}],"version-history":[{"count":0,"href":"https:\/\/www.triforce-legend.com\/v6\/wp-json\/wp\/v2\/pages\/5757\/revisions"}],"up":[{"embeddable":true,"href":"https:\/\/www.triforce-legend.com\/v6\/wp-json\/wp\/v2\/pages\/877"}],"wp:attachment":[{"href":"https:\/\/www.triforce-legend.com\/v6\/wp-json\/wp\/v2\/media?parent=5757"}],"wp:term":[{"taxonomy":"category","embeddable":true,"href":"https:\/\/www.triforce-legend.com\/v6\/wp-json\/wp\/v2\/categories?post=5757"},{"taxonomy":"post_tag","embeddable":true,"href":"https:\/\/www.triforce-legend.com\/v6\/wp-json\/wp\/v2\/tags?post=5757"}],"curies":[{"name":"wp","href":"https:\/\/api.w.org\/{rel}","templated":true}]}}