{"id":6574,"date":"2018-01-08T13:00:09","date_gmt":"2018-01-08T12:00:09","guid":{"rendered":"https:\/\/www.triforce-legend.com\/blog\/?page_id=6574"},"modified":"2019-03-20T14:33:20","modified_gmt":"2019-03-20T13:33:20","slug":"fan-fictions-de-tetra-la-pirate","status":"publish","type":"page","link":"https:\/\/www.triforce-legend.com\/v6\/fans\/fan-fictions\/fan-fictions-de-tetra-la-pirate\/","title":{"rendered":"Fan Fictions de Tetra la pirate"},"content":{"rendered":"<div class=\"fic-menu\">\n<p><a name=\"Fic1\"><\/a><\/p>\n<h2 class=\"fic-menu-title\">L&#8217;Ange de la Destin\u00e9e<\/h2>\n<p>Chapitre 1 &#8211; <a href=\"\/\/www.triforce-legend.com\/v6\/fans\/fan-fictions\/fan-fictions-de-tetra-la-pirate\/lange-de-la-destinee\/\">La Rencontre<\/a><br \/>\nChapitre 2 &#8211; <a href=\"\/\/www.triforce-legend.com\/v6\/fans\/fan-fictions\/fan-fictions-de-tetra-la-pirate\/lange-de-la-destinee\/#Chap2\">Derri\u00e8re le masque<\/a><br \/>\nChapitre 3 &#8211; <a href=\"\/\/www.triforce-legend.com\/v6\/fans\/fan-fictions\/fan-fictions-de-tetra-la-pirate\/lange-de-la-destinee\/#Chap3\">Shiina la sacrifi\u00e9e<\/a><br \/>\nChapitre 4 &#8211; <a href=\"\/\/www.triforce-legend.com\/v6\/fans\/fan-fictions\/fan-fictions-de-tetra-la-pirate\/lange-de-la-destinee\/#Chap4\">Petite balade \u00e0 Hyrule<\/a><br \/>\nChapitre 5 &#8211; <a href=\"\/\/www.triforce-legend.com\/v6\/fans\/fan-fictions\/fan-fictions-de-tetra-la-pirate\/lange-de-la-destinee\/#Chap5\">Journ\u00e9e au Ranch Lon Lon<\/a><br \/>\nChapitre 6 &#8211; <a href=\"\/\/www.triforce-legend.com\/v6\/fans\/fan-fictions\/fan-fictions-de-tetra-la-pirate\/lange-de-la-destinee\/#Chap6\">Vague d&#8217;ombre<\/a><br \/>\nChapitre 7 &#8211; <a href=\"\/\/www.triforce-legend.com\/v6\/fans\/fan-fictions\/fan-fictions-de-tetra-la-pirate\/lange-de-la-destinee\/#Chap7\">La louve en larme<\/a><br \/>\nChapitre 8 &#8211; <a href=\"\/\/www.triforce-legend.com\/v6\/fans\/fan-fictions\/fan-fictions-de-tetra-la-pirate\/lange-de-la-destinee\/#Chap8\">R\u00e9surrection<\/a><br \/>\nChapitre 9 &#8211; <a href=\"\/\/www.triforce-legend.com\/v6\/fans\/fan-fictions\/fan-fictions-de-tetra-la-pirate\/lange-de-la-destinee\/#Chap9\">Retour \u00e0 Bourg-Clocher<\/a><br \/>\nChapitre 10 &#8211; <a href=\"\/\/www.triforce-legend.com\/v6\/fans\/fan-fictions\/fan-fictions-de-tetra-la-pirate\/lange-de-la-destinee\/#Chap10\">Une nuit de plus<\/a><br \/>\nChapitre 11 &#8211; <a href=\"\/\/www.triforce-legend.com\/v6\/fans\/fan-fictions\/fan-fictions-de-tetra-la-pirate\/lange-de-la-destinee\/#Chap11\">Un quiproquo<\/a><br \/>\nChapitre 12 &#8211; <a href=\"\/\/www.triforce-legend.com\/v6\/fans\/fan-fictions\/fan-fictions-de-tetra-la-pirate\/lange-de-la-destinee\/#Chap12\">Retour au pays<\/a><br \/>\nChapitre 13 &#8211; <a href=\"\/\/www.triforce-legend.com\/v6\/fans\/fan-fictions\/fan-fictions-de-tetra-la-pirate\/lange-de-la-destinee\/#Chap13\">Pluie de reproche<\/a><br \/>\nChapitre 14 &#8211; <a href=\"\/\/www.triforce-legend.com\/v6\/fans\/fan-fictions\/fan-fictions-de-tetra-la-pirate\/lange-de-la-destinee\/#Chap14\">Souffrance<\/a><br \/>\nChapitre 15 &#8211; <a href=\"\/\/www.triforce-legend.com\/v6\/fans\/fan-fictions\/fan-fictions-de-tetra-la-pirate\/lange-de-la-destinee\/#Chap15\">R\u00e9veil guerrier + bonus &#8220;Regrets&#8221;<\/a><br \/>\nChapitre 16 &#8211; <a href=\"\/\/www.triforce-legend.com\/v6\/fans\/fan-fictions\/fan-fictions-de-tetra-la-pirate\/lange-de-la-destinee\/#Chap16\">L&#8217;Ange de la Destin\u00e9e<\/a><br \/>\nChapitre 17 &#8211; <a href=\"\/\/www.triforce-legend.com\/v6\/fans\/fan-fictions\/fan-fictions-de-tetra-la-pirate\/lange-de-la-destinee\/#Chap17\">L\u00e9gende Sheikah, suite<\/a><br \/>\nChapitre 18 &#8211; <a href=\"\/\/www.triforce-legend.com\/v6\/fans\/fan-fictions\/fan-fictions-de-tetra-la-pirate\/lange-de-la-destinee\/#Chap18\">Baiser(s)<\/a><br \/>\nChapitre 19 &#8211; <a href=\"\/\/www.triforce-legend.com\/v6\/fans\/fan-fictions\/fan-fictions-de-tetra-la-pirate\/lange-de-la-destinee\/#Chap19\">Une passion \u00e9ternelle<\/a><\/p>\n<\/div>\n","protected":false},"excerpt":{"rendered":"<p>L&#8217;Ange de la Destin\u00e9e Chapitre 1 &#8211; La Rencontre Chapitre 2 &#8211; Derri\u00e8re le masque Chapitre 3 &#8211; Shiina la sacrifi\u00e9e Chapitre 4 &#8211; Petite balade \u00e0 Hyrule Chapitre 5 &#8211; Journ\u00e9e au Ranch Lon Lon Chapitre 6 &#8211; Vague d&#8217;ombre Chapitre 7 &#8211; La louve en larme Chapitre 8 &#8211; R\u00e9surrection Chapitre 9 &#8211; [&hellip;]<\/p>\n","protected":false},"author":1,"featured_media":0,"parent":203,"menu_order":0,"comment_status":"closed","ping_status":"closed","template":"","meta":{"ngg_post_thumbnail":0,"footnotes":""},"categories":[139,43],"tags":[],"class_list":["post-6574","page","type-page","status-publish","hentry","category-fan-fictions","category-fans"],"_links":{"self":[{"href":"https:\/\/www.triforce-legend.com\/v6\/wp-json\/wp\/v2\/pages\/6574","targetHints":{"allow":["GET"]}}],"collection":[{"href":"https:\/\/www.triforce-legend.com\/v6\/wp-json\/wp\/v2\/pages"}],"about":[{"href":"https:\/\/www.triforce-legend.com\/v6\/wp-json\/wp\/v2\/types\/page"}],"author":[{"embeddable":true,"href":"https:\/\/www.triforce-legend.com\/v6\/wp-json\/wp\/v2\/users\/1"}],"replies":[{"embeddable":true,"href":"https:\/\/www.triforce-legend.com\/v6\/wp-json\/wp\/v2\/comments?post=6574"}],"version-history":[{"count":0,"href":"https:\/\/www.triforce-legend.com\/v6\/wp-json\/wp\/v2\/pages\/6574\/revisions"}],"up":[{"embeddable":true,"href":"https:\/\/www.triforce-legend.com\/v6\/wp-json\/wp\/v2\/pages\/203"}],"wp:attachment":[{"href":"https:\/\/www.triforce-legend.com\/v6\/wp-json\/wp\/v2\/media?parent=6574"}],"wp:term":[{"taxonomy":"category","embeddable":true,"href":"https:\/\/www.triforce-legend.com\/v6\/wp-json\/wp\/v2\/categories?post=6574"},{"taxonomy":"post_tag","embeddable":true,"href":"https:\/\/www.triforce-legend.com\/v6\/wp-json\/wp\/v2\/tags?post=6574"}],"curies":[{"name":"wp","href":"https:\/\/api.w.org\/{rel}","templated":true}]}}