{"id":6664,"date":"2018-01-08T13:00:03","date_gmt":"2018-01-08T12:00:03","guid":{"rendered":"https:\/\/www.triforce-legend.com\/blog\/?page_id=6664"},"modified":"2019-03-20T14:01:52","modified_gmt":"2019-03-20T13:01:52","slug":"passe-du-site","status":"publish","type":"page","link":"https:\/\/www.triforce-legend.com\/v6\/site\/passe-du-site\/","title":{"rendered":"Pass\u00e9 du site"},"content":{"rendered":"<div class=\"tl-menu-table\">\n<h1 class=\"tl-menu-title\"><a href=\"\/\/www.triforce-legend.com\/v6\/historique-du-site\/\">Historique du site<\/a><\/h1>\n<p>Voici l&#8217;histoire compl\u00e8te de Triforce Legend entre ses d\u00e9buts en 2002 et maintenant.<\/p>\n<\/div>\n<div class=\"tl-menu-table\">\n<h1 class=\"tl-menu-title\"><a href=\"\/\/www.triforce-legend.com\/v6\/site\/passe-du-site\/versions-du-site\/\">Versions du site<\/a><\/h1>\n<p>Triforce Legend aime garder ses pr\u00e9c\u00e9dentes versions dans un coin. D\u00e9couvrez-les !<\/p>\n<\/div>\n<div class=\"tl-menu-table\">\n<h1 class=\"tl-menu-title\"><a href=\"\/\/www.triforce-legend.com\/v6\/recompenses\/\">R\u00e9compenses<\/a><\/h1>\n<p>Dans son existence, Triforce Legend a eu quelques r\u00e9compenses individuelles donnant de la motivation \u00e0 ceux qui travaillent sur le site.<\/p>\n<\/div>\n<div class=\"tl-menu-table\">\n<h1 class=\"tl-menu-title\"><a href=\"\/\/www.triforce-legend.com\/v6\/site\/passe-du-site\/splashs-du-site\/\">Splashs du site<\/a><\/h1>\n<p>Par le pass\u00e9, Triforce Legend avait une page d&#8217;accueil sous forme de splash o\u00f9 plusieurs jolis dessins ont \u00e9t\u00e9s exhib\u00e9s.<\/p>\n<\/div>\n<div class=\"tl-menu-table\">\n<h1 class=\"tl-menu-title\"><a href=\"\/\/www.triforce-legend.com\/v6\/site\/passe-du-site\/anniversaires\/\">Anniversaires<\/a><\/h1>\n<p>Dans cette zone du site, vous retrouvez des cadeaux destin\u00e9s \u00e0 Triforce Legend.<\/p>\n<\/div>\n<div class=\"tl-menu-table\">\n<h1 class=\"tl-menu-title\"><a href=\"\/\/www.triforce-legend.com\/v6\/site\/passe-du-site\/anciennes-news\/\">Anciennes news<\/a><\/h1>\n<p>Toutes les news de Triforce Legend entre D\u00e9cembre 2003 et nos jours.<\/p>\n<\/div>\n","protected":false},"excerpt":{"rendered":"<p>Historique du site Voici l&#8217;histoire compl\u00e8te de Triforce Legend entre ses d\u00e9buts en 2002 et maintenant. Versions du site Triforce Legend aime garder ses pr\u00e9c\u00e9dentes versions dans un coin. D\u00e9couvrez-les ! R\u00e9compenses Dans son existence, Triforce Legend a eu quelques r\u00e9compenses individuelles donnant de la motivation \u00e0 ceux qui travaillent sur le site. Splashs du [&hellip;]<\/p>\n","protected":false},"author":1,"featured_media":0,"parent":877,"menu_order":0,"comment_status":"closed","ping_status":"closed","template":"","meta":{"ngg_post_thumbnail":0,"footnotes":""},"categories":[42],"tags":[],"class_list":["post-6664","page","type-page","status-publish","hentry","category-zone"],"_links":{"self":[{"href":"https:\/\/www.triforce-legend.com\/v6\/wp-json\/wp\/v2\/pages\/6664","targetHints":{"allow":["GET"]}}],"collection":[{"href":"https:\/\/www.triforce-legend.com\/v6\/wp-json\/wp\/v2\/pages"}],"about":[{"href":"https:\/\/www.triforce-legend.com\/v6\/wp-json\/wp\/v2\/types\/page"}],"author":[{"embeddable":true,"href":"https:\/\/www.triforce-legend.com\/v6\/wp-json\/wp\/v2\/users\/1"}],"replies":[{"embeddable":true,"href":"https:\/\/www.triforce-legend.com\/v6\/wp-json\/wp\/v2\/comments?post=6664"}],"version-history":[{"count":0,"href":"https:\/\/www.triforce-legend.com\/v6\/wp-json\/wp\/v2\/pages\/6664\/revisions"}],"up":[{"embeddable":true,"href":"https:\/\/www.triforce-legend.com\/v6\/wp-json\/wp\/v2\/pages\/877"}],"wp:attachment":[{"href":"https:\/\/www.triforce-legend.com\/v6\/wp-json\/wp\/v2\/media?parent=6664"}],"wp:term":[{"taxonomy":"category","embeddable":true,"href":"https:\/\/www.triforce-legend.com\/v6\/wp-json\/wp\/v2\/categories?post=6664"},{"taxonomy":"post_tag","embeddable":true,"href":"https:\/\/www.triforce-legend.com\/v6\/wp-json\/wp\/v2\/tags?post=6664"}],"curies":[{"name":"wp","href":"https:\/\/api.w.org\/{rel}","templated":true}]}}