{"id":6966,"date":"2018-01-08T13:00:45","date_gmt":"2018-01-08T12:00:45","guid":{"rendered":"https:\/\/www.triforce-legend.com\/blog\/?page_id=6966"},"modified":"2019-03-20T14:08:03","modified_gmt":"2019-03-20T13:08:03","slug":"anniversaires","status":"publish","type":"page","link":"https:\/\/www.triforce-legend.com\/v6\/site\/passe-du-site\/anniversaires\/","title":{"rendered":"Anniversaires"},"content":{"rendered":"<p><strong class=\"capital\">P<\/strong>endant des anniversaires de Triforce Legend, il arrive que des membres de l&#8217;\u00e9quipe, voir de simples visiteurs offrent des petits cadeaux sous diverses formes.<\/p>\n<p>Cliquez sur une ann\u00e9e pour voir des cadeaux de l&#8217;\u00e9poque.<\/p>\n<p>&nbsp;<\/p>\n<h1 style=\"text-align: center;\"><em><strong><a href=\"\/\/www.triforce-legend.com\/v6\/site\/passe-du-site\/anniversaires\/anniversaire-de-2009\/\" rel=\"noopener\">2009<\/a><\/strong><\/em><em><strong> \u2013 <\/strong><\/em><em><strong><a href=\"\/\/www.triforce-legend.com\/v6\/site\/passe-du-site\/anniversaires\/anniversaire-de-2013\/\" rel=\"noopener\">2013<\/a><\/strong><\/em><\/h1>\n","protected":false},"excerpt":{"rendered":"<p>Pendant des anniversaires de Triforce Legend, il arrive que des membres de l&#8217;\u00e9quipe, voir de simples visiteurs offrent des petits cadeaux sous diverses formes. Cliquez sur une ann\u00e9e pour voir des cadeaux de l&#8217;\u00e9poque. &nbsp; 2009 \u2013 2013<\/p>\n","protected":false},"author":1,"featured_media":0,"parent":6664,"menu_order":0,"comment_status":"closed","ping_status":"closed","template":"","meta":{"ngg_post_thumbnail":0,"footnotes":""},"categories":[90,47],"tags":[],"class_list":["post-6966","page","type-page","status-publish","hentry","category-passe-du-site","category-site"],"_links":{"self":[{"href":"https:\/\/www.triforce-legend.com\/v6\/wp-json\/wp\/v2\/pages\/6966","targetHints":{"allow":["GET"]}}],"collection":[{"href":"https:\/\/www.triforce-legend.com\/v6\/wp-json\/wp\/v2\/pages"}],"about":[{"href":"https:\/\/www.triforce-legend.com\/v6\/wp-json\/wp\/v2\/types\/page"}],"author":[{"embeddable":true,"href":"https:\/\/www.triforce-legend.com\/v6\/wp-json\/wp\/v2\/users\/1"}],"replies":[{"embeddable":true,"href":"https:\/\/www.triforce-legend.com\/v6\/wp-json\/wp\/v2\/comments?post=6966"}],"version-history":[{"count":0,"href":"https:\/\/www.triforce-legend.com\/v6\/wp-json\/wp\/v2\/pages\/6966\/revisions"}],"up":[{"embeddable":true,"href":"https:\/\/www.triforce-legend.com\/v6\/wp-json\/wp\/v2\/pages\/6664"}],"wp:attachment":[{"href":"https:\/\/www.triforce-legend.com\/v6\/wp-json\/wp\/v2\/media?parent=6966"}],"wp:term":[{"taxonomy":"category","embeddable":true,"href":"https:\/\/www.triforce-legend.com\/v6\/wp-json\/wp\/v2\/categories?post=6966"},{"taxonomy":"post_tag","embeddable":true,"href":"https:\/\/www.triforce-legend.com\/v6\/wp-json\/wp\/v2\/tags?post=6966"}],"curies":[{"name":"wp","href":"https:\/\/api.w.org\/{rel}","templated":true}]}}