{"id":7456,"date":"2018-01-08T13:00:00","date_gmt":"2018-01-08T12:00:00","guid":{"rendered":"https:\/\/www.triforce-legend.com\/blog\/?page_id=7456"},"modified":"2018-03-09T22:24:45","modified_gmt":"2018-03-09T21:24:45","slug":"a-link-to-the-past","status":"publish","type":"page","link":"https:\/\/www.triforce-legend.com\/v6\/hacks\/betas\/a-link-to-the-past\/","title":{"rendered":"A Link to the Past"},"content":{"rendered":"<div class=\"tl-menu-article\"><div class=\"pt-cv-wrapper\"><div class=\"pt-cv-view pt-cv-grid pt-cv-colsys\" id=\"pt-cv-view-134308f72o\"><div data-id=\"pt-cv-page-1\" class=\"pt-cv-page\" data-cvc=\"2\"><div class=\"col-md-6 col-sm-6 col-xs-12 pt-cv-content-item pt-cv-1-col\" ><div class='pt-cv-ifield'><a href=\"https:\/\/www.triforce-legend.com\/v6\/alttp-la-salle-de-chris-houlihan\/\" class=\"_self pt-cv-href-thumbnail pt-cv-thumb-default\" target=\"_self\" ><img loading=\"lazy\" decoding=\"async\" width=\"256\" height=\"180\" src=\"https:\/\/www.triforce-legend.com\/v6\/wp-content\/uploads\/2003\/07\/ALTTP_Houlihan2-256x180.png\" class=\"pt-cv-thumbnail\" alt=\"\" \/><\/a>\n<h4 class=\"pt-cv-title\"><a href=\"https:\/\/www.triforce-legend.com\/v6\/alttp-la-salle-de-chris-houlihan\/\" class=\"_self\" target=\"_self\" >ALTTP &#8211; La salle de Chris Houlihan<\/a><\/h4>\n<div class=\"pt-cv-content\">Voici sans doute le plus grand secret de toute la s\u00e9rie des Zelda, il s'agit de la fameuse salle de ...<br \/><div class=\"pt-cv-rmwrap\"><a href=\"https:\/\/www.triforce-legend.com\/v6\/alttp-la-salle-de-chris-houlihan\/\" class=\"_self pt-cv-readmore btn btn-success\" target=\"_self\">Lire la suite\u2026<\/a><\/div><\/div><\/div><\/div>\n<div class=\"col-md-6 col-sm-6 col-xs-12 pt-cv-content-item pt-cv-1-col\" ><div class='pt-cv-ifield'><a href=\"https:\/\/www.triforce-legend.com\/v6\/alttp-les-endroits-inutilises\/\" class=\"_self pt-cv-href-thumbnail pt-cv-thumb-default\" target=\"_self\" ><img loading=\"lazy\" decoding=\"async\" width=\"280\" height=\"180\" src=\"https:\/\/www.triforce-legend.com\/v6\/wp-content\/uploads\/2019\/04\/ALTTP_Salles_27AD1F-280x180.png\" class=\"pt-cv-thumbnail\" alt=\"\" \/><\/a>\n<h4 class=\"pt-cv-title\"><a href=\"https:\/\/www.triforce-legend.com\/v6\/alttp-les-endroits-inutilises\/\" class=\"_self\" target=\"_self\" >ALTTP &#8211; Les endroits inutilis\u00e9s<\/a><\/h4>\n<div class=\"pt-cv-content\">A Link to the Past contient un endroit inutilis\u00e9 devenu tr\u00e8s c\u00e9l\u00e8bre avec les ann\u00e9es, il s'agit de la salle ...<br \/><div class=\"pt-cv-rmwrap\"><a href=\"https:\/\/www.triforce-legend.com\/v6\/alttp-les-endroits-inutilises\/\" class=\"_self pt-cv-readmore btn btn-success\" target=\"_self\">Lire la suite\u2026<\/a><\/div><\/div><\/div><\/div><\/div><\/div><\/div><\/div>\n","protected":false},"excerpt":{"rendered":"","protected":false},"author":1,"featured_media":7599,"parent":221,"menu_order":0,"comment_status":"closed","ping_status":"closed","template":"","meta":{"ngg_post_thumbnail":0,"footnotes":""},"categories":[],"tags":[],"class_list":["post-7456","page","type-page","status-publish","has-post-thumbnail","hentry"],"_links":{"self":[{"href":"https:\/\/www.triforce-legend.com\/v6\/wp-json\/wp\/v2\/pages\/7456","targetHints":{"allow":["GET"]}}],"collection":[{"href":"https:\/\/www.triforce-legend.com\/v6\/wp-json\/wp\/v2\/pages"}],"about":[{"href":"https:\/\/www.triforce-legend.com\/v6\/wp-json\/wp\/v2\/types\/page"}],"author":[{"embeddable":true,"href":"https:\/\/www.triforce-legend.com\/v6\/wp-json\/wp\/v2\/users\/1"}],"replies":[{"embeddable":true,"href":"https:\/\/www.triforce-legend.com\/v6\/wp-json\/wp\/v2\/comments?post=7456"}],"version-history":[{"count":0,"href":"https:\/\/www.triforce-legend.com\/v6\/wp-json\/wp\/v2\/pages\/7456\/revisions"}],"up":[{"embeddable":true,"href":"https:\/\/www.triforce-legend.com\/v6\/wp-json\/wp\/v2\/pages\/221"}],"wp:featuredmedia":[{"embeddable":true,"href":"https:\/\/www.triforce-legend.com\/v6\/wp-json\/wp\/v2\/media\/7599"}],"wp:attachment":[{"href":"https:\/\/www.triforce-legend.com\/v6\/wp-json\/wp\/v2\/media?parent=7456"}],"wp:term":[{"taxonomy":"category","embeddable":true,"href":"https:\/\/www.triforce-legend.com\/v6\/wp-json\/wp\/v2\/categories?post=7456"},{"taxonomy":"post_tag","embeddable":true,"href":"https:\/\/www.triforce-legend.com\/v6\/wp-json\/wp\/v2\/tags?post=7456"}],"curies":[{"name":"wp","href":"https:\/\/api.w.org\/{rel}","templated":true}]}}