{"id":7460,"date":"2018-01-08T13:00:00","date_gmt":"2018-01-08T12:00:00","guid":{"rendered":"https:\/\/www.triforce-legend.com\/blog\/?page_id=7460"},"modified":"2018-03-09T22:28:32","modified_gmt":"2018-03-09T21:28:32","slug":"ocarina-of-time","status":"publish","type":"page","link":"https:\/\/www.triforce-legend.com\/v6\/hacks\/betas\/ocarina-of-time\/","title":{"rendered":"Ocarina of Time"},"content":{"rendered":"<div class=\"tl-menu-article\"><div class=\"pt-cv-wrapper\"><div class=\"pt-cv-view pt-cv-grid pt-cv-colsys\" id=\"pt-cv-view-2118207kuy\"><div data-id=\"pt-cv-page-1\" class=\"pt-cv-page\" data-cvc=\"2\"><div class=\"col-md-6 col-sm-6 col-xs-12 pt-cv-content-item pt-cv-1-col\" ><div class='pt-cv-ifield'><a href=\"https:\/\/www.triforce-legend.com\/v6\/oot-la-beta-quest\/\" class=\"_self pt-cv-href-thumbnail pt-cv-thumb-default\" target=\"_self\" ><img loading=\"lazy\" decoding=\"async\" width=\"280\" height=\"180\" src=\"https:\/\/www.triforce-legend.com\/v6\/wp-content\/uploads\/2003\/08\/OOT_BetaQuest3-280x180.png\" class=\"pt-cv-thumbnail\" alt=\"\" \/><\/a>\n<h4 class=\"pt-cv-title\"><a href=\"https:\/\/www.triforce-legend.com\/v6\/oot-la-beta-quest\/\" class=\"_self\" target=\"_self\" >OOT &#8211; La Beta Quest<\/a><\/h4>\n<div class=\"pt-cv-content\">Bien avant la Debug Rom d\u00e9voil\u00e9e en 2006, il y avait la Beta Quest d'Ocarina of Time... D\u00e9couvrez, l'une des ...<br \/><div class=\"pt-cv-rmwrap\"><a href=\"https:\/\/www.triforce-legend.com\/v6\/oot-la-beta-quest\/\" class=\"_self pt-cv-readmore btn btn-success\" target=\"_self\">Lire la suite\u2026<\/a><\/div><\/div><\/div><\/div>\n<div class=\"col-md-6 col-sm-6 col-xs-12 pt-cv-content-item pt-cv-1-col\" ><div class='pt-cv-ifield'><a href=\"https:\/\/www.triforce-legend.com\/v6\/oot-les-salles-qui-precedent-un-boss\/\" class=\"_self pt-cv-href-thumbnail pt-cv-thumb-default\" target=\"_self\" ><img loading=\"lazy\" decoding=\"async\" width=\"280\" height=\"180\" src=\"https:\/\/www.triforce-legend.com\/v6\/wp-content\/uploads\/2014\/02\/OOT_PreBoss26-280x180.png\" class=\"pt-cv-thumbnail\" alt=\"\" \/><\/a>\n<h4 class=\"pt-cv-title\"><a href=\"https:\/\/www.triforce-legend.com\/v6\/oot-les-salles-qui-precedent-un-boss\/\" class=\"_self\" target=\"_self\" >OOT &#8211; Les salles qui pr\u00e9c\u00e8dent un boss<\/a><\/h4>\n<div class=\"pt-cv-content\">Dans Ocarina of Time, chaque salle de boss est ferm\u00e9e par une grande porte. Une fois de l'autre c\u00f4t\u00e9 de ...<br \/><div class=\"pt-cv-rmwrap\"><a href=\"https:\/\/www.triforce-legend.com\/v6\/oot-les-salles-qui-precedent-un-boss\/\" class=\"_self pt-cv-readmore btn btn-success\" target=\"_self\">Lire la suite\u2026<\/a><\/div><\/div><\/div><\/div><\/div><\/div><\/div><\/div>\n","protected":false},"excerpt":{"rendered":"","protected":false},"author":1,"featured_media":7601,"parent":221,"menu_order":0,"comment_status":"closed","ping_status":"closed","template":"","meta":{"ngg_post_thumbnail":0,"footnotes":""},"categories":[],"tags":[],"class_list":["post-7460","page","type-page","status-publish","has-post-thumbnail","hentry"],"_links":{"self":[{"href":"https:\/\/www.triforce-legend.com\/v6\/wp-json\/wp\/v2\/pages\/7460","targetHints":{"allow":["GET"]}}],"collection":[{"href":"https:\/\/www.triforce-legend.com\/v6\/wp-json\/wp\/v2\/pages"}],"about":[{"href":"https:\/\/www.triforce-legend.com\/v6\/wp-json\/wp\/v2\/types\/page"}],"author":[{"embeddable":true,"href":"https:\/\/www.triforce-legend.com\/v6\/wp-json\/wp\/v2\/users\/1"}],"replies":[{"embeddable":true,"href":"https:\/\/www.triforce-legend.com\/v6\/wp-json\/wp\/v2\/comments?post=7460"}],"version-history":[{"count":0,"href":"https:\/\/www.triforce-legend.com\/v6\/wp-json\/wp\/v2\/pages\/7460\/revisions"}],"up":[{"embeddable":true,"href":"https:\/\/www.triforce-legend.com\/v6\/wp-json\/wp\/v2\/pages\/221"}],"wp:featuredmedia":[{"embeddable":true,"href":"https:\/\/www.triforce-legend.com\/v6\/wp-json\/wp\/v2\/media\/7601"}],"wp:attachment":[{"href":"https:\/\/www.triforce-legend.com\/v6\/wp-json\/wp\/v2\/media?parent=7460"}],"wp:term":[{"taxonomy":"category","embeddable":true,"href":"https:\/\/www.triforce-legend.com\/v6\/wp-json\/wp\/v2\/categories?post=7460"},{"taxonomy":"post_tag","embeddable":true,"href":"https:\/\/www.triforce-legend.com\/v6\/wp-json\/wp\/v2\/tags?post=7460"}],"curies":[{"name":"wp","href":"https:\/\/api.w.org\/{rel}","templated":true}]}}