{"id":7474,"date":"2018-01-08T13:00:00","date_gmt":"2018-01-08T12:00:00","guid":{"rendered":"https:\/\/www.triforce-legend.com\/blog\/?page_id=7474"},"modified":"2018-03-09T22:32:51","modified_gmt":"2018-03-09T21:32:51","slug":"the-minish-cap","status":"publish","type":"page","link":"https:\/\/www.triforce-legend.com\/v6\/hacks\/betas\/the-minish-cap\/","title":{"rendered":"The Minish Cap"},"content":{"rendered":"<div class=\"tl-menu-article\"><div class=\"pt-cv-wrapper\"><div class=\"pt-cv-view pt-cv-grid pt-cv-colsys\" id=\"pt-cv-view-37313189hk\"><div data-id=\"pt-cv-page-1\" class=\"pt-cv-page\" data-cvc=\"2\"><div class=\"col-md-6 col-sm-6 col-xs-12 pt-cv-content-item pt-cv-1-col\" ><div class='pt-cv-ifield'><a href=\"https:\/\/www.triforce-legend.com\/v6\/tmc-derriere-le-mini-jeu-flash-sur-le-site-de-nintendo\/\" class=\"_self pt-cv-href-thumbnail pt-cv-thumb-default\" target=\"_self\" ><img loading=\"lazy\" decoding=\"async\" width=\"280\" height=\"180\" src=\"https:\/\/www.triforce-legend.com\/v6\/wp-content\/uploads\/2019\/04\/TMCFlash_map1_gen-280x180.jpg\" class=\"pt-cv-thumbnail\" alt=\"\" srcset=\"https:\/\/www.triforce-legend.com\/v6\/wp-content\/uploads\/2019\/04\/TMCFlash_map1_gen-280x180.jpg 280w, https:\/\/www.triforce-legend.com\/v6\/wp-content\/uploads\/2019\/04\/TMCFlash_map1_gen-300x194.jpg 300w, https:\/\/www.triforce-legend.com\/v6\/wp-content\/uploads\/2019\/04\/TMCFlash_map1_gen.jpg 352w\" sizes=\"auto, (max-width: 280px) 100vw, 280px\" \/><\/a>\n<h4 class=\"pt-cv-title\"><a href=\"https:\/\/www.triforce-legend.com\/v6\/tmc-derriere-le-mini-jeu-flash-sur-le-site-de-nintendo\/\" class=\"_self\" target=\"_self\" >TMC &#8211; Derri\u00e8re le mini-jeu flash sur le site de Nintendo<\/a><\/h4>\n<div class=\"pt-cv-content\">Voici une d\u00e9couverte totalement particuli\u00e8re que j'ai fait tout d\u00e9but 2014 dans The Minish Cap. Pourquoi particuli\u00e8re ? Eh bien, ...<br \/><div class=\"pt-cv-rmwrap\"><a href=\"https:\/\/www.triforce-legend.com\/v6\/tmc-derriere-le-mini-jeu-flash-sur-le-site-de-nintendo\/\" class=\"_self pt-cv-readmore btn btn-success\" target=\"_self\">Lire la suite\u2026<\/a><\/div><\/div><\/div><\/div>\n<div class=\"col-md-6 col-sm-6 col-xs-12 pt-cv-content-item pt-cv-1-col\" ><div class='pt-cv-ifield'><a href=\"https:\/\/www.triforce-legend.com\/v6\/tmc-les-endroits-inutilises\/\" class=\"_self pt-cv-href-thumbnail pt-cv-thumb-default\" target=\"_self\" ><img loading=\"lazy\" decoding=\"async\" width=\"240\" height=\"180\" src=\"https:\/\/www.triforce-legend.com\/v6\/wp-content\/uploads\/2008\/06\/TMC_Salles_61_00-240x180.png\" class=\"pt-cv-thumbnail\" alt=\"\" \/><\/a>\n<h4 class=\"pt-cv-title\"><a href=\"https:\/\/www.triforce-legend.com\/v6\/tmc-les-endroits-inutilises\/\" class=\"_self\" target=\"_self\" >TMC &#8211; Les endroits inutilis\u00e9s<\/a><\/h4>\n<div class=\"pt-cv-content\">Des endroits inutilis\u00e9s dans The Minish Cap ? Encore des endroits de ce genre dans un jeu bien r\u00e9cent ? ...<br \/><div class=\"pt-cv-rmwrap\"><a href=\"https:\/\/www.triforce-legend.com\/v6\/tmc-les-endroits-inutilises\/\" class=\"_self pt-cv-readmore btn btn-success\" target=\"_self\">Lire la suite\u2026<\/a><\/div><\/div><\/div><\/div><\/div><\/div><\/div><\/div>\n","protected":false},"excerpt":{"rendered":"","protected":false},"author":1,"featured_media":7608,"parent":221,"menu_order":0,"comment_status":"closed","ping_status":"closed","template":"","meta":{"ngg_post_thumbnail":0,"footnotes":""},"categories":[],"tags":[],"class_list":["post-7474","page","type-page","status-publish","has-post-thumbnail","hentry"],"_links":{"self":[{"href":"https:\/\/www.triforce-legend.com\/v6\/wp-json\/wp\/v2\/pages\/7474","targetHints":{"allow":["GET"]}}],"collection":[{"href":"https:\/\/www.triforce-legend.com\/v6\/wp-json\/wp\/v2\/pages"}],"about":[{"href":"https:\/\/www.triforce-legend.com\/v6\/wp-json\/wp\/v2\/types\/page"}],"author":[{"embeddable":true,"href":"https:\/\/www.triforce-legend.com\/v6\/wp-json\/wp\/v2\/users\/1"}],"replies":[{"embeddable":true,"href":"https:\/\/www.triforce-legend.com\/v6\/wp-json\/wp\/v2\/comments?post=7474"}],"version-history":[{"count":0,"href":"https:\/\/www.triforce-legend.com\/v6\/wp-json\/wp\/v2\/pages\/7474\/revisions"}],"up":[{"embeddable":true,"href":"https:\/\/www.triforce-legend.com\/v6\/wp-json\/wp\/v2\/pages\/221"}],"wp:featuredmedia":[{"embeddable":true,"href":"https:\/\/www.triforce-legend.com\/v6\/wp-json\/wp\/v2\/media\/7608"}],"wp:attachment":[{"href":"https:\/\/www.triforce-legend.com\/v6\/wp-json\/wp\/v2\/media?parent=7474"}],"wp:term":[{"taxonomy":"category","embeddable":true,"href":"https:\/\/www.triforce-legend.com\/v6\/wp-json\/wp\/v2\/categories?post=7474"},{"taxonomy":"post_tag","embeddable":true,"href":"https:\/\/www.triforce-legend.com\/v6\/wp-json\/wp\/v2\/tags?post=7474"}],"curies":[{"name":"wp","href":"https:\/\/api.w.org\/{rel}","templated":true}]}}