{"id":7643,"date":"2018-01-08T13:00:15","date_gmt":"2018-01-08T12:00:15","guid":{"rendered":"https:\/\/www.triforce-legend.com\/blog\/?page_id=7643"},"modified":"2018-03-10T13:28:52","modified_gmt":"2018-03-10T12:28:52","slug":"univers-de-zelda","status":"publish","type":"page","link":"https:\/\/www.triforce-legend.com\/v6\/articles\/univers-de-zelda\/","title":{"rendered":"Univers de Zelda"},"content":{"rendered":"<p><strong class=\"capital\">I<\/strong>ci, vous trouvez des articles sur divers sujets de cette si riche s\u00e9rie The Legend of Zelda. Si vous \u00eates inscrit sur le site de Triforce Legend, vous pouvez m\u00eame en proposer si vous avez des id\u00e9es int\u00e9ressantes \u00e9videmment.<\/p>\n<p>&nbsp;<\/p>\n<div class=\"tl-menu-article\"><div class=\"pt-cv-wrapper\"><div class=\"pt-cv-view pt-cv-grid pt-cv-colsys\" id=\"pt-cv-view-a655f4euvq\"><div data-id=\"pt-cv-page-1\" class=\"pt-cv-page\" data-cvc=\"3\"><div class=\"col-md-4 col-sm-6 col-xs-12 pt-cv-content-item pt-cv-1-col\" ><div class='pt-cv-ifield'><a href=\"https:\/\/www.triforce-legend.com\/v6\/mathematica-hyrulea-1\/\" class=\"_self pt-cv-href-thumbnail pt-cv-thumb-default\" target=\"_self\" ><img loading=\"lazy\" decoding=\"async\" width=\"150\" height=\"150\" src=\"https:\/\/www.triforce-legend.com\/v6\/wp-content\/uploads\/2020\/12\/MH_Tome1-150x150.png\" class=\"pt-cv-thumbnail\" alt=\"\" srcset=\"https:\/\/www.triforce-legend.com\/v6\/wp-content\/uploads\/2020\/12\/MH_Tome1-150x150.png 150w, https:\/\/www.triforce-legend.com\/v6\/wp-content\/uploads\/2020\/12\/MH_Tome1-300x300.png 300w, https:\/\/www.triforce-legend.com\/v6\/wp-content\/uploads\/2020\/12\/MH_Tome1.png 600w\" sizes=\"auto, (max-width: 150px) 100vw, 150px\" \/><\/a>\n<h4 class=\"pt-cv-title\"><a href=\"https:\/\/www.triforce-legend.com\/v6\/mathematica-hyrulea-1\/\" class=\"_self\" target=\"_self\" >Mathematica Hyrulea &#8211; Tome 1<\/a><\/h4>\n<div class=\"pt-cv-content\">Bonjour et bienvenue dans Mathematica Hyrulea. Vous avez peut-\u00eatre eu la chance de tester les ...<br \/><div class=\"pt-cv-rmwrap\"><a href=\"https:\/\/www.triforce-legend.com\/v6\/mathematica-hyrulea-1\/\" class=\"_self pt-cv-readmore btn btn-success\" target=\"_self\">Lire la suite\u2026<\/a><\/div><\/div><\/div><\/div>\n<div class=\"col-md-4 col-sm-6 col-xs-12 pt-cv-content-item pt-cv-1-col\" ><div class='pt-cv-ifield'><a href=\"https:\/\/www.triforce-legend.com\/v6\/monstres-et-mysteres-3\/\" class=\"_self pt-cv-href-thumbnail pt-cv-thumb-default\" target=\"_self\" ><img loading=\"lazy\" decoding=\"async\" width=\"150\" height=\"150\" src=\"https:\/\/www.triforce-legend.com\/v6\/wp-content\/uploads\/2019\/06\/Monstres_Kalamar-150x150.png\" class=\"pt-cv-thumbnail\" alt=\"\" \/><\/a>\n<h4 class=\"pt-cv-title\"><a href=\"https:\/\/www.triforce-legend.com\/v6\/monstres-et-mysteres-3\/\" class=\"_self\" target=\"_self\" >Faits sur les monstres ! #3<\/a><\/h4>\n<div class=\"pt-cv-content\">Le bestiaire de la licence ne tarit pas de monstres aux capacit\u00e9s \u00e9tonnantes ou avec ...<br \/><div class=\"pt-cv-rmwrap\"><a href=\"https:\/\/www.triforce-legend.com\/v6\/monstres-et-mysteres-3\/\" class=\"_self pt-cv-readmore btn btn-success\" target=\"_self\">Lire la suite\u2026<\/a><\/div><\/div><\/div><\/div>\n<div class=\"col-md-4 col-sm-6 col-xs-12 pt-cv-content-item pt-cv-1-col\" ><div class='pt-cv-ifield'><a href=\"https:\/\/www.triforce-legend.com\/v6\/mysteres-sur-les-personnages-etranges-2\/\" class=\"_self pt-cv-href-thumbnail pt-cv-thumb-default\" target=\"_self\" ><img loading=\"lazy\" decoding=\"async\" width=\"150\" height=\"150\" src=\"https:\/\/www.triforce-legend.com\/v6\/wp-content\/uploads\/2019\/05\/Persos_EspritHeros-150x150.png\" class=\"pt-cv-thumbnail\" alt=\"\" \/><\/a>\n<h4 class=\"pt-cv-title\"><a href=\"https:\/\/www.triforce-legend.com\/v6\/mysteres-sur-les-personnages-etranges-2\/\" class=\"_self\" target=\"_self\" >Faits sur les personnages \u00e9tranges ! #2<\/a><\/h4>\n<div class=\"pt-cv-content\">Second volet sur ces personnages myst\u00e9rieux car il en reste encore d'autres qui font toujours ...<br \/><div class=\"pt-cv-rmwrap\"><a href=\"https:\/\/www.triforce-legend.com\/v6\/mysteres-sur-les-personnages-etranges-2\/\" class=\"_self pt-cv-readmore btn btn-success\" target=\"_self\">Lire la suite\u2026<\/a><\/div><\/div><\/div><\/div>\n<div class=\"col-md-4 col-sm-6 col-xs-12 pt-cv-content-item pt-cv-1-col\" ><div class='pt-cv-ifield'><a href=\"https:\/\/www.triforce-legend.com\/v6\/twilight-princess-mon-reve-brise\/\" class=\"_self pt-cv-href-thumbnail pt-cv-thumb-default\" target=\"_self\" ><img loading=\"lazy\" decoding=\"async\" width=\"150\" height=\"150\" src=\"https:\/\/www.triforce-legend.com\/v6\/wp-content\/uploads\/2019\/05\/TP_E32004-150x150.jpg\" class=\"pt-cv-thumbnail\" alt=\"\" \/><\/a>\n<h4 class=\"pt-cv-title\"><a href=\"https:\/\/www.triforce-legend.com\/v6\/twilight-princess-mon-reve-brise\/\" class=\"_self\" target=\"_self\" >Twilight Princess, mon r\u00eave bris\u00e9&#8230;<\/a><\/h4>\n<div class=\"pt-cv-content\">Cet article \u00e9voque mon cas personnel et mon avis sur le jeu Twilight Princess. Pourquoi ...<br \/><div class=\"pt-cv-rmwrap\"><a href=\"https:\/\/www.triforce-legend.com\/v6\/twilight-princess-mon-reve-brise\/\" class=\"_self pt-cv-readmore btn btn-success\" target=\"_self\">Lire la suite\u2026<\/a><\/div><\/div><\/div><\/div>\n<div class=\"col-md-4 col-sm-6 col-xs-12 pt-cv-content-item pt-cv-1-col\" ><div class='pt-cv-ifield'><a href=\"https:\/\/www.triforce-legend.com\/v6\/mysteres-sur-les-personnages-etranges-1\/\" class=\"_self pt-cv-href-thumbnail pt-cv-thumb-default\" target=\"_self\" ><img loading=\"lazy\" decoding=\"async\" width=\"150\" height=\"150\" src=\"https:\/\/www.triforce-legend.com\/v6\/wp-content\/uploads\/2019\/05\/Persos_Kilton-150x150.png\" class=\"pt-cv-thumbnail\" alt=\"\" \/><\/a>\n<h4 class=\"pt-cv-title\"><a href=\"https:\/\/www.triforce-legend.com\/v6\/mysteres-sur-les-personnages-etranges-1\/\" class=\"_self\" target=\"_self\" >Faits sur les personnages \u00e9tranges ! #1<\/a><\/h4>\n<div class=\"pt-cv-content\">Dans la saga Zelda, il existe des personnages qui sont entour\u00e9s d'une \u00e9trange aura et ...<br \/><div class=\"pt-cv-rmwrap\"><a href=\"https:\/\/www.triforce-legend.com\/v6\/mysteres-sur-les-personnages-etranges-1\/\" class=\"_self pt-cv-readmore btn btn-success\" target=\"_self\">Lire la suite\u2026<\/a><\/div><\/div><\/div><\/div>\n<div class=\"col-md-4 col-sm-6 col-xs-12 pt-cv-content-item pt-cv-1-col\" ><div class='pt-cv-ifield'><a href=\"https:\/\/www.triforce-legend.com\/v6\/monstres-et-mysteres-2\/\" class=\"_self pt-cv-href-thumbnail pt-cv-thumb-default\" target=\"_self\" ><img loading=\"lazy\" decoding=\"async\" width=\"150\" height=\"150\" src=\"https:\/\/www.triforce-legend.com\/v6\/wp-content\/uploads\/2019\/04\/Monstres_Rok-150x150.png\" class=\"pt-cv-thumbnail\" alt=\"\" \/><\/a>\n<h4 class=\"pt-cv-title\"><a href=\"https:\/\/www.triforce-legend.com\/v6\/monstres-et-mysteres-2\/\" class=\"_self\" target=\"_self\" >Faits sur les monstres ! #2<\/a><\/h4>\n<div class=\"pt-cv-content\">Apr\u00e8s avoir parl\u00e9 bri\u00e8vement de l'un des grands types de monstres dans le premier article, ...<br \/><div class=\"pt-cv-rmwrap\"><a href=\"https:\/\/www.triforce-legend.com\/v6\/monstres-et-mysteres-2\/\" class=\"_self pt-cv-readmore btn btn-success\" target=\"_self\">Lire la suite\u2026<\/a><\/div><\/div><\/div><\/div>\n<div class=\"col-md-4 col-sm-6 col-xs-12 pt-cv-content-item pt-cv-1-col\" ><div class='pt-cv-ifield'><a href=\"https:\/\/www.triforce-legend.com\/v6\/space-world-2001-a-mort-the-wind-waker\/\" class=\"_self pt-cv-href-thumbnail pt-cv-thumb-default\" target=\"_self\" ><img loading=\"lazy\" decoding=\"async\" width=\"150\" height=\"150\" src=\"https:\/\/www.triforce-legend.com\/v6\/wp-content\/uploads\/2019\/04\/TWW_SW2001Link-150x150.png\" class=\"pt-cv-thumbnail\" alt=\"\" \/><\/a>\n<h4 class=\"pt-cv-title\"><a href=\"https:\/\/www.triforce-legend.com\/v6\/space-world-2001-a-mort-the-wind-waker\/\" class=\"_self\" target=\"_self\" >Space World 2001 : A mort The Wind Waker !<\/a><\/h4>\n<div class=\"pt-cv-content\">Cela fait partie de l'histoire de la s\u00e9rie Zelda et pourtant cette histoire a \u00e9t\u00e9 ...<br \/><div class=\"pt-cv-rmwrap\"><a href=\"https:\/\/www.triforce-legend.com\/v6\/space-world-2001-a-mort-the-wind-waker\/\" class=\"_self pt-cv-readmore btn btn-success\" target=\"_self\">Lire la suite\u2026<\/a><\/div><\/div><\/div><\/div>\n<div class=\"col-md-4 col-sm-6 col-xs-12 pt-cv-content-item pt-cv-1-col\" ><div class='pt-cv-ifield'><a href=\"https:\/\/www.triforce-legend.com\/v6\/monstres-et-mysteres-1\/\" class=\"_self pt-cv-href-thumbnail pt-cv-thumb-default\" target=\"_self\" ><img loading=\"lazy\" decoding=\"async\" width=\"150\" height=\"150\" src=\"https:\/\/www.triforce-legend.com\/v6\/wp-content\/uploads\/2019\/04\/Monstres_Camp1-150x150.png\" class=\"pt-cv-thumbnail\" alt=\"\" \/><\/a>\n<h4 class=\"pt-cv-title\"><a href=\"https:\/\/www.triforce-legend.com\/v6\/monstres-et-mysteres-1\/\" class=\"_self\" target=\"_self\" >Faits sur les monstres ! #1<\/a><\/h4>\n<div class=\"pt-cv-content\">Certains monstres montrent des capacit\u00e9s \u00e9tonnantes ou inhabituelles dans leur milieu naturel et nous allons ...<br \/><div class=\"pt-cv-rmwrap\"><a href=\"https:\/\/www.triforce-legend.com\/v6\/monstres-et-mysteres-1\/\" class=\"_self pt-cv-readmore btn btn-success\" target=\"_self\">Lire la suite\u2026<\/a><\/div><\/div><\/div><\/div>\n<div class=\"col-md-4 col-sm-6 col-xs-12 pt-cv-content-item pt-cv-1-col\" ><div class='pt-cv-ifield'><a href=\"https:\/\/www.triforce-legend.com\/v6\/souvenirs-dune-communaute-francophone-zelda\/\" class=\"_self pt-cv-href-thumbnail pt-cv-thumb-default\" target=\"_self\" ><img loading=\"lazy\" decoding=\"async\" width=\"150\" height=\"150\" src=\"https:\/\/www.triforce-legend.com\/v6\/wp-content\/uploads\/2018\/01\/ZeldaBoss_Fin-150x150.png\" class=\"pt-cv-thumbnail\" alt=\"\" \/><\/a>\n<h4 class=\"pt-cv-title\"><a href=\"https:\/\/www.triforce-legend.com\/v6\/souvenirs-dune-communaute-francophone-zelda\/\" class=\"_self\" target=\"_self\" >Souvenirs d&#8217;une communaut\u00e9 francophone Zelda&#8230;<\/a><\/h4>\n<div class=\"pt-cv-content\">Pour les plus jeunes fans Zelda n'ayant connu internet qu'\u00e0 partir des ann\u00e9es 2006\/2007, vous ...<br \/><div class=\"pt-cv-rmwrap\"><a href=\"https:\/\/www.triforce-legend.com\/v6\/souvenirs-dune-communaute-francophone-zelda\/\" class=\"_self pt-cv-readmore btn btn-success\" target=\"_self\">Lire la suite\u2026<\/a><\/div><\/div><\/div><\/div>\n<div class=\"col-md-4 col-sm-6 col-xs-12 pt-cv-content-item pt-cv-1-col\" ><div class='pt-cv-ifield'><a href=\"https:\/\/www.triforce-legend.com\/v6\/la-triforce-un-symbole\/\" class=\"_self pt-cv-href-thumbnail pt-cv-thumb-default\" target=\"_self\" ><img loading=\"lazy\" decoding=\"async\" width=\"150\" height=\"150\" src=\"https:\/\/www.triforce-legend.com\/v6\/wp-content\/uploads\/2008\/03\/Triforce10-1-150x150.png\" class=\"pt-cv-thumbnail\" alt=\"\" srcset=\"https:\/\/www.triforce-legend.com\/v6\/wp-content\/uploads\/2008\/03\/Triforce10-1-150x150.png 150w, https:\/\/www.triforce-legend.com\/v6\/wp-content\/uploads\/2008\/03\/Triforce10-1-300x297.png 300w, https:\/\/www.triforce-legend.com\/v6\/wp-content\/uploads\/2008\/03\/Triforce10-1.png 342w\" sizes=\"auto, (max-width: 150px) 100vw, 150px\" \/><\/a>\n<h4 class=\"pt-cv-title\"><a href=\"https:\/\/www.triforce-legend.com\/v6\/la-triforce-un-symbole\/\" class=\"_self\" target=\"_self\" >La Triforce : Un symbole<\/a><\/h4>\n<div class=\"pt-cv-content\">Triforce, Triforce, \u2026 Tous les joueurs de Zelda connaissent ce nom mais savez-vous d\u2019o\u00f9 il ...<br \/><div class=\"pt-cv-rmwrap\"><a href=\"https:\/\/www.triforce-legend.com\/v6\/la-triforce-un-symbole\/\" class=\"_self pt-cv-readmore btn btn-success\" target=\"_self\">Lire la suite\u2026<\/a><\/div><\/div><\/div><\/div>\n<div class=\"col-md-4 col-sm-6 col-xs-12 pt-cv-content-item pt-cv-1-col\" ><div class='pt-cv-ifield'><a href=\"https:\/\/www.triforce-legend.com\/v6\/comment-nintendo-vous-manipule\/\" class=\"_self pt-cv-href-thumbnail pt-cv-thumb-default\" target=\"_self\" ><img loading=\"lazy\" decoding=\"async\" width=\"150\" height=\"150\" src=\"https:\/\/www.triforce-legend.com\/v6\/wp-content\/uploads\/2006\/12\/WiiTP-150x150.jpg\" class=\"pt-cv-thumbnail\" alt=\"\" \/><\/a>\n<h4 class=\"pt-cv-title\"><a href=\"https:\/\/www.triforce-legend.com\/v6\/comment-nintendo-vous-manipule\/\" class=\"_self\" target=\"_self\" >Comment Nintendo vous manipule<\/a><\/h4>\n<div class=\"pt-cv-content\">C'est un fait. Chaque marque, chaque commerce cherche plus ou moins \u00e0 \u00ab manipuler \u00bb ...<br \/><div class=\"pt-cv-rmwrap\"><a href=\"https:\/\/www.triforce-legend.com\/v6\/comment-nintendo-vous-manipule\/\" class=\"_self pt-cv-readmore btn btn-success\" target=\"_self\">Lire la suite\u2026<\/a><\/div><\/div><\/div><\/div>\n<div class=\"col-md-4 col-sm-6 col-xs-12 pt-cv-content-item pt-cv-1-col\" ><div class='pt-cv-ifield'><a href=\"https:\/\/www.triforce-legend.com\/v6\/twilight-princess-et-la-wii\/\" class=\"_self pt-cv-href-thumbnail pt-cv-thumb-default\" target=\"_self\" ><img loading=\"lazy\" decoding=\"async\" width=\"150\" height=\"150\" src=\"https:\/\/www.triforce-legend.com\/v6\/wp-content\/uploads\/2006\/11\/MiniWTP-150x150.jpg\" class=\"pt-cv-thumbnail\" alt=\"\" \/><\/a>\n<h4 class=\"pt-cv-title\"><a href=\"https:\/\/www.triforce-legend.com\/v6\/twilight-princess-et-la-wii\/\" class=\"_self\" target=\"_self\" >Twilight Princess et la Wii<\/a><\/h4>\n<div class=\"pt-cv-content\">Rappelez-vous, \u00e0 l'annonce du repoussement de la sortie de Twilight Princess, des rumeurs sur une ...<br \/><div class=\"pt-cv-rmwrap\"><a href=\"https:\/\/www.triforce-legend.com\/v6\/twilight-princess-et-la-wii\/\" class=\"_self pt-cv-readmore btn btn-success\" target=\"_self\">Lire la suite\u2026<\/a><\/div><\/div><\/div><\/div><\/div><\/div>\n<div class=\" pt-cv-pagination-wrapper\"><ul class=\"pt-cv-pagination pt-cv-ajax pagination\" data-totalpages=\"2\" data-currentpage=\"1\" data-sid=\"a655f4euvq\" data-unid=\"\" data-isblock=\"\" data-postid=\"\"><li class=\"active\"><a href=\"#\">1<\/a><\/li>\n\t<li ><a class=\"\" href=\"https:\/\/www.triforce-legend.com\/v6\/wp-json\/wp\/v2\/pages\/7643\/?_page=2\">2<\/a><\/li>\n\t<li ><a class=\" \" href=\"https:\/\/www.triforce-legend.com\/v6\/wp-json\/wp\/v2\/pages\/7643\/?_page=2\">&rsaquo;<\/a><\/li>\n\t<\/ul><img loading=\"lazy\" decoding=\"async\" width=\"15\" height=\"15\" class=\"pt-cv-spinner\" alt=\"Chargement\u2026\" src=\"data:image\/gif;base64,R0lGODlhDwAPALMPAMrKygwMDJOTkz09PZWVla+vr3p6euTk5M7OzuXl5TMzMwAAAJmZmWZmZszMzP\/\/\/yH\/C05FVFNDQVBFMi4wAwEAAAAh+QQFCgAPACwAAAAADwAPAAAEQvDJaZaZOIcV8iQK8VRX4iTYoAwZ4iCYoAjZ4RxejhVNoT+mRGP4cyF4Pp0N98sBGIBMEMOotl6YZ3S61Bmbkm4mAgAh+QQFCgAPACwAAAAADQANAAAENPDJSRSZeA418itN8QiK8BiLITVsFiyBBIoYqnoewAD4xPw9iY4XLGYSjkQR4UAUD45DLwIAIfkEBQoADwAsAAAAAA8ACQAABC\/wyVlamTi3nSdgwFNdhEJgTJoNyoB9ISYoQmdjiZPcj7EYCAeCF1gEDo4Dz2eIAAAh+QQFCgAPACwCAAAADQANAAAEM\/DJBxiYeLKdX3IJZT1FU0iIg2RNKx3OkZVnZ98ToRD4MyiDnkAh6BkNC0MvsAj0kMpHBAAh+QQFCgAPACwGAAAACQAPAAAEMDC59KpFDll73HkAA2wVY5KgiK5b0RRoI6MuzG6EQqCDMlSGheEhUAgqgUUAFRySIgAh+QQFCgAPACwCAAIADQANAAAEM\/DJKZNLND\/kkKaHc3xk+QAMYDKsiaqmZCxGVjSFFCxB1vwy2oOgIDxuucxAMTAJFAJNBAAh+QQFCgAPACwAAAYADwAJAAAEMNAs86q1yaWwwv2Ig0jUZx3OYa4XoRAfwADXoAwfo1+CIjyFRuEho60aSNYlOPxEAAAh+QQFCgAPACwAAAIADQANAAAENPA9s4y8+IUVcqaWJ4qEQozSoAzoIyhCK2NFU2SJk0hNnyEOhKR2AzAAj4Pj4GE4W0bkJQIAOw==\" \/><div class=\"clear pt-cv-clear-pagination\"><\/div><\/div><\/div><\/div>\n","protected":false},"excerpt":{"rendered":"<p>Ici, vous trouvez des articles sur divers sujets de cette si riche s\u00e9rie The Legend of Zelda. Si vous \u00eates inscrit sur le site de Triforce Legend, vous pouvez m\u00eame en proposer si vous avez des id\u00e9es int\u00e9ressantes \u00e9videmment. &nbsp;<\/p>\n","protected":false},"author":1,"featured_media":0,"parent":396,"menu_order":0,"comment_status":"closed","ping_status":"closed","template":"","meta":{"ngg_post_thumbnail":0,"footnotes":""},"categories":[],"tags":[],"class_list":["post-7643","page","type-page","status-publish","hentry"],"_links":{"self":[{"href":"https:\/\/www.triforce-legend.com\/v6\/wp-json\/wp\/v2\/pages\/7643","targetHints":{"allow":["GET"]}}],"collection":[{"href":"https:\/\/www.triforce-legend.com\/v6\/wp-json\/wp\/v2\/pages"}],"about":[{"href":"https:\/\/www.triforce-legend.com\/v6\/wp-json\/wp\/v2\/types\/page"}],"author":[{"embeddable":true,"href":"https:\/\/www.triforce-legend.com\/v6\/wp-json\/wp\/v2\/users\/1"}],"replies":[{"embeddable":true,"href":"https:\/\/www.triforce-legend.com\/v6\/wp-json\/wp\/v2\/comments?post=7643"}],"version-history":[{"count":0,"href":"https:\/\/www.triforce-legend.com\/v6\/wp-json\/wp\/v2\/pages\/7643\/revisions"}],"up":[{"embeddable":true,"href":"https:\/\/www.triforce-legend.com\/v6\/wp-json\/wp\/v2\/pages\/396"}],"wp:attachment":[{"href":"https:\/\/www.triforce-legend.com\/v6\/wp-json\/wp\/v2\/media?parent=7643"}],"wp:term":[{"taxonomy":"category","embeddable":true,"href":"https:\/\/www.triforce-legend.com\/v6\/wp-json\/wp\/v2\/categories?post=7643"},{"taxonomy":"post_tag","embeddable":true,"href":"https:\/\/www.triforce-legend.com\/v6\/wp-json\/wp\/v2\/tags?post=7643"}],"curies":[{"name":"wp","href":"https:\/\/api.w.org\/{rel}","templated":true}]}}