{"id":8089,"date":"2018-01-08T13:00:57","date_gmt":"2018-01-08T12:00:57","guid":{"rendered":"https:\/\/www.triforce-legend.com\/blog\/?page_id=8089"},"modified":"2019-04-14T01:39:12","modified_gmt":"2019-04-13T23:39:12","slug":"editeurs-outils","status":"publish","type":"page","link":"https:\/\/www.triforce-legend.com\/v6\/hacks\/editeurs-outils\/","title":{"rendered":"\u00c9diteurs\/Outils"},"content":{"rendered":"<p><strong class=\"capital\">V<\/strong>oici une liste de plusieurs programmes permettant de hacker, d&#8217;extraire et de faire beaucoup d&#8217;autres choses encore sur les jeux Zelda. Pour pouvoir les utiliser, vous devez obtenir des roms et des isos des jeux dans la version demand\u00e9e (la plupart du temps Am\u00e9ricaine). Notez que cette liste se met \u00e0 jour de temps en temps.<\/p>\n<p>Veuillez faire attention \u00e0 bien copier le jeu que vous souhaitez modifier avec l&#8217;un des programmes, car une fausse manipulation est toujours possible et qu&#8217;elle est souvent irr\u00e9versible !<\/p>\n<p>&nbsp;<\/p>\n<h1 class=\"edit-menu-title\">&#8211; THE LEGEND OF ZELDA &#8211;<\/h1>\n<p><a class=\"edit-menu-link\" href=\"\/\/www.triforce-legend.com\/beta\/zelda_edit\/tloz\/zeldatech3.3.zip\">Zelda Tech<\/a><br \/>\n\u00c9diteur de cartes (Hyrule)<\/p>\n<p><a class=\"edit-menu-link\" href=\"\/\/www.triforce-legend.com\/beta\/zelda_edit\/tloz\/DungeonMaster0.1.zip\">Dungeon Master<\/a><br \/>\n\u00c9diteur de cartes (Donjons)<\/p>\n<p><a class=\"edit-menu-link\" href=\"\/\/www.triforce-legend.com\/beta\/zelda_edit\/tloz\/Zelda_NPC_Text_Editor.zip\">Zelda NPC Text Editor<\/a><br \/>\n\u00c9diteur de textes<\/p>\n<p><a class=\"edit-menu-link\" href=\"\/\/www.triforce-legend.com\/beta\/zelda_edit\/tloz\/ZSE.zip\">Zelda Story Editor<\/a><br \/>\n\u00c9diteur de textes<\/p>\n<p><a class=\"edit-menu-link\" href=\"\/\/www.triforce-legend.com\/beta\/zelda_edit\/tloz\/TheLegendOfZeldaTextEditor.zip\">The Legend of Zelda Text Editor<\/a><br \/>\n\u00c9diteur de textes<\/p>\n<p>&nbsp;<\/p>\n<hr class=\"edit-menu-bar\">\n<p>&nbsp;<\/p>\n<h1 class=\"edit-menu-title\">&#8211; THE ADVENTURE OF LINK &#8211;<\/h1>\n<p><a class=\"edit-menu-link\" href=\"\/\/www.triforce-legend.com\/beta\/zelda_edit\/taol\/zelda2_overworld_editor.exe\">Zelda 2 Overworld Editor<\/a><br \/>\n\u00c9diteur de cartes (Carte)<\/p>\n<p><a class=\"edit-menu-link\" href=\"\/\/www.triforce-legend.com\/beta\/zelda_edit\/taol\/zelda2_sideview_editor.exe\">Zelda 2 Sideview Editor<\/a><br \/>\n\u00c9diteur de cartes (Endroits)<\/p>\n<p><a class=\"edit-menu-link\" href=\"\/\/www.triforce-legend.com\/beta\/zelda_edit\/taol\/zelda2_dialog_editor.exe\">Zelda 2 Dialog Editor<\/a><br \/>\n\u00c9diteur de textes<\/p>\n<p><a class=\"edit-menu-link\" href=\"\/\/www.triforce-legend.com\/beta\/zelda_edit\/taol\/zelda2_level_up_editor.exe\">Zelda 2 Level Up Editor<\/a><br \/>\n\u00c9diteur de niveaux<\/p>\n<p><a class=\"edit-menu-link\" href=\"\/\/www.triforce-legend.com\/beta\/zelda_edit\/taol\/zeldaIINESROMtexteditor.zip\">Zelda II NES ROM Text Editor<\/a><br \/>\n\u00c9diteur de textes<\/p>\n<p><a class=\"edit-menu-link\" href=\"\/\/www.triforce-legend.com\/beta\/zelda_edit\/taol\/z2pledit.zip\">Zelda 2 Edit<\/a><br \/>\n\u00c9diteur de cartes (Tous les endroits)<\/p>\n<p>&nbsp;<\/p>\n<hr class=\"edit-menu-bar\">\n<p>&nbsp;<\/p>\n<h1 class=\"edit-menu-title\">&#8211; A LINK TO THE PAST &#8211;<\/h1>\n<p><a class=\"edit-menu-link\" href=\"\/\/www.triforce-legend.com\/beta\/zelda_edit\/alttp\/hmagic.zip\">Hyrule Magic<\/a><br \/>\n\u00c9diteur de cartes (Tous les endroits)<\/p>\n<p>&nbsp;<\/p>\n<hr class=\"edit-menu-bar\">\n<p>&nbsp;<\/p>\n<h1 class=\"edit-menu-title\">&#8211; LINK&#8217;S AWAKENING &#8211;<\/h1>\n<p><a class=\"edit-menu-link\" href=\"\/\/www.triforce-legend.com\/beta\/zelda_edit\/la\/LALE1.2.zip\">LALE<\/a><br \/>\n\u00c9diteur de cartes (Tous les endroits)<\/p>\n<p>&nbsp;<\/p>\n<hr class=\"edit-menu-bar\">\n<p>&nbsp;<\/p>\n<h1 class=\"edit-menu-title\">&#8211; BS THE LEGEND OF ZELDA MAP1 ET MAP2 &#8211;<\/h1>\n<p><a class=\"edit-menu-link\" href=\"\/\/www.triforce-legend.com\/beta\/zelda_edit\/bsz\/bszme-w11.zip\">BSZME<\/a><br \/>\n\u00c9diteur de cartes (Tous les endroits)<\/p>\n<p>&nbsp;<\/p>\n<hr class=\"edit-menu-bar\">\n<p>&nbsp;<\/p>\n<h1 class=\"edit-menu-title\">&#8211; BS ZELDA ANCIENT STONE TABLETS &#8211;<\/h1>\n<p><a class=\"edit-menu-link\" href=\"\/\/www.triforce-legend.com\/beta\/zelda_edit\/bszast\/ASTDE_V0.9a_bin.rar\">ASTDE<\/a><br \/>\n\u00c9diteur de cartes (Tous les endroits)<\/p>\n<p>&nbsp;<\/p>\n<hr class=\"edit-menu-bar\">\n<p>&nbsp;<\/p>\n<h1 class=\"edit-menu-title\">&#8211; OCARINA OF TIME ET MASTER QUEST &#8211;<\/h1>\n<p><a class=\"edit-menu-link\" href=\"\/\/www.triforce-legend.com\/beta\/zelda_edit\/oot\/SceneNavi-v10-beta10a.rar\">Scene Navi<\/a><br \/>\n\u00c9diteur de cartes (Tous les endroits)<\/p>\n<p><a class=\"edit-menu-link\" href=\"\/\/www.triforce-legend.com\/beta\/zelda_edit\/oot\/ZAO-ADD_(v1.3).zip\">ZAO-ADD<\/a><br \/>\n\u00c9diteur d&#8217;ajout d&#8217;acteurs\/objets<\/p>\n<p><a class=\"edit-menu-link\" href=\"\/\/www.triforce-legend.com\/beta\/zelda_edit\/oot\/Utility_of_Time_SVN_R10.rar\">Utility of Time<\/a><br \/>\n\u00c9diteur de cartes (Tous les endroits)<\/p>\n<p><a class=\"edit-menu-link\" href=\"\/\/www.triforce-legend.com\/beta\/zelda_edit\/oot\/ZeldaEdit_0-9-5.7z\">Zelda Edit<\/a><br \/>\nModification de la Debug Rom d&#8217;Ocarina of Time &#8211; Master Quest<\/p>\n<p><a class=\"edit-menu-link\" href=\"\/\/www.triforce-legend.com\/beta\/zelda_edit\/oot\/gzrt-win32-v0.3-pre.7z\">GZRT<\/a><br \/>\nExtracteur de fichier<\/p>\n<p><a class=\"edit-menu-link\" href=\"\/\/www.triforce-legend.com\/beta\/zelda_edit\/oot\/N64Rip.zip\">N64Rip<\/a><br \/>\nExtracteur de textures<\/p>\n<p>&nbsp;<\/p>\n<hr class=\"edit-menu-bar\">\n<p>&nbsp;<\/p>\n<h1 class=\"edit-menu-title\">&#8211; MAJORA&#8217;S MASK &#8211;<\/h1>\n<p><a class=\"edit-menu-link\" href=\"\/\/www.triforce-legend.com\/beta\/zelda_edit\/oot\/SceneNavi-v10-beta10a.rar\">Scene Navi<\/a><br \/>\n\u00c9diteur de cartes (Tous les endroits)<\/p>\n<p><a class=\"edit-menu-link\" href=\"\/\/www.triforce-legend.com\/beta\/zelda_edit\/oot\/gzrt-win32-v0.3-pre.7z\">GZRT<\/a><br \/>\nExtracteur de fichier<\/p>\n<p><a class=\"edit-menu-link\" href=\"\/\/www.triforce-legend.com\/beta\/zelda_edit\/mm\/Decompressor.rar\">Decompressor Yaz0<\/a><br \/>\nExtracteur de fichier<\/p>\n<p><a class=\"edit-menu-link\" href=\"\/\/www.triforce-legend.com\/beta\/zelda_edit\/oot\/N64Rip.zip\">N64Rip<\/a><br \/>\nExtracteur de textures<\/p>\n<p>&nbsp;<\/p>\n<hr class=\"edit-menu-bar\">\n<p>&nbsp;<\/p>\n<h1 class=\"edit-menu-title\">&#8211; ORACLE OF AGES\/SEASONS &#8211;<\/h1>\n<p><a class=\"edit-menu-link\" href=\"\/\/www.triforce-legend.com\/beta\/zelda_edit\/oos\/ZOLE_4.zip\">ZOLE<\/a><br \/>\n\u00c9diteur de cartes (Tous les endroits)<\/p>\n<p>&nbsp;<\/p>\n<hr class=\"edit-menu-bar\">\n<p>&nbsp;<\/p>\n<h1 class=\"edit-menu-title\">&#8211; THE WIND WAKER &#8211;<\/h1>\n<p><a class=\"edit-menu-link\" href=\"\/\/www.triforce-legend.com\/beta\/zelda_edit\/tww\/WindViewer_DBEdition.zip\">Wind Viewer DB Edition<\/a><br \/>\n\u00c9diteur de cartes (Tous les endroits)<\/p>\n<p><a class=\"edit-menu-link\" href=\"\/\/www.triforce-legend.com\/beta\/zelda_edit\/tww\/WWActorEdit_full.rar\">Wind Viewer<\/a><br \/>\n\u00c9diteur de cartes (Tous les endroits)<\/p>\n<p><a class=\"edit-menu-link\" href=\"\/\/www.triforce-legend.com\/beta\/zelda_edit\/tww\/WindViewer_v.0.1.0_Release.zip\">Wind Editor<\/a><br \/>\n\u00c9diteur de cartes (Tous les endroits)<\/p>\n<p><a class=\"edit-menu-link\" href=\"\/\/www.triforce-legend.com\/beta\/zelda_edit\/tww\/TWWTextEditor.exe\">TWW Text Editor<\/a><br \/>\n\u00c9diteur de textes<\/p>\n<p><a class=\"edit-menu-link\" href=\"\/\/www.triforce-legend.com\/beta\/zelda_edit\/tww\/WindWakerSongEditor.exe\">Wind Waker Song Editor<\/a><br \/>\n\u00c9diteur de m\u00e9lodies<\/p>\n<p><a class=\"edit-menu-link\" href=\"\/\/www.triforce-legend.com\/beta\/zelda_edit\/tww\/gcr_1.0.zip\">GameCube Rebuilder<\/a><br \/>\nProgramme pour modifier les isos des jeux GC<\/p>\n<p><a class=\"edit-menu-link\" href=\"\/\/www.triforce-legend.com\/beta\/zelda_edit\/tww\/Lunaboy_RARC_Tools.zip\">ARC Extract \/ ARC Pack (Lunaboy RARC Tools)<\/a><br \/>\nProgramme pour les fichiers ARC et RARC<\/p>\n<p><a class=\"edit-menu-link\" href=\"\/\/www.triforce-legend.com\/beta\/zelda_edit\/tww\/BMDview2_install.zip\">BMD View<\/a><br \/>\nProgramme pour voir les mod\u00e8les 3D de certains jeux GC<\/p>\n<p>&nbsp;<\/p>\n<hr class=\"edit-menu-bar\">\n<p>&nbsp;<\/p>\n<h1 class=\"edit-menu-title\">&#8211; FOUR SWORDS ADVENTURES &#8211;<\/h1>\n<p><a class=\"edit-menu-link\" href=\"\/\/www.triforce-legend.com\/beta\/zelda_edit\/fsa\/efsadvent_v1.1.zip\">EFSAdvent<\/a><br \/>\n\u00c9diteur de cartes (Tous les endroits)<\/p>\n<p><a class=\"edit-menu-link\" href=\"\/\/www.triforce-legend.com\/beta\/zelda_edit\/tww\/gcr_1.0.zip\">GameCube Rebuilder<\/a><br \/>\nProgramme pour modifier les isos des jeux GC<\/p>\n<p><a class=\"edit-menu-link\" href=\"\/\/www.triforce-legend.com\/beta\/zelda_edit\/tww\/Lunaboy_RARC_Tools.zip\">ARC Extract \/ ARC Pack (Lunaboy RARC Tools)<\/a><br \/>\nProgramme pour les fichiers ARC et RARC<\/p>\n<p><a class=\"edit-menu-link\" href=\"\/\/www.triforce-legend.com\/beta\/zelda_edit\/tww\/BMDview2_install.zip\">BMD View<\/a><br \/>\nProgramme pour voir les mod\u00e8les 3D de certains jeux GC<\/p>\n<p>&nbsp;<\/p>\n<hr class=\"edit-menu-bar\">\n<p>&nbsp;<\/p>\n<h1 class=\"edit-menu-title\">&#8211; THE MINISH CAP &#8211;<\/h1>\n<p><a class=\"edit-menu-link\" href=\"\/\/www.triforce-legend.com\/beta\/zelda_edit\/tmc\/MinishCapLevelEditor.zip\">Minish Cap Level Editor<\/a><br \/>\n\u00c9diteur de cartes (Tous les endroits)<\/p>\n<p>&nbsp;<\/p>\n<hr class=\"edit-menu-bar\">\n<p>&nbsp;<\/p>\n<h1 class=\"edit-menu-title\">&#8211; TWILIGHT PRINCESS &#8211;<\/h1>\n<p><a class=\"edit-menu-link\" href=\"\/\/www.triforce-legend.com\/beta\/zelda_edit\/tww\/WindViewer_DBEdition.zip\">Wind Viewer DB Edition<\/a><br \/>\n\u00c9diteur de cartes (Tous les endroits)<\/p>\n<p><a class=\"edit-menu-link\" href=\"\/\/www.triforce-legend.com\/beta\/zelda_edit\/tww\/WWActorEdit_full.rar\">Wind Viewer<\/a><br \/>\n\u00c9diteur de cartes (Tous les endroits)<\/p>\n<p><a class=\"edit-menu-link\" href=\"\/\/www.triforce-legend.com\/beta\/zelda_edit\/tww\/gcr_1.0.zip\">GameCube Rebuilder<\/a><br \/>\nProgramme pour modifier les isos des jeux GC<\/p>\n<p><a class=\"edit-menu-link\" href=\"\/\/www.triforce-legend.com\/beta\/zelda_edit\/tww\/Lunaboy_RARC_Tools.zip\">ARC Extract \/ ARC Pack (Lunaboy RARC Tools)<\/a><br \/>\nProgramme pour les fichiers ARC et RARC<\/p>\n<p><a class=\"edit-menu-link\" href=\"\/\/www.triforce-legend.com\/beta\/zelda_edit\/tww\/BMDview2_install.zip\">BMD View<\/a><br \/>\nProgramme pour voir les mod\u00e8les 3D de certains jeux GC<\/p>\n<p>&nbsp;<\/p>\n<hr class=\"edit-menu-bar\">\n<p>&nbsp;<\/p>\n<h1 class=\"edit-menu-title\">&#8211; PHANTOM HOURGLASS &#8211;<\/h1>\n<p><a class=\"edit-menu-link\" href=\"\/\/www.triforce-legend.com\/beta\/zelda_edit\/ph\/Tinke_0.8.2_x64.zip\">Tinke<\/a><br \/>\nProgramme pour voir les roms DS<\/p>\n<p>&nbsp;<\/p>\n<hr class=\"edit-menu-bar\">\n<p>&nbsp;<\/p>\n<h1 class=\"edit-menu-title\">&#8211; SPIRIT TRACKS &#8211;<\/h1>\n<p><a class=\"edit-menu-link\" href=\"\/\/www.triforce-legend.com\/beta\/zelda_edit\/ph\/Tinke_0.8.2_x64.zip\">Tinke<\/a><br \/>\nProgramme pour voir les roms DS<\/p>\n<p>&nbsp;<\/p>\n<hr class=\"edit-menu-bar\">\n<p>&nbsp;<\/p>\n<h1 class=\"edit-menu-title\">&#8211; OCARINA OF TIME 3D &#8211;<\/h1>\n<p><a class=\"edit-menu-link\" href=\"\/\/www.triforce-legend.com\/beta\/zelda_edit\/oot3d\/N3DSCmbViewer-bin-src.rar\">3DS Cmb Viewer<\/a><br \/>\nProgramme pour voir les mod\u00e8les 3D de certains jeux 3DS<\/p>\n<p><a class=\"edit-menu-link\" href=\"\/\/www.triforce-legend.com\/beta\/zelda_edit\/oot3d\/Texturipper_1.1.7z\">Texturipper<\/a><br \/>\nProgramme pour extraire les textures de certains jeux 3DS<\/p>\n<p><a class=\"edit-menu-link\" href=\"\/\/www.triforce-legend.com\/beta\/zelda_edit\/oot3d\/3dsexplorer_v1.5.3.rar\">3DS Explorer<\/a><br \/>\nProgramme pour voir les roms 3DS<\/p>\n<p>&nbsp;<\/p>\n<hr class=\"edit-menu-bar\">\n<p>&nbsp;<\/p>\n<h1 class=\"edit-menu-title\">&#8211; SKYWARD SWORD &#8211;<\/h1>\n<p><a class=\"edit-menu-link\" href=\"\/\/www.triforce-legend.com\/beta\/zelda_edit\/ss\/CTools1.00.0008_setup.exe\">CTools<\/a><br \/>\nProgramme pour des fichiers de certains jeux Wii<\/p>\n<p><a class=\"edit-menu-link\" href=\"\/\/www.triforce-legend.com\/beta\/zelda_edit\/ss\/SZSModifierSetup.zip\">SZS Modifier<\/a><br \/>\nProgramme pour lire des fichiers SZS de certains jeux Wii<\/p>\n<p><a class=\"edit-menu-link\" href=\"\/\/www.triforce-legend.com\/beta\/zelda_edit\/ss\/update_win32.7z\">Sakura Suite<\/a><br \/>\n\u00c9diteur de sauvegardes<\/p>\n<p>&nbsp;<\/p>\n<hr class=\"edit-menu-bar\">\n<p>&nbsp;<\/p>\n<h1 class=\"edit-menu-title\">&#8211; THE WIND WAKER HD &#8211;<\/h1>\n<p><a class=\"edit-menu-link\" href=\"\/\/www.triforce-legend.com\/beta\/zelda_edit\/tww\/WindViewer_DBEdition.zip\">Wind Viewer DB Edition<\/a><br \/>\n\u00c9diteur de cartes (Tous les endroits), mais en partie seulement car pas pr\u00e9vu pour cette version<\/p>\n<p><a class=\"edit-menu-link\" href=\"\/\/www.triforce-legend.com\/beta\/zelda_edit\/twwhd\/Wii_U_ripping_tools_pack.zip\">Wii U Ripping Tools Pack<\/a><br \/>\nProgrammes qui d\u00e9cryptent divers fichiers<\/p>\n<p><a class=\"edit-menu-link\" href=\"\/\/www.triforce-legend.com\/beta\/zelda_edit\/twwhd\/SARCExtract_x86_v0.5.zip\">SARC Extract<\/a><br \/>\nProgramme qui d\u00e9crypte les fichiers SARC<\/p>\n<p><a class=\"edit-menu-link\" href=\"\/\/www.triforce-legend.com\/beta\/zelda_edit\/twwhd\/BFRESExtractor.exe\">BFRES Extractor<\/a><br \/>\nProgramme qui extrait les fichiers BFRES<\/p>\n<p><a class=\"edit-menu-link\" href=\"\/\/www.triforce-legend.com\/beta\/zelda_edit\/twwhd\/WiiUExplorer_v1.0.4.0.zip\">Wii U Explorer<\/a><br \/>\nProgramme pour lire les fichiers des jeux sur Wii U<\/p>\n<p>&nbsp;<\/p>\n<hr class=\"edit-menu-bar\">\n<p>&nbsp;<\/p>\n<h1 class=\"edit-menu-title\">&#8211; A LINK BETWEEN WORLDS &#8211;<\/h1>\n<p><a class=\"edit-menu-link\" href=\"\/\/www.triforce-legend.com\/beta\/zelda_edit\/albw\/o3ds_16_04_2016.zip\">Ohana3DS<\/a><br \/>\nProgramme pour lire des mod\u00e8les et des textures de certains jeux 3DS<\/p>\n<p><a class=\"edit-menu-link\" href=\"\/\/www.triforce-legend.com\/beta\/zelda_edit\/albw\/Ohana3DS_Rebirth.zip\">Ohana3DS Rebirth<\/a><br \/>\nProgramme pour lire des mod\u00e8les et des textures de certains jeux 3DS<\/p>\n<p>&nbsp;<\/p>\n<hr class=\"edit-menu-bar\">\n<p>&nbsp;<\/p>\n<h1 class=\"edit-menu-title\">&#8211; MAJORA&#8217;S MASK 3D &#8211;<\/h1>\n<p><a class=\"edit-menu-link\" href=\"\/\/www.triforce-legend.com\/beta\/zelda_edit\/oot3d\/N3DSCmbViewer-026-unstable.rar\">3DS Cmb Viewer<\/a><br \/>\nProgramme pour voir les mod\u00e8les 3D de certains jeux 3DS<\/p>\n<p><a class=\"edit-menu-link\" href=\"\/\/www.triforce-legend.com\/beta\/zelda_edit\/oot3d\/Texturipper_1.1.7z\">Texturipper<\/a><br \/>\nProgramme pour extraire les textures de certains jeux 3DS<\/p>\n<p><a class=\"edit-menu-link\" href=\"\/\/www.triforce-legend.com\/beta\/zelda_edit\/oot3d\/3dsexplorer_v1.5.3.rar\">3DS Explorer<\/a><br \/>\nProgramme pour voir les roms 3DS<\/p>\n<p>&nbsp;<\/p>\n<hr class=\"edit-menu-bar\">\n<p>&nbsp;<\/p>\n<h1 class=\"edit-menu-title\">&#8211; TRI FORCE HEROES &#8211;<\/h1>\n<p>&nbsp;<\/p>\n<hr class=\"edit-menu-bar\">\n<p>&nbsp;<\/p>\n<h1 class=\"edit-menu-title\">&#8211; TWILIGHT PRINCESS HD &#8211;<\/h1>\n<p><a class=\"edit-menu-link\" href=\"\/\/www.triforce-legend.com\/beta\/zelda_edit\/tww\/WindViewer_DBEdition.zip\">Wind Viewer DB Edition<\/a><br \/>\n\u00c9diteur de cartes (Tous les endroits), mais en partie seulement car pas pr\u00e9vu pour cette version<\/p>\n<p><a class=\"edit-menu-link\" href=\"\/\/www.triforce-legend.com\/beta\/zelda_edit\/twwhd\/Wii_U_ripping_tools_pack.zip\">Wii U Ripping Tools Pack<\/a><br \/>\nProgrammes qui d\u00e9cryptent divers fichiers<\/p>\n<p><a class=\"edit-menu-link\" href=\"\/\/www.triforce-legend.com\/beta\/zelda_edit\/twwhd\/SARCExtract_x86_v0.5.zip\">SARC Extract<\/a><br \/>\nProgramme qui d\u00e9crypte les fichiers SARC<\/p>\n<p><a class=\"edit-menu-link\" href=\"\/\/www.triforce-legend.com\/beta\/zelda_edit\/twwhd\/BFRESExtractor.exe\">BFRES Extractor<\/a><br \/>\nProgramme qui extrait les fichiers BFRES<\/p>\n<p><a class=\"edit-menu-link\" href=\"\/\/www.triforce-legend.com\/beta\/zelda_edit\/twwhd\/WiiUExplorer_v1.0.4.0.zip\">Wii U Explorer<\/a><br \/>\nProgramme pour lire les fichiers des jeux sur Wii U<\/p>\n<p>&nbsp;<\/p>\n<hr class=\"edit-menu-bar\">\n<p>&nbsp;<\/p>\n<h1 class=\"edit-menu-title\">&#8211; BREATH OF THE WILD &#8211;<\/h1>\n<p><a class=\"edit-menu-link\" href=\"\/\/www.triforce-legend.com\/beta\/zelda_edit\/twwhd\/Wii_U_ripping_tools_pack.zip\">Wii U Ripping Tools Pack<\/a><br \/>\nProgrammes qui d\u00e9cryptent divers fichiers<\/p>\n<p><a class=\"edit-menu-link\" href=\"\/\/www.triforce-legend.com\/beta\/zelda_edit\/twwhd\/SARCExtract_x86_v0.5.zip\">SARC Extract<\/a><br \/>\nProgramme qui d\u00e9crypte les fichiers SARC<\/p>\n<p><a class=\"edit-menu-link\" href=\"\/\/www.triforce-legend.com\/beta\/zelda_edit\/twwhd\/BFRESExtractor.exe\">BFRES Extractor<\/a><br \/>\nProgramme qui extrait les fichiers BFRES<\/p>\n<p><a class=\"edit-menu-link\" href=\"\/\/www.triforce-legend.com\/beta\/zelda_edit\/twwhd\/WiiUExplorer_v1.0.4.0.zip\">Wii U Explorer<\/a><br \/>\nProgramme pour lire les fichiers des jeux sur Wii U<\/p>\n<p>&nbsp;<\/p>\n<hr class=\"edit-menu-bar\">\n<p>&nbsp;<\/p>\n<h1 class=\"edit-menu-title\">&#8211; AUTRES &#8211;<\/h1>\n<p><a class=\"edit-menu-link\" href=\"\/\/www.triforce-legend.com\/beta\/zelda_edit\/autres\/ThePeeper_1.2.zip\">The Peeper<\/a><br \/>\nProgramme cherchant des mots dans les roms de plusieurs jeux<\/p>\n","protected":false},"excerpt":{"rendered":"<p>Voici une liste de plusieurs programmes permettant de hacker, d&#8217;extraire et de faire beaucoup d&#8217;autres choses encore sur les jeux Zelda. Pour pouvoir les utiliser, vous devez obtenir des roms et des isos des jeux dans la version demand\u00e9e (la plupart du temps Am\u00e9ricaine). Notez que cette liste se met \u00e0 jour de temps en [&hellip;]<\/p>\n","protected":false},"author":1,"featured_media":0,"parent":881,"menu_order":0,"comment_status":"closed","ping_status":"closed","template":"","meta":{"ngg_post_thumbnail":0,"footnotes":""},"categories":[],"tags":[],"class_list":["post-8089","page","type-page","status-publish","hentry"],"_links":{"self":[{"href":"https:\/\/www.triforce-legend.com\/v6\/wp-json\/wp\/v2\/pages\/8089","targetHints":{"allow":["GET"]}}],"collection":[{"href":"https:\/\/www.triforce-legend.com\/v6\/wp-json\/wp\/v2\/pages"}],"about":[{"href":"https:\/\/www.triforce-legend.com\/v6\/wp-json\/wp\/v2\/types\/page"}],"author":[{"embeddable":true,"href":"https:\/\/www.triforce-legend.com\/v6\/wp-json\/wp\/v2\/users\/1"}],"replies":[{"embeddable":true,"href":"https:\/\/www.triforce-legend.com\/v6\/wp-json\/wp\/v2\/comments?post=8089"}],"version-history":[{"count":0,"href":"https:\/\/www.triforce-legend.com\/v6\/wp-json\/wp\/v2\/pages\/8089\/revisions"}],"up":[{"embeddable":true,"href":"https:\/\/www.triforce-legend.com\/v6\/wp-json\/wp\/v2\/pages\/881"}],"wp:attachment":[{"href":"https:\/\/www.triforce-legend.com\/v6\/wp-json\/wp\/v2\/media?parent=8089"}],"wp:term":[{"taxonomy":"category","embeddable":true,"href":"https:\/\/www.triforce-legend.com\/v6\/wp-json\/wp\/v2\/categories?post=8089"},{"taxonomy":"post_tag","embeddable":true,"href":"https:\/\/www.triforce-legend.com\/v6\/wp-json\/wp\/v2\/tags?post=8089"}],"curies":[{"name":"wp","href":"https:\/\/api.w.org\/{rel}","templated":true}]}}