{"id":8722,"date":"2018-01-08T13:00:14","date_gmt":"2018-01-08T12:00:14","guid":{"rendered":"https:\/\/www.triforce-legend.com\/tl_v60\/?p=8722"},"modified":"2022-04-26T15:25:25","modified_gmt":"2022-04-26T13:25:25","slug":"la-famille-tl","status":"publish","type":"page","link":"https:\/\/www.triforce-legend.com\/v6\/site\/univers-de-tl\/la-famille-tl\/","title":{"rendered":"La famille TL"},"content":{"rendered":"<p><strong class=\"capital\">T<\/strong>riforce Legend n&#8217;est certes qu&#8217;un site mais ce qui en fait son \u00e2me c&#8217;est son \u00e9quipe ou, plus pr\u00e9cis\u00e9ment, sa famille. D\u00e9couvrez sur cette page tous les membres de cette joyeuse et dingue famille, men\u00e9e par le brave prince &#8220;beaucoup trop&#8221; puant, Crottou, et la supr\u00eame Tistrya. Ne soyez pas surpris de voir des cas vraiment tr\u00e8s particuliers chez certains, ils font la magie de Triforce Legend&#8230; Oui, oui, c&#8217;est vrai, on vous le dit !<\/p>\n<p>Pour suivre leurs incroyables aventures, rendez-vous sur la zone &#8220;<a href=\"\/\/www.triforce-legend.com\/v6\/site\/univers-de-tl\/\" target=\"_blank\" rel=\"noopener noreferrer\">Univers de TL<\/a>&#8220;.<\/p>\n<p>&nbsp;<\/p>\n<h6 style=\"text-align: center;\"><a href=\"#TL_Famille\"><strong>La famille<\/strong><\/a><strong> &#8211; <a href=\"#TL_Invite\">Les invit\u00e9s<\/a><\/strong><\/h6>\n<p><a name=\"TL_Famille\"><\/a><\/p>\n<h1><span style=\"color: #808000; font-size: 24pt;\"><strong>Crottou<\/strong><\/span><\/h1>\n<h1><span style=\"font-size: 12pt;\"><strong>(Le prince qui pue grave \ud83d\udca9)<\/strong><\/span><\/h1>\n<p><img loading=\"lazy\" decoding=\"async\" class=\"alignnone\" title=\"Crottou pue comme un... Crottou !\" src=\"\/\/www.triforce-legend.com\/site\/fansday\/persos\/Crottou.jpg\" width=\"476\" height=\"450\"><br \/>\nVous l&#8217;aurez compris rien qu&#8217;\u00e0 son nom, Crottou (aka Dark Linka\u00ebl) est un jeune prince qui pue particuli\u00e8rement la&#8230; rose et il en est fier ! Ma\u00eetre de Triforce Legend depuis de longues ann\u00e9es d\u00e9sormais, il est \u00e0 la t\u00eate d&#8217;un groupe de sympathiques amis qui n&#8217;h\u00e9sitent pas \u00e0 le <del>ch\u00e2tier<\/del> v\u00e9n\u00e9rer comme il le m\u00e9rite. Pourquoi pue-t-il autant et les mouches vertes l&#8217;aiment tant ? Myst\u00e8re mais c&#8217;est ce qui fait la l\u00e9gende de ce gar\u00e7on depuis 2013 (ann\u00e9e de sa mutation puante) et dont la phrase f\u00e9tiche un peu immature est : &#8220;Prout Prout Crottou !&#8221;. XD<\/p>\n<p>&nbsp;<\/p>\n<h1><span style=\"color: #ff6600; font-size: 24pt;\"><strong>Kasuto<\/strong><\/span><\/h1>\n<h1><span style=\"font-size: 12pt;\"><strong>(La mascotte de Triforce Legend)<\/strong><\/span><\/h1>\n<p><img loading=\"lazy\" decoding=\"async\" class=\"alignnone \" title=\"Kasuto la belle mascotte de Triforce Legend !\" src=\"\/\/www.triforce-legend.com\/site\/fansday\/persos\/Kasuto.jpg\" width=\"630\" height=\"450\"><br \/>\nGrande guerri\u00e8re Hylienne vivant chez les Gerudos depuis toute petite et tr\u00e8s respect\u00e9e dans le royaume d&#8217;Hyrule. Elle passe souvent rendre visite \u00e0 la famille Triforce Legend qui est un peu la sienne en m\u00eame temps. Certains gar\u00e7ons sont tr\u00e8s attir\u00e9s par elle, ce qu&#8217;elle appr\u00e9cie beaucoup&#8230; Elle a le titre de &#8220;Mascotte de Triforce Legend&#8221; depuis tr\u00e8s longtemps maintenant et cela n&#8217;a pas toujours \u00e9t\u00e9 tr\u00e8s facile pour elle quand certains anciens membres la prenaient pour cible afin de la taquiner.<\/p>\n<p>&nbsp;<\/p>\n<h1><span style=\"color: #00ccff; font-size: 24pt;\"><strong>Midna 63<\/strong><\/span><\/h1>\n<h1><span style=\"font-size: 12pt;\"><strong>(La patronne et fouetteuse officielle)<\/strong><\/span><\/h1>\n<p><img loading=\"lazy\" decoding=\"async\" class=\"alignnone\" title=\"Tistrya impose le respect !\" src=\"\/\/www.triforce-legend.com\/site\/fansday\/persos\/Tistrya.jpg\" width=\"639\" height=\"450\"><br \/>\nMidna63 a rejoint l&#8217;\u00e9quipe du site en 2013. Destin\u00e9e \u00e0 remettre un peu d&#8217;ordre sur Triforce Legend, elle \u00e9paule <del>Sa Seigneurerie Linka\u00ebl<\/del> Crottou dans sa t\u00e2che depuis lors. Grammar Nazi dans l&#8217;\u00e2me, elle traque les fautes du site. En parall\u00e8le, elle \u00e9crit et dessine. Gare \u00e0 vous si vous l&#8217;emb\u00eatez un peu trop, vous go\u00fbterez de son fouet&#8230; \u00e8_\u00e8<\/p>\n<p>&nbsp;<\/p>\n<h1><span style=\"color: #993300; font-size: 24pt;\"><strong>Zelkys<\/strong><\/span><\/h1>\n<h1><span style=\"font-size: 12pt;\"><strong>(Le doyen de la famille)<\/strong><\/span><\/h1>\n<p><img loading=\"lazy\" decoding=\"async\" class=\"alignnone\" title=\"Zelkys est le doyen de TL et il est fier !\" src=\"\/\/www.triforce-legend.com\/site\/fansday\/persos\/Zelkys.jpg\" width=\"621\" height=\"450\"><br \/>\nZelkys est le plus ancien membre de la famille Triforce Legend, c&#8217;est donc le doyen, un titre dont il est fier. C&#8217;est un speedrunner dans l&#8217;\u00e2me et il est tr\u00e8s souvent occup\u00e9 \u00e0 s\u2019entra\u00eener des heures \u00e0 battre des records dans plusieurs jeux y compris Zelda (\u00e7a c&#8217;est un ordre de Crottou). C&#8217;est aussi un admirateur de la dessinatrice Zeldapeach depuis de tr\u00e8s nombreuses ann\u00e9es maintenant. Sinon c&#8217;est un gar\u00e7on assez cool mais il ne faut quand m\u00eame pas trop le chauffer, sa grosse \u00e9p\u00e9e est l\u00e0 pour le rappeler !<\/p>\n<p>&nbsp;<\/p>\n<h1><span style=\"color: #cc99ff; font-size: 24pt;\"><strong>Zeldapeach<\/strong><\/span><\/h1>\n<h1><span style=\"font-size: 12pt;\"><strong>(La pirate folle)<\/strong><\/span><\/h1>\n<p><img loading=\"lazy\" decoding=\"async\" class=\"alignnone\" title=\"Zeldapeach la pirate folle !\" src=\"\/\/www.triforce-legend.com\/site\/fansday\/persos\/Zeldapeach.jpg\" width=\"632\" height=\"450\"><br \/>\nCette tr\u00e8s fi\u00e8re pirate est une des doyennes de la famille Triforce Legend, mais c&#8217;est aussi une folle, une dingue m\u00eame ! Elle est capable on ne sait comment de lancer des montagnes et quelques fois des volcans sur ceux qui l&#8217;agacent comme Crottou ou encore TheTivador&#8230; Ne cherchez pas \u00e0 comprendre ! En dehors de ses moments de folies, elle passe son temps \u00e0 dessiner, un talent qu&#8217;elle refuse de reconna\u00eetre malgr\u00e9 ses nombreux admirateurs. Pour dire, une ancienne membre de la famille &#8220;Linoa&#8221; \u00e9tait pr\u00eate \u00e0 lui l\u00e9cher les pieds pour lui faire comprendre qu&#8217;elle \u00e9tait en admiration totale devant ses &#8220;mauvaises&#8221; \u0153uvres ! O_o<\/p>\n<p>&nbsp;<\/p>\n<h1><span style=\"color: #ff9900; font-size: 24pt;\"><strong>Amnaysia<\/strong><\/span><\/h1>\n<h1><span style=\"font-size: 12pt;\"><strong>(La sainte D\u00e9esse dessinatrice)<\/strong><\/span><\/h1>\n<p><img loading=\"lazy\" decoding=\"async\" class=\"alignnone\" title=\"Amnaysia c'est la D\u00e9esse pour certains...\" src=\"\/\/www.triforce-legend.com\/site\/fansday\/persos\/Amnaysia.jpg\" width=\"636\" height=\"450\"><br \/>\nProvenant d&#8217;un monde lointain, Amnaysia a de suite rejoint l&#8217;\u00e9quipe en tant que dessinatrice. Elle aime lancer des projets de dessins collectifs, et par-dessus tout travailler sur sa bande dessin\u00e9e. Au fil du temps, elle s&#8217;est auto-proclam\u00e9e chef de l&#8217;\u00e9quipe des Fan Arts, m\u00eame si elle n&#8217;a pas eu \u00e0 donner des directives depuis d\u00e9j\u00e0 longtemps. Avec la r\u00e9ouverture du site, elle compte bien vous surprendre avec ses id\u00e9es, et vous faire r\u00eaver avec ses couleurs !<\/p>\n<p>&nbsp;<\/p>\n<h1><span style=\"color: #999999; font-size: 24pt;\"><strong>Poignant<\/strong><\/span><\/h1>\n<h1><span style=\"font-size: 12pt;\"><strong>(Le &#8220;Poignant&#8221; de la famille)<\/strong><\/span><\/h1>\n<p><img loading=\"lazy\" decoding=\"async\" class=\"alignnone \" title=\"Poignant est un... Poignant simplement !\" src=\"\/\/www.triforce-legend.com\/site\/fansday\/persos\/Poignant.jpg\" width=\"622\" height=\"450\"><br \/>\nDans les profondeurs de Triforce Legend, bien en-dessous des \u00e9gouts puants o\u00f9 vit le brave Crottou se trouve Poignant (ou Dead Hand c&#8217;est au choix)&#8230; Non pas le Poignant dans Ocarina of Time qui est ultra moche ! Il sort rarement de ces lieux et se fait discret comme certains membres de la famille Triforce Legend. N\u00e9anmoins, il est consid\u00e9r\u00e9 comme le plus grand protecteur de la <del>D\u00e9esse<\/del> dessinatrice Amnaysia. L&#8217;un de ses passes-temps favoris, c&#8217;est de faire vroum-vroum avec des jeux de course&#8230; Quoi ? Un Poignant qui fait de la course automobile c&#8217;est possible, non ?<\/p>\n<p>&nbsp;<\/p>\n<h1><span style=\"color: #3366ff; font-size: 24pt;\"><strong>Carmina<\/strong><\/span><\/h1>\n<h1><span style=\"font-size: 12pt;\"><strong>(La fille venant du ciel)<\/strong><\/span><\/h1>\n<p><img loading=\"lazy\" decoding=\"async\" class=\"alignnone\" title=\"Carmina la fille qui vient du ciel.\" src=\"\/\/www.triforce-legend.com\/site\/fansday\/persos\/Carmina.jpg\" width=\"615\" height=\"450\"><br \/>\nExploratrice dans l&#8217;\u00e2me, cette jeune femme ail\u00e9e venant d&#8217;une \u00eele c\u00e9leste inconnue (Shitoro ?) a d\u00e9barqu\u00e9 et int\u00e9gr\u00e9 l&#8217;\u00e9quipe de Triforce Legend depuis 2011. Carmina est tr\u00e8s sympathique et se lie ais\u00e9ment d&#8217;amiti\u00e9 avec n&#8217;importe qui, pourvu que l&#8217;on ne se montre pas rude ou le d\u00e9mon qui se cache en elle pourrait s&#8217;\u00e9veiller et vous jouer de vilains gags. Elle tient \u00e9norm\u00e9ment \u00e0 ce que ses ailes restent propres et blanches. Dans le cas contraire qui sait ce qu&#8217;elle serait capable de faire, surtout \u00e0 notre cher Crottou et sa puanteur l\u00e9gendaire !<\/p>\n<p>&nbsp;<\/p>\n<h1><span style=\"color: #0000ff; font-size: 24pt;\"><strong>Ced<\/strong><\/span><\/h1>\n<h1><span style=\"font-size: 12pt;\"><strong>(Le tr\u00e8s lointain Zora)<\/strong><\/span><\/h1>\n<p><img loading=\"lazy\" decoding=\"async\" class=\"alignnone\" title=\"Ced le seul Zora de TL.\" src=\"\/\/www.triforce-legend.com\/site\/fansday\/persos\/Ced.jpg\" width=\"621\" height=\"450\"><br \/>\nCe Zora s\u2019est retrouv\u00e9 membre par erreur apr\u00e8s un concours de circonstance tr\u00e8s \u00e9trange. Il vit \u00e0 l\u2019\u00e9cart des autres membres, principalement d\u00fb au fait qu\u2019il se cache dans le grand Nord, mais sa passion et son envie de bien faire n\u2019en sont pas moins bien r\u00e9elles. Il a r\u00e9cemment remplac\u00e9 sa guitare pour une lance, certains pensent qu\u2019il a fait ceci pour sauter dans l\u2019action, mais d\u2019autres pensent plus simplement qu\u2019il a oubli\u00e9 o\u00f9 il a rang\u00e9 son instrument apr\u00e8s une trop longue pause. Quoiqu\u2019il en soit, attendez-vous \u00e0 le retrouver plus actif que jamais ! (\u00e0 moins que le froid ait raison de lui, mais le froid n\u2019a jamais arr\u00eat\u00e9 un Zora\u2026 n\u2019est-ce pas?)<\/p>\n<p>&nbsp;<\/p>\n<h1><span style=\"color: #666699; font-size: 24pt;\"><strong>Sani<\/strong><\/span><\/h1>\n<h1><span style=\"font-size: 12pt;\"><strong>(Le fant\u00f4me de la famille)<\/strong><\/span><\/h1>\n<p><img loading=\"lazy\" decoding=\"async\" class=\"alignnone \" title=\"Sani est tr\u00e8s difficile \u00e0 trouver...\" src=\"\/\/www.triforce-legend.com\/site\/fansday\/persos\/Sani.jpg\" width=\"635\" height=\"450\"><br \/>\nEn fait, vous ne saurez jamais qui est r\u00e9ellement ce membre de la famille Triforce Legend, car il est particuli\u00e8rement discret, voire compliqu\u00e9 \u00e0 trouver. La seule chose qu&#8217;on sait de lui, c&#8217;est qu&#8217;il aime certains types de langages comme&#8230; Le HTML, le PHP ou le CSS par exemple&#8230; Huh quoi ?!<\/p>\n<p>&nbsp;<\/p>\n<h1><span style=\"color: #339966; font-size: 24pt;\"><strong>BokMoblin<\/strong><\/span><\/h1>\n<h1><span style=\"font-size: 12pt;\"><strong>(Le Blin \u00e0 l&#8217;esprit cr\u00e9atif)<\/strong><\/span><\/h1>\n<p><img loading=\"lazy\" decoding=\"async\" class=\"alignnone\" title=\"BokMoblin et sa grande passion pour divers monstres.\" src=\"\/\/www.triforce-legend.com\/site\/fansday\/persos\/Bokmoblin.jpg\" width=\"491\" height=\"450\"><br \/>\nBokMoblin est un dessinateur qui a rejoint Triforce Legend depuis 2014, devenu un grand fan de monstres au point de cr\u00e9er les Orcblins, sa propre race mais en a fait \u00e9voluer d&#8217;autres ! Adepte du yaoi, ses gar\u00e7ons sont \u00e9videmment \u00e0 l&#8217;honneur pour ce registre mais dans le cadre officiel du site, ses travaux portent sur les strips.<\/p>\n<p>&nbsp;<\/p>\n<h1><span style=\"color: #008080; font-size: 24pt;\"><strong>TheTivador<\/strong><\/span><\/h1>\n<h1><span style=\"font-size: 12pt;\"><strong>(Le Magnifique de la famille)<\/strong><\/span><\/h1>\n<p><img loading=\"lazy\" decoding=\"async\" class=\"alignnone\" title=\"TheTivador la Magnifique Personne de la famille TL.\" src=\"\/\/www.triforce-legend.com\/site\/fansday\/persos\/Tivador.jpg\" width=\"593\" height=\"450\"><br \/>\nTheTivador est principalement un r\u00e9dacteur mais il est \u00e9galement un dessinateur (mais de fa\u00e7on tr\u00e8s irr\u00e9guli\u00e8re). Il est \u00e9galement le bras droit de Crottou (et en est tr\u00e8s fier) et c&#8217;est \u00e9galement lui qui s&#8217;occupe des r\u00e9seaux-sociaux la plupart du temps. C&#8217;\u00e9tait le plus jeune de l&#8217;\u00e9quipe et le dernier \u00e0 \u00eatre arriv\u00e9 (Juillet 2014) pendant plusieurs ann\u00e9es avant l&#8217;arriv\u00e9e d&#8217;A\u00e9lia en 2019. C&#8217;est un grand fan de Doctor Who comme vous pouvez le voir \u00e0 sa tenue. Il adore taquiner les autres membres de l&#8217;\u00e9quipe et se pla\u00eet \u00e0 se consid\u00e9rer comme \u00e9tant Grand et Magnifique. Enfin, il est un grand amateur de musique et pratique du piano depuis l&#8217;\u00e2ge de 7 ans.<\/p>\n<p>&nbsp;<\/p>\n<h1><span style=\"color: #cc9762; font-size: 24pt;\"><strong>A\u00e9lia<\/strong><\/span><\/h1>\n<h1><span style=\"font-size: 12pt;\"><strong>(La guerri\u00e8re Gerudo de la famille)<\/strong><\/span><\/h1>\n<p><img loading=\"lazy\" decoding=\"async\" class=\"alignnone\" title=\"A\u00e9lia la Gerudo de la famille.\" src=\"\/\/www.triforce-legend.com\/site\/fansday\/persos\/Aelia.jpg\" width=\"632\" height=\"450\"><br \/>\nPetite \u00e9crivaine parmi les Gerudos, A\u00e9lia fait partie des derniers arriv\u00e9s dans l\u2019\u00e9quipe de Triforce Legend et s\u2019occupe de la section Fan Fictions. Malgr\u00e9 son sabre toujours affut\u00e9, c\u2019est une gentille Gerudo qui est souvent en train de r\u00eavasser sous le ciel \u00e9toil\u00e9 du d\u00e9sert. Elle aime plus que tout inventer des histoires, autant sur le monde d\u2019Hyrule et que sur ses propres univers. \u00c9lev\u00e9e chez les Gerudos depuis toute petite, Kasuto appr\u00e9cie beaucoup A\u00e9lia qui la consid\u00e8re comme une soeur, elles sont donc tr\u00e8s proches. Elle a aussi des liens avec Puissance Zelda.<\/p>\n<p>&nbsp;<\/p>\n<h1><span style=\"color: #808080; font-size: 24pt;\"><strong>Achileus<\/strong><\/span><\/h1>\n<h1><span style=\"font-size: 12pt;\"><strong>(Le gar\u00e7on assez taquin)<\/strong><\/span><\/h1>\n<p><img loading=\"lazy\" decoding=\"async\" class=\"alignnone\" title=\"Achileus est un petit taquin.\" src=\"\/\/www.triforce-legend.com\/site\/fansday\/persos\/Achileus.jpg\" width=\"638\" height=\"450\"><br \/>\nAchileus est un r\u00e9dacteur d\u00e9butant qui est d&#8217;abord venu dans l&#8217;optique d&#8217;emb\u00eater A\u00e9lia, puis il s&#8217;est rendu compte que le QG de Triforce Legend \u00e9tait chauff\u00e9, alors il a d\u00e9cid\u00e9 de s&#8217;installer et d&#8217;\u00e9crire des articles. Il est fan de beaucoup de choses, notamment Fullmetal Alchemist comme en atteste sa pp, mais aussi en vrac, Darkest Minds, The Dark Knight, le Ch\u00e2teau dans le Ciel, et plus encore. Il a beau \u00eatre narcissique au possible, il a quelques bons penchants&#8230; Enfin, il para\u00eet ! Il a aussi des liens avec Puissance Zelda.<\/p>\n<p>&nbsp;<br \/>\n<a name=\"TL_Invite\"><\/a><\/p>\n<h1 class=\"subject-title\">Les invit\u00e9s de Triforce Legend<\/h1>\n<p>Il n&#8217;y a pas que la famille, il y a aussi les invit\u00e9s et des anciens membres de la famille qui viennent rendre visite \u00e0 Triforce Legend, leur seconde maison en quelque sorte !<\/p>\n<h1><span style=\"color: #99cc00; font-size: 24pt;\"><strong>Totidoki<\/strong><\/span><\/h1>\n<h1><span style=\"font-size: 12pt;\"><strong>(Le h\u00e9ros qui se prend des vents)<\/strong><\/span><\/h1>\n<p><img loading=\"lazy\" decoding=\"async\" class=\"alignnone\" title=\"Totidoki, le H\u00e9ros des Vents.\" src=\"\/\/www.triforce-legend.com\/site\/fansday\/persos\/Totidoki.jpg\" width=\"640\" height=\"450\"><br \/>\nTotidoki est un sympathique Kokiri r\u00e9put\u00e9 pour se prendre des vents par la plupart des personnes qu&#8217;il conna\u00eet. Il \u00e9tait autrefois le bras droit de Crottou (il est d&#8217;ailleurs \u00e0 l&#8217;origine de ce nom pour le prince puant de Triforce Legend) avant de partir pour un tr\u00e8s long voyage de quelques ann\u00e9es, l&#8217;obligeant \u00e0 quitter sa seconde famille. C&#8217;est aussi le p\u00e8re spirituel de TheTivador.<\/p>\n<p>&nbsp;<\/p>\n<h1><span style=\"color: #bd492a; font-size: 24pt;\"><strong>Chompir<\/strong><\/span><\/h1>\n<h1><span style=\"font-size: 12pt;\"><strong>(Le grand Piaf g\u00e9n\u00e9reux de Puissance Zelda)<\/strong><\/span><\/h1>\n<p><img loading=\"lazy\" decoding=\"async\" class=\"alignnone \" title=\"Chompir est un Piaf tr\u00e8s g\u00e9n\u00e9reux !\" src=\"\/\/www.triforce-legend.com\/site\/fansday\/persos\/Chompir.jpg\" width=\"633\" height=\"450\"><br \/>\nChompir est un membre de Puissance Zelda venu en Avril 2019 et fut tellement vite et bien int\u00e9gr\u00e9 qu&#8217;il d\u00e9cida d&#8217;aider \u00e0 l&#8217;occasion de la V6.5. On raconte que depuis il continue d&#8217;aider. Grand fan de Zelda, il adule Scaff et les Piafs si bien qu&#8217;il en est un lui-m\u00eame.<\/p>\n","protected":false},"excerpt":{"rendered":"<p>Triforce Legend n&#8217;est certes qu&#8217;un site mais ce qui en fait son \u00e2me c&#8217;est son \u00e9quipe ou, plus pr\u00e9cis\u00e9ment, sa famille. D\u00e9couvrez sur cette page tous les membres de cette joyeuse et dingue famille, men\u00e9e par le brave prince &#8220;beaucoup trop&#8221; puant, Crottou, et la supr\u00eame Tistrya. Ne soyez pas surpris de voir des cas [&hellip;]<\/p>\n","protected":false},"author":1,"featured_media":0,"parent":887,"menu_order":0,"comment_status":"closed","ping_status":"closed","template":"","meta":{"ngg_post_thumbnail":0,"footnotes":""},"categories":[47,91],"tags":[],"class_list":["post-8722","page","type-page","status-publish","hentry","category-site","category-univers-de-tl"],"_links":{"self":[{"href":"https:\/\/www.triforce-legend.com\/v6\/wp-json\/wp\/v2\/pages\/8722","targetHints":{"allow":["GET"]}}],"collection":[{"href":"https:\/\/www.triforce-legend.com\/v6\/wp-json\/wp\/v2\/pages"}],"about":[{"href":"https:\/\/www.triforce-legend.com\/v6\/wp-json\/wp\/v2\/types\/page"}],"author":[{"embeddable":true,"href":"https:\/\/www.triforce-legend.com\/v6\/wp-json\/wp\/v2\/users\/1"}],"replies":[{"embeddable":true,"href":"https:\/\/www.triforce-legend.com\/v6\/wp-json\/wp\/v2\/comments?post=8722"}],"version-history":[{"count":2,"href":"https:\/\/www.triforce-legend.com\/v6\/wp-json\/wp\/v2\/pages\/8722\/revisions"}],"predecessor-version":[{"id":10786,"href":"https:\/\/www.triforce-legend.com\/v6\/wp-json\/wp\/v2\/pages\/8722\/revisions\/10786"}],"up":[{"embeddable":true,"href":"https:\/\/www.triforce-legend.com\/v6\/wp-json\/wp\/v2\/pages\/887"}],"wp:attachment":[{"href":"https:\/\/www.triforce-legend.com\/v6\/wp-json\/wp\/v2\/media?parent=8722"}],"wp:term":[{"taxonomy":"category","embeddable":true,"href":"https:\/\/www.triforce-legend.com\/v6\/wp-json\/wp\/v2\/categories?post=8722"},{"taxonomy":"post_tag","embeddable":true,"href":"https:\/\/www.triforce-legend.com\/v6\/wp-json\/wp\/v2\/tags?post=8722"}],"curies":[{"name":"wp","href":"https:\/\/api.w.org\/{rel}","templated":true}]}}