{"id":877,"date":"2018-01-08T13:00:23","date_gmt":"2018-01-08T12:00:23","guid":{"rendered":"https:\/\/www.triforce-legend.com\/blog\/?page_id=877"},"modified":"2019-03-20T13:50:21","modified_gmt":"2019-03-20T12:50:21","slug":"site","status":"publish","type":"page","link":"https:\/\/www.triforce-legend.com\/v6\/site\/","title":{"rendered":"Site"},"content":{"rendered":"<div class=\"tl-menu-table\">\n<h1 class=\"tl-menu-title\"><a href=\"\/\/www.triforce-legend.com\/v6\/site\/equipe-du-site\/\">\u00c9quipe du site<\/a><\/h1>\n<p>La liste compl\u00e8te des membres de l&#8217;\u00e9quipe travaillant sur le site Triforce Legend.<\/p>\n<\/div>\n<div class=\"tl-menu-table\">\n<h1 class=\"tl-menu-title\"><a href=\"\/\/www.triforce-legend.com\/v6\/site\/passe-du-site\/\">Pass\u00e9 du site<\/a><\/h1>\n<p>Triforce Legend, c&#8217;est une histoire qui remonte \u00e0 2002. C&#8217;est ici que vous pouvez d\u00e9couvrir son pass\u00e9.<\/p>\n<\/div>\n<div class=\"tl-menu-table\">\n<h1 class=\"tl-menu-title\"><a href=\"\/\/www.triforce-legend.com\/v6\/site\/univers-de-tl\/\">Univers de TL<\/a><\/h1>\n<p>Si Triforce Legend est avant tout un site, c&#8217;est \u00e9galement une \u00e9quipe d\u00e9lirante. D\u00e9couvrez leur univers et leur vie.<\/p>\n<\/div>\n<div class=\"tl-menu-table\">\n<h1 class=\"tl-menu-title\"><a href=\"\/\/www.triforce-legend.com\/v6\/site\/concours\/\">Concours<\/a><\/h1>\n<p>Vous aimez les comp\u00e9titions comme les concours ? C&#8217;est ici que \u00e7a se passe chers fans de Zelda !<\/p>\n<\/div>\n<div class=\"tl-menu-table\">\n<h1 class=\"tl-menu-title\"><a href=\"\/\/www.triforce-legend.com\/v6\/site\/interviews\/\">Interviews<\/a><\/h1>\n<p>Triforce Legend s&#8217;int\u00e9resse \u00e9galement \u00e0 ce qui se passe en dehors.<\/p>\n<\/div>\n","protected":false},"excerpt":{"rendered":"<p>\u00c9quipe du site La liste compl\u00e8te des membres de l&#8217;\u00e9quipe travaillant sur le site Triforce Legend. Pass\u00e9 du site Triforce Legend, c&#8217;est une histoire qui remonte \u00e0 2002. C&#8217;est ici que vous pouvez d\u00e9couvrir son pass\u00e9. Univers de TL Si Triforce Legend est avant tout un site, c&#8217;est \u00e9galement une \u00e9quipe d\u00e9lirante. D\u00e9couvrez leur univers [&hellip;]<\/p>\n","protected":false},"author":1,"featured_media":0,"parent":0,"menu_order":0,"comment_status":"closed","ping_status":"closed","template":"","meta":{"ngg_post_thumbnail":0,"footnotes":""},"categories":[42],"tags":[],"class_list":["post-877","page","type-page","status-publish","hentry","category-zone"],"_links":{"self":[{"href":"https:\/\/www.triforce-legend.com\/v6\/wp-json\/wp\/v2\/pages\/877","targetHints":{"allow":["GET"]}}],"collection":[{"href":"https:\/\/www.triforce-legend.com\/v6\/wp-json\/wp\/v2\/pages"}],"about":[{"href":"https:\/\/www.triforce-legend.com\/v6\/wp-json\/wp\/v2\/types\/page"}],"author":[{"embeddable":true,"href":"https:\/\/www.triforce-legend.com\/v6\/wp-json\/wp\/v2\/users\/1"}],"replies":[{"embeddable":true,"href":"https:\/\/www.triforce-legend.com\/v6\/wp-json\/wp\/v2\/comments?post=877"}],"version-history":[{"count":0,"href":"https:\/\/www.triforce-legend.com\/v6\/wp-json\/wp\/v2\/pages\/877\/revisions"}],"wp:attachment":[{"href":"https:\/\/www.triforce-legend.com\/v6\/wp-json\/wp\/v2\/media?parent=877"}],"wp:term":[{"taxonomy":"category","embeddable":true,"href":"https:\/\/www.triforce-legend.com\/v6\/wp-json\/wp\/v2\/categories?post=877"},{"taxonomy":"post_tag","embeddable":true,"href":"https:\/\/www.triforce-legend.com\/v6\/wp-json\/wp\/v2\/tags?post=877"}],"curies":[{"name":"wp","href":"https:\/\/api.w.org\/{rel}","templated":true}]}}