{"id":881,"date":"2018-01-08T13:00:43","date_gmt":"2018-01-08T12:00:43","guid":{"rendered":"https:\/\/www.triforce-legend.com\/blog\/?page_id=881"},"modified":"2019-03-20T13:57:08","modified_gmt":"2019-03-20T12:57:08","slug":"hacks","status":"publish","type":"page","link":"https:\/\/www.triforce-legend.com\/v6\/hacks\/","title":{"rendered":"Hacks"},"content":{"rendered":"<div class=\"tl-menu-table\">\n<h1 class=\"tl-menu-title\"><a href=\"\/\/www.triforce-legend.com\/v6\/hacks\/betas\/\">Betas<\/a><\/h1>\n<p>D\u00e9couvrez ce que les jeux Zelda cachent au plus profond de leurs donn\u00e9es, elles r\u00e9v\u00e8lent tr\u00e8s souvent une histoire sur leur pass\u00e9.<\/p>\n<\/div>\n<div class=\"tl-menu-table\">\n<h1 class=\"tl-menu-title\"><a href=\"\/\/www.triforce-legend.com\/v6\/hacks\/decouvertes\/\">D\u00e9couvertes<\/a><\/h1>\n<p>La s\u00e9rie The Legend of Zelda r\u00e9serve parfois des surprises, d\u00e9couvrez-en dans cette partie du site.<\/p>\n<\/div>\n<div class=\"tl-menu-table\">\n<h1 class=\"tl-menu-title\"><a href=\"\/\/www.triforce-legend.com\/v6\/hacks\/aprentissage\/\">Apprentissage<\/a><\/h1>\n<p>Envie de hacker des jeux Zelda \u00e0 un niveau novice ? Voici quelques tutos pour vous aider \u00e0 comprendre comment modifier le fonctionnement d&#8217;un jeu.<\/p>\n<\/div>\n<div class=\"tl-menu-table\">\n<h1 class=\"tl-menu-title\"><a href=\"\/\/www.triforce-legend.com\/v6\/hacks\/editeurs-outils\/\">\u00c9diteurs\/Outils<\/a><\/h1>\n<p>Retrouvez ici les divers \u00e9diteurs pour hacker et faire son propre Zelda \u00e0 partir d&#8217;une rom.<\/p>\n<\/div>\n","protected":false},"excerpt":{"rendered":"<p>Betas D\u00e9couvrez ce que les jeux Zelda cachent au plus profond de leurs donn\u00e9es, elles r\u00e9v\u00e8lent tr\u00e8s souvent une histoire sur leur pass\u00e9. D\u00e9couvertes La s\u00e9rie The Legend of Zelda r\u00e9serve parfois des surprises, d\u00e9couvrez-en dans cette partie du site. Apprentissage Envie de hacker des jeux Zelda \u00e0 un niveau novice ? Voici quelques tutos [&hellip;]<\/p>\n","protected":false},"author":1,"featured_media":0,"parent":0,"menu_order":0,"comment_status":"closed","ping_status":"closed","template":"","meta":{"ngg_post_thumbnail":0,"footnotes":""},"categories":[42],"tags":[],"class_list":["post-881","page","type-page","status-publish","hentry","category-zone"],"_links":{"self":[{"href":"https:\/\/www.triforce-legend.com\/v6\/wp-json\/wp\/v2\/pages\/881","targetHints":{"allow":["GET"]}}],"collection":[{"href":"https:\/\/www.triforce-legend.com\/v6\/wp-json\/wp\/v2\/pages"}],"about":[{"href":"https:\/\/www.triforce-legend.com\/v6\/wp-json\/wp\/v2\/types\/page"}],"author":[{"embeddable":true,"href":"https:\/\/www.triforce-legend.com\/v6\/wp-json\/wp\/v2\/users\/1"}],"replies":[{"embeddable":true,"href":"https:\/\/www.triforce-legend.com\/v6\/wp-json\/wp\/v2\/comments?post=881"}],"version-history":[{"count":0,"href":"https:\/\/www.triforce-legend.com\/v6\/wp-json\/wp\/v2\/pages\/881\/revisions"}],"wp:attachment":[{"href":"https:\/\/www.triforce-legend.com\/v6\/wp-json\/wp\/v2\/media?parent=881"}],"wp:term":[{"taxonomy":"category","embeddable":true,"href":"https:\/\/www.triforce-legend.com\/v6\/wp-json\/wp\/v2\/categories?post=881"},{"taxonomy":"post_tag","embeddable":true,"href":"https:\/\/www.triforce-legend.com\/v6\/wp-json\/wp\/v2\/tags?post=881"}],"curies":[{"name":"wp","href":"https:\/\/api.w.org\/{rel}","templated":true}]}}