{"id":883,"date":"2018-01-08T13:00:16","date_gmt":"2018-01-08T12:00:16","guid":{"rendered":"https:\/\/www.triforce-legend.com\/blog\/?page_id=883"},"modified":"2019-03-20T13:58:41","modified_gmt":"2019-03-20T12:58:41","slug":"jeux","status":"publish","type":"page","link":"https:\/\/www.triforce-legend.com\/v6\/jeux\/","title":{"rendered":"Jeux"},"content":{"rendered":"<div class=\"tl-menu-table\">\n<h1 class=\"tl-menu-title\"><a href=\"\/\/www.triforce-legend.com\/v6\/jeux\/jeux-amateurs\/\">Jeux amateurs<\/a><\/h1>\n<p>Des passionn\u00e9s la s\u00e9rie Zelda imitent Nintendo en r\u00e9alisant leur(s) propre(s) jeu(x) des aventures du jeune h\u00e9ros Link.<\/p>\n<\/div>\n","protected":false},"excerpt":{"rendered":"<p>Jeux amateurs Des passionn\u00e9s la s\u00e9rie Zelda imitent Nintendo en r\u00e9alisant leur(s) propre(s) jeu(x) des aventures du jeune h\u00e9ros Link.<\/p>\n","protected":false},"author":1,"featured_media":0,"parent":0,"menu_order":0,"comment_status":"closed","ping_status":"closed","template":"","meta":{"ngg_post_thumbnail":0,"footnotes":""},"categories":[42],"tags":[],"class_list":["post-883","page","type-page","status-publish","hentry","category-zone"],"_links":{"self":[{"href":"https:\/\/www.triforce-legend.com\/v6\/wp-json\/wp\/v2\/pages\/883","targetHints":{"allow":["GET"]}}],"collection":[{"href":"https:\/\/www.triforce-legend.com\/v6\/wp-json\/wp\/v2\/pages"}],"about":[{"href":"https:\/\/www.triforce-legend.com\/v6\/wp-json\/wp\/v2\/types\/page"}],"author":[{"embeddable":true,"href":"https:\/\/www.triforce-legend.com\/v6\/wp-json\/wp\/v2\/users\/1"}],"replies":[{"embeddable":true,"href":"https:\/\/www.triforce-legend.com\/v6\/wp-json\/wp\/v2\/comments?post=883"}],"version-history":[{"count":0,"href":"https:\/\/www.triforce-legend.com\/v6\/wp-json\/wp\/v2\/pages\/883\/revisions"}],"wp:attachment":[{"href":"https:\/\/www.triforce-legend.com\/v6\/wp-json\/wp\/v2\/media?parent=883"}],"wp:term":[{"taxonomy":"category","embeddable":true,"href":"https:\/\/www.triforce-legend.com\/v6\/wp-json\/wp\/v2\/categories?post=883"},{"taxonomy":"post_tag","embeddable":true,"href":"https:\/\/www.triforce-legend.com\/v6\/wp-json\/wp\/v2\/tags?post=883"}],"curies":[{"name":"wp","href":"https:\/\/api.w.org\/{rel}","templated":true}]}}